{"id":1370,"date":"2023-07-18T16:38:43","date_gmt":"2023-07-18T16:38:43","guid":{"rendered":"https:\/\/metropol-hotel-new.ms2.decms.eu\/?page_id=1370"},"modified":"2025-04-03T13:06:57","modified_gmt":"2025-04-03T13:06:57","slug":"premium_rooms_with_old_town_view","status":"publish","type":"page","link":"https:\/\/www.metropolhotel.ee\/en\/rooms\/premium_rooms_with_old_town_view\/","title":{"rendered":"Premium rooms with Old Town view"},"content":{"rendered":"<p>Nestled on the top floors of the hotel, the <em>Premium<\/em> rooms offer an unrivalled experience that combines cosiness with a captivating view of Tallinn Old Town. Whether you&#8217;re travelling for business or leisure, the <em>Premium<\/em> rooms ensure an unforgettable stay that will leave you with cherished memories for years to come.<\/p>\n","protected":false},"excerpt":{"rendered":"<p>Nestled on the top floors of the hotel, the Premium rooms offer an unrivalled experience that combines cosiness with a captivating view of Tallinn Old Town. Whether you&#8217;re travelling for business or leisure, the Premium rooms ensure an unforgettable stay that will leave you with cherished memories for years to come.<\/p>\n","protected":false},"author":12,"featured_media":0,"parent":1356,"menu_order":14,"comment_status":"closed","ping_status":"closed","template":"template-single-room.php","meta":{"footnotes":""},"class_list":["post-1370","page","type-page","status-publish","hentry"],"yoast_head":"<!-- This site is optimized with the Yoast SEO plugin v27.3 - https:\/\/yoast.com\/product\/yoast-seo-wordpress\/ -->\n<title>Premium with Old Town view | Metropol Hotel in Tallinn<\/title>\n<meta name=\"description\" content=\"Nestled on the top floors of the hotel, the Premium rooms combines cosiness with a captivating view of Tallinn Old Town.\" \/>\n<meta name=\"robots\" content=\"index, follow, max-snippet:-1, max-image-preview:large, max-video-preview:-1\" \/>\n<link rel=\"canonical\" href=\"https:\/\/www.metropolhotel.ee\/en\/rooms\/premium_rooms_with_old_town_view\/\" \/>\n<meta property=\"og:locale\" content=\"en_US\" \/>\n<meta property=\"og:type\" content=\"article\" \/>\n<meta property=\"og:title\" content=\"Premium with Old Town view | Metropol Hotel in Tallinn\" \/>\n<meta property=\"og:description\" content=\"Nestled on the top floors of the hotel, the Premium rooms combines cosiness with a captivating view of Tallinn Old Town.\" \/>\n<meta property=\"og:url\" content=\"https:\/\/www.metropolhotel.ee\/en\/rooms\/premium_rooms_with_old_town_view\/\" \/>\n<meta property=\"og:site_name\" content=\"Metropol Hotel\" \/>\n<meta property=\"article:publisher\" content=\"https:\/\/www.facebook.com\/MetropolSpaHotel\/\" \/>\n<meta property=\"article:modified_time\" content=\"2025-04-03T13:06:57+00:00\" \/>\n<meta property=\"og:image\" content=\"https:\/\/www.metropolhotel.ee\/wp-content\/uploads\/sites\/160\/2023\/08\/metropole_spa_hotel_slide_02.jpg\" \/>\n\t<meta property=\"og:image:width\" content=\"2200\" \/>\n\t<meta property=\"og:image:height\" content=\"1200\" \/>\n\t<meta property=\"og:image:type\" content=\"image\/jpeg\" \/>\n<meta name=\"twitter:card\" content=\"summary_large_image\" \/>\n<meta name=\"twitter:label1\" content=\"Est. reading time\" \/>\n\t<meta name=\"twitter:data1\" content=\"1 minute\" \/>\n<script type=\"application\/ld+json\" class=\"yoast-schema-graph\">{\"@context\":\"https:\\\/\\\/schema.org\",\"@graph\":[{\"@type\":\"WebPage\",\"@id\":\"https:\\\/\\\/www.metropolhotel.ee\\\/en\\\/rooms\\\/premium_rooms_with_old_town_view\\\/\",\"url\":\"https:\\\/\\\/www.metropolhotel.ee\\\/en\\\/rooms\\\/premium_rooms_with_old_town_view\\\/\",\"name\":\"Premium with Old Town view | Metropol Hotel in Tallinn\",\"isPartOf\":{\"@id\":\"https:\\\/\\\/www.metropolhotel.ee\\\/en\\\/#website\"},\"datePublished\":\"2023-07-18T16:38:43+00:00\",\"dateModified\":\"2025-04-03T13:06:57+00:00\",\"description\":\"Nestled on the top floors of the hotel, the Premium rooms combines cosiness with a captivating view of Tallinn Old Town.\",\"breadcrumb\":{\"@id\":\"https:\\\/\\\/www.metropolhotel.ee\\\/en\\\/rooms\\\/premium_rooms_with_old_town_view\\\/#breadcrumb\"},\"inLanguage\":\"en-US\",\"potentialAction\":[{\"@type\":\"ReadAction\",\"target\":[\"https:\\\/\\\/www.metropolhotel.ee\\\/en\\\/rooms\\\/premium_rooms_with_old_town_view\\\/\"]}]},{\"@type\":\"BreadcrumbList\",\"@id\":\"https:\\\/\\\/www.metropolhotel.ee\\\/en\\\/rooms\\\/premium_rooms_with_old_town_view\\\/#breadcrumb\",\"itemListElement\":[{\"@type\":\"ListItem\",\"position\":1,\"name\":\"Rooms\",\"item\":\"https:\\\/\\\/www.metropolhotel.ee\\\/en\\\/rooms\\\/\"},{\"@type\":\"ListItem\",\"position\":2,\"name\":\"Premium rooms with Old Town view\"}]},{\"@type\":\"WebSite\",\"@id\":\"https:\\\/\\\/www.metropolhotel.ee\\\/en\\\/#website\",\"url\":\"https:\\\/\\\/www.metropolhotel.ee\\\/en\\\/\",\"name\":\"Metropol Hotel\",\"description\":\"Metropol Hotels pakub unikaalset hotellielamust Tallinna uues linnas\u00fcdames. Ideaalne valik \u00e4ri-, konverentsi- v\u00f5i puhkusereisiks!\",\"publisher\":{\"@id\":\"https:\\\/\\\/www.metropolhotel.ee\\\/en\\\/#organization\"},\"alternateName\":\"Metropol Hotel\",\"potentialAction\":[{\"@type\":\"SearchAction\",\"target\":{\"@type\":\"EntryPoint\",\"urlTemplate\":\"https:\\\/\\\/www.metropolhotel.ee\\\/en\\\/?s={search_term_string}\"},\"query-input\":{\"@type\":\"PropertyValueSpecification\",\"valueRequired\":true,\"valueName\":\"search_term_string\"}}],\"inLanguage\":\"en-US\"},{\"@type\":\"Organization\",\"@id\":\"https:\\\/\\\/www.metropolhotel.ee\\\/en\\\/#organization\",\"name\":\"Metropol Hotel\",\"alternateName\":\"Metropol Hotel\",\"url\":\"https:\\\/\\\/www.metropolhotel.ee\\\/en\\\/\",\"logo\":{\"@type\":\"ImageObject\",\"inLanguage\":\"en-US\",\"@id\":\"https:\\\/\\\/www.metropolhotel.ee\\\/en\\\/#\\\/schema\\\/logo\\\/image\\\/\",\"url\":\"https:\\\/\\\/metropol-hotel-new.ms2.decms.eu\\\/wp-content\\\/uploads\\\/sites\\\/160\\\/2024\\\/09\\\/Metropol_Hotel_hor_.png\",\"contentUrl\":\"https:\\\/\\\/metropol-hotel-new.ms2.decms.eu\\\/wp-content\\\/uploads\\\/sites\\\/160\\\/2024\\\/09\\\/Metropol_Hotel_hor_.png\",\"width\":230,\"height\":82,\"caption\":\"Metropol Hotel\"},\"image\":{\"@id\":\"https:\\\/\\\/www.metropolhotel.ee\\\/en\\\/#\\\/schema\\\/logo\\\/image\\\/\"},\"sameAs\":[\"https:\\\/\\\/www.facebook.com\\\/MetropolSpaHotel\\\/\",\"https:\\\/\\\/www.youtube.com\\\/@metropolhotels4972\"]}]}<\/script>\n<!-- \/ Yoast SEO plugin. -->","yoast_head_json":{"title":"Premium with Old Town view | Metropol Hotel in Tallinn","description":"Nestled on the top floors of the hotel, the Premium rooms combines cosiness with a captivating view of Tallinn Old Town.","robots":{"index":"index","follow":"follow","max-snippet":"max-snippet:-1","max-image-preview":"max-image-preview:large","max-video-preview":"max-video-preview:-1"},"canonical":"https:\/\/www.metropolhotel.ee\/en\/rooms\/premium_rooms_with_old_town_view\/","og_locale":"en_US","og_type":"article","og_title":"Premium with Old Town view | Metropol Hotel in Tallinn","og_description":"Nestled on the top floors of the hotel, the Premium rooms combines cosiness with a captivating view of Tallinn Old Town.","og_url":"https:\/\/www.metropolhotel.ee\/en\/rooms\/premium_rooms_with_old_town_view\/","og_site_name":"Metropol Hotel","article_publisher":"https:\/\/www.facebook.com\/MetropolSpaHotel\/","article_modified_time":"2025-04-03T13:06:57+00:00","og_image":[{"width":2200,"height":1200,"url":"https:\/\/www.metropolhotel.ee\/wp-content\/uploads\/sites\/160\/2023\/08\/metropole_spa_hotel_slide_02.jpg","type":"image\/jpeg"}],"twitter_card":"summary_large_image","twitter_misc":{"Est. reading time":"1 minute"},"schema":{"@context":"https:\/\/schema.org","@graph":[{"@type":"WebPage","@id":"https:\/\/www.metropolhotel.ee\/en\/rooms\/premium_rooms_with_old_town_view\/","url":"https:\/\/www.metropolhotel.ee\/en\/rooms\/premium_rooms_with_old_town_view\/","name":"Premium with Old Town view | Metropol Hotel in Tallinn","isPartOf":{"@id":"https:\/\/www.metropolhotel.ee\/en\/#website"},"datePublished":"2023-07-18T16:38:43+00:00","dateModified":"2025-04-03T13:06:57+00:00","description":"Nestled on the top floors of the hotel, the Premium rooms combines cosiness with a captivating view of Tallinn Old Town.","breadcrumb":{"@id":"https:\/\/www.metropolhotel.ee\/en\/rooms\/premium_rooms_with_old_town_view\/#breadcrumb"},"inLanguage":"en-US","potentialAction":[{"@type":"ReadAction","target":["https:\/\/www.metropolhotel.ee\/en\/rooms\/premium_rooms_with_old_town_view\/"]}]},{"@type":"BreadcrumbList","@id":"https:\/\/www.metropolhotel.ee\/en\/rooms\/premium_rooms_with_old_town_view\/#breadcrumb","itemListElement":[{"@type":"ListItem","position":1,"name":"Rooms","item":"https:\/\/www.metropolhotel.ee\/en\/rooms\/"},{"@type":"ListItem","position":2,"name":"Premium rooms with Old Town view"}]},{"@type":"WebSite","@id":"https:\/\/www.metropolhotel.ee\/en\/#website","url":"https:\/\/www.metropolhotel.ee\/en\/","name":"Metropol Hotel","description":"Metropol Hotels pakub unikaalset hotellielamust Tallinna uues linnas\u00fcdames. Ideaalne valik \u00e4ri-, konverentsi- v\u00f5i puhkusereisiks!","publisher":{"@id":"https:\/\/www.metropolhotel.ee\/en\/#organization"},"alternateName":"Metropol Hotel","potentialAction":[{"@type":"SearchAction","target":{"@type":"EntryPoint","urlTemplate":"https:\/\/www.metropolhotel.ee\/en\/?s={search_term_string}"},"query-input":{"@type":"PropertyValueSpecification","valueRequired":true,"valueName":"search_term_string"}}],"inLanguage":"en-US"},{"@type":"Organization","@id":"https:\/\/www.metropolhotel.ee\/en\/#organization","name":"Metropol Hotel","alternateName":"Metropol Hotel","url":"https:\/\/www.metropolhotel.ee\/en\/","logo":{"@type":"ImageObject","inLanguage":"en-US","@id":"https:\/\/www.metropolhotel.ee\/en\/#\/schema\/logo\/image\/","url":"https:\/\/metropol-hotel-new.ms2.decms.eu\/wp-content\/uploads\/sites\/160\/2024\/09\/Metropol_Hotel_hor_.png","contentUrl":"https:\/\/metropol-hotel-new.ms2.decms.eu\/wp-content\/uploads\/sites\/160\/2024\/09\/Metropol_Hotel_hor_.png","width":230,"height":82,"caption":"Metropol Hotel"},"image":{"@id":"https:\/\/www.metropolhotel.ee\/en\/#\/schema\/logo\/image\/"},"sameAs":["https:\/\/www.facebook.com\/MetropolSpaHotel\/","https:\/\/www.youtube.com\/@metropolhotels4972"]}]}},"acf":[],"_links":{"self":[{"href":"https:\/\/www.metropolhotel.ee\/en\/wp-json\/wp\/v2\/pages\/1370","targetHints":{"allow":["GET"]}}],"collection":[{"href":"https:\/\/www.metropolhotel.ee\/en\/wp-json\/wp\/v2\/pages"}],"about":[{"href":"https:\/\/www.metropolhotel.ee\/en\/wp-json\/wp\/v2\/types\/page"}],"author":[{"embeddable":true,"href":"https:\/\/www.metropolhotel.ee\/en\/wp-json\/wp\/v2\/users\/12"}],"replies":[{"embeddable":true,"href":"https:\/\/www.metropolhotel.ee\/en\/wp-json\/wp\/v2\/comments?post=1370"}],"version-history":[{"count":0,"href":"https:\/\/www.metropolhotel.ee\/en\/wp-json\/wp\/v2\/pages\/1370\/revisions"}],"up":[{"embeddable":true,"href":"https:\/\/www.metropolhotel.ee\/en\/wp-json\/wp\/v2\/pages\/1356"}],"wp:attachment":[{"href":"https:\/\/www.metropolhotel.ee\/en\/wp-json\/wp\/v2\/media?parent=1370"}],"curies":[{"name":"wp","href":"https:\/\/api.w.org\/{rel}","templated":true}]}}