{"id":1385,"date":"2024-03-06T13:56:57","date_gmt":"2024-03-06T13:56:57","guid":{"rendered":"https:\/\/metropol-hotel-new.ms2.decms.eu\/?page_id=1385"},"modified":"2024-09-25T10:32:59","modified_gmt":"2024-09-25T10:32:59","slug":"food-for-thought-in-the-morning","status":"publish","type":"page","link":"https:\/\/www.metropolhotel.ee\/en\/conference-rooms\/food-for-thought-in-the-morning\/","title":{"rendered":"FOOD FOR THOUGHT IN THE MORNING"},"content":{"rendered":"<p class=\"p1\">Kick-start your eventful day with a generous breakfast buffet in the hotel\u2019s first-floor restaurant.<\/p>\n<p class=\"p1\">A healthy breakfast in a cosy setting overlooking Rotermann makes for a perfect start to a perfect day.<\/p>\n","protected":false},"excerpt":{"rendered":"<p>Kick-start your eventful day with a generous breakfast buffet in the hotel\u2019s first-floor restaurant. A healthy breakfast in a cosy setting overlooking Rotermann makes for a perfect start to a perfect day.<\/p>\n","protected":false},"author":12,"featured_media":0,"parent":1380,"menu_order":101,"comment_status":"closed","ping_status":"closed","template":"template-single-spa.php","meta":{"footnotes":""},"yoast_head":"<!-- This site is optimized with the Yoast SEO plugin v22.3 - https:\/\/yoast.com\/wordpress\/plugins\/seo\/ -->\n<title>FOOD FOR THOUGHT IN THE MORNING - Metropol Hotel<\/title>\n<meta name=\"description\" content=\"Kick-start your eventful day with a generous breakfast buffet in the hotel\u2019s first-floor restaurant. A healthy breakfast in a cosy setting overlooking Rotermann makes for a perfect start to a perfect day..\" \/>\n<meta name=\"robots\" content=\"index, follow, max-snippet:-1, max-image-preview:large, max-video-preview:-1\" \/>\n<link rel=\"canonical\" href=\"https:\/\/www.metropolhotel.ee\/en\/conference-rooms\/food-for-thought-in-the-morning\/\" \/>\n<meta property=\"og:locale\" content=\"en_US\" \/>\n<meta property=\"og:type\" content=\"article\" \/>\n<meta property=\"og:title\" content=\"FOOD FOR THOUGHT IN THE MORNING - Metropol Hotel\" \/>\n<meta property=\"og:description\" content=\"Kick-start your eventful day with a generous breakfast buffet in the hotel\u2019s first-floor restaurant. A healthy breakfast in a cosy setting overlooking Rotermann makes for a perfect start to a perfect day..\" \/>\n<meta property=\"og:url\" content=\"https:\/\/www.metropolhotel.ee\/en\/conference-rooms\/food-for-thought-in-the-morning\/\" \/>\n<meta property=\"og:site_name\" content=\"Metropol Hotel\" \/>\n<meta property=\"article:publisher\" content=\"https:\/\/www.facebook.com\/MetropolSpaHotel\/\" \/>\n<meta property=\"article:modified_time\" content=\"2024-09-25T10:32:59+00:00\" \/>\n<meta property=\"og:image\" content=\"https:\/\/www.metropolhotel.ee\/wp-content\/uploads\/sites\/160\/2023\/08\/metropole_spa_hotel_slide_02.jpg\" \/>\n\t<meta property=\"og:image:width\" content=\"2200\" \/>\n\t<meta property=\"og:image:height\" content=\"1200\" \/>\n\t<meta property=\"og:image:type\" content=\"image\/jpeg\" \/>\n<meta name=\"twitter:card\" content=\"summary_large_image\" \/>\n<meta name=\"twitter:label1\" content=\"Est. reading time\" \/>\n\t<meta name=\"twitter:data1\" content=\"1 minute\" \/>\n<script type=\"application\/ld+json\" class=\"yoast-schema-graph\">{\"@context\":\"https:\/\/schema.org\",\"@graph\":[{\"@type\":\"WebPage\",\"@id\":\"https:\/\/www.metropolhotel.ee\/en\/conference-rooms\/food-for-thought-in-the-morning\/\",\"url\":\"https:\/\/www.metropolhotel.ee\/en\/conference-rooms\/food-for-thought-in-the-morning\/\",\"name\":\"FOOD FOR THOUGHT IN THE MORNING - Metropol Hotel\",\"isPartOf\":{\"@id\":\"https:\/\/www.metropolhotel.ee\/en\/#website\"},\"datePublished\":\"2024-03-06T13:56:57+00:00\",\"dateModified\":\"2024-09-25T10:32:59+00:00\",\"description\":\"Kick-start your eventful day with a generous breakfast buffet in the hotel\u2019s first-floor restaurant. A healthy breakfast in a cosy setting overlooking Rotermann makes for a perfect start to a perfect day. .\",\"breadcrumb\":{\"@id\":\"https:\/\/www.metropolhotel.ee\/en\/conference-rooms\/food-for-thought-in-the-morning\/#breadcrumb\"},\"inLanguage\":\"en-US\",\"potentialAction\":[{\"@type\":\"ReadAction\",\"target\":[\"https:\/\/www.metropolhotel.ee\/en\/conference-rooms\/food-for-thought-in-the-morning\/\"]}]},{\"@type\":\"BreadcrumbList\",\"@id\":\"https:\/\/www.metropolhotel.ee\/en\/conference-rooms\/food-for-thought-in-the-morning\/#breadcrumb\",\"itemListElement\":[{\"@type\":\"ListItem\",\"position\":1,\"name\":\"Conference rooms\",\"item\":\"https:\/\/www.metropolhotel.ee\/en\/conference-rooms\/\"},{\"@type\":\"ListItem\",\"position\":2,\"name\":\"FOOD FOR THOUGHT IN THE MORNING\"}]},{\"@type\":\"WebSite\",\"@id\":\"https:\/\/www.metropolhotel.ee\/en\/#website\",\"url\":\"https:\/\/www.metropolhotel.ee\/en\/\",\"name\":\"Metropol Hotel\",\"description\":\"Metropol Hotels pakub unikaalset hotellielamust Tallinna uues linnas\u00fcdames. Ideaalne valik \u00e4ri-, konverentsi- v\u00f5i puhkusereisiks!\",\"publisher\":{\"@id\":\"https:\/\/www.metropolhotel.ee\/en\/#organization\"},\"alternateName\":\"Metropol Hotel\",\"potentialAction\":[{\"@type\":\"SearchAction\",\"target\":{\"@type\":\"EntryPoint\",\"urlTemplate\":\"https:\/\/www.metropolhotel.ee\/en\/?s={search_term_string}\"},\"query-input\":\"required name=search_term_string\"}],\"inLanguage\":\"en-US\"},{\"@type\":\"Organization\",\"@id\":\"https:\/\/www.metropolhotel.ee\/en\/#organization\",\"name\":\"Metropol Hotel\",\"alternateName\":\"Metropol Hotel\",\"url\":\"https:\/\/www.metropolhotel.ee\/en\/\",\"logo\":{\"@type\":\"ImageObject\",\"inLanguage\":\"en-US\",\"@id\":\"https:\/\/www.metropolhotel.ee\/en\/#\/schema\/logo\/image\/\",\"url\":\"https:\/\/metropol-hotel-new.ms2.decms.eu\/wp-content\/uploads\/sites\/160\/2024\/09\/Metropol_Hotel_hor_.png\",\"contentUrl\":\"https:\/\/metropol-hotel-new.ms2.decms.eu\/wp-content\/uploads\/sites\/160\/2024\/09\/Metropol_Hotel_hor_.png\",\"width\":230,\"height\":82,\"caption\":\"Metropol Hotel\"},\"image\":{\"@id\":\"https:\/\/www.metropolhotel.ee\/en\/#\/schema\/logo\/image\/\"},\"sameAs\":[\"https:\/\/www.facebook.com\/MetropolSpaHotel\/\",\"https:\/\/www.youtube.com\/@metropolhotels4972\"]}]}<\/script>\n<!-- \/ Yoast SEO plugin. -->","yoast_head_json":{"title":"FOOD FOR THOUGHT IN THE MORNING - Metropol Hotel","description":"Kick-start your eventful day with a generous breakfast buffet in the hotel\u2019s first-floor restaurant. A healthy breakfast in a cosy setting overlooking Rotermann makes for a perfect start to a perfect day..","robots":{"index":"index","follow":"follow","max-snippet":"max-snippet:-1","max-image-preview":"max-image-preview:large","max-video-preview":"max-video-preview:-1"},"canonical":"https:\/\/www.metropolhotel.ee\/en\/conference-rooms\/food-for-thought-in-the-morning\/","og_locale":"en_US","og_type":"article","og_title":"FOOD FOR THOUGHT IN THE MORNING - Metropol Hotel","og_description":"Kick-start your eventful day with a generous breakfast buffet in the hotel\u2019s first-floor restaurant. A healthy breakfast in a cosy setting overlooking Rotermann makes for a perfect start to a perfect day..","og_url":"https:\/\/www.metropolhotel.ee\/en\/conference-rooms\/food-for-thought-in-the-morning\/","og_site_name":"Metropol Hotel","article_publisher":"https:\/\/www.facebook.com\/MetropolSpaHotel\/","article_modified_time":"2024-09-25T10:32:59+00:00","og_image":[{"width":2200,"height":1200,"url":"https:\/\/www.metropolhotel.ee\/wp-content\/uploads\/sites\/160\/2023\/08\/metropole_spa_hotel_slide_02.jpg","type":"image\/jpeg"}],"twitter_card":"summary_large_image","twitter_misc":{"Est. reading time":"1 minute"},"schema":{"@context":"https:\/\/schema.org","@graph":[{"@type":"WebPage","@id":"https:\/\/www.metropolhotel.ee\/en\/conference-rooms\/food-for-thought-in-the-morning\/","url":"https:\/\/www.metropolhotel.ee\/en\/conference-rooms\/food-for-thought-in-the-morning\/","name":"FOOD FOR THOUGHT IN THE MORNING - Metropol Hotel","isPartOf":{"@id":"https:\/\/www.metropolhotel.ee\/en\/#website"},"datePublished":"2024-03-06T13:56:57+00:00","dateModified":"2024-09-25T10:32:59+00:00","description":"Kick-start your eventful day with a generous breakfast buffet in the hotel\u2019s first-floor restaurant. A healthy breakfast in a cosy setting overlooking Rotermann makes for a perfect start to a perfect day. .","breadcrumb":{"@id":"https:\/\/www.metropolhotel.ee\/en\/conference-rooms\/food-for-thought-in-the-morning\/#breadcrumb"},"inLanguage":"en-US","potentialAction":[{"@type":"ReadAction","target":["https:\/\/www.metropolhotel.ee\/en\/conference-rooms\/food-for-thought-in-the-morning\/"]}]},{"@type":"BreadcrumbList","@id":"https:\/\/www.metropolhotel.ee\/en\/conference-rooms\/food-for-thought-in-the-morning\/#breadcrumb","itemListElement":[{"@type":"ListItem","position":1,"name":"Conference rooms","item":"https:\/\/www.metropolhotel.ee\/en\/conference-rooms\/"},{"@type":"ListItem","position":2,"name":"FOOD FOR THOUGHT IN THE MORNING"}]},{"@type":"WebSite","@id":"https:\/\/www.metropolhotel.ee\/en\/#website","url":"https:\/\/www.metropolhotel.ee\/en\/","name":"Metropol Hotel","description":"Metropol Hotels pakub unikaalset hotellielamust Tallinna uues linnas\u00fcdames. Ideaalne valik \u00e4ri-, konverentsi- v\u00f5i puhkusereisiks!","publisher":{"@id":"https:\/\/www.metropolhotel.ee\/en\/#organization"},"alternateName":"Metropol Hotel","potentialAction":[{"@type":"SearchAction","target":{"@type":"EntryPoint","urlTemplate":"https:\/\/www.metropolhotel.ee\/en\/?s={search_term_string}"},"query-input":"required name=search_term_string"}],"inLanguage":"en-US"},{"@type":"Organization","@id":"https:\/\/www.metropolhotel.ee\/en\/#organization","name":"Metropol Hotel","alternateName":"Metropol Hotel","url":"https:\/\/www.metropolhotel.ee\/en\/","logo":{"@type":"ImageObject","inLanguage":"en-US","@id":"https:\/\/www.metropolhotel.ee\/en\/#\/schema\/logo\/image\/","url":"https:\/\/metropol-hotel-new.ms2.decms.eu\/wp-content\/uploads\/sites\/160\/2024\/09\/Metropol_Hotel_hor_.png","contentUrl":"https:\/\/metropol-hotel-new.ms2.decms.eu\/wp-content\/uploads\/sites\/160\/2024\/09\/Metropol_Hotel_hor_.png","width":230,"height":82,"caption":"Metropol Hotel"},"image":{"@id":"https:\/\/www.metropolhotel.ee\/en\/#\/schema\/logo\/image\/"},"sameAs":["https:\/\/www.facebook.com\/MetropolSpaHotel\/","https:\/\/www.youtube.com\/@metropolhotels4972"]}]}},"acf":[],"_links":{"self":[{"href":"https:\/\/www.metropolhotel.ee\/en\/wp-json\/wp\/v2\/pages\/1385"}],"collection":[{"href":"https:\/\/www.metropolhotel.ee\/en\/wp-json\/wp\/v2\/pages"}],"about":[{"href":"https:\/\/www.metropolhotel.ee\/en\/wp-json\/wp\/v2\/types\/page"}],"author":[{"embeddable":true,"href":"https:\/\/www.metropolhotel.ee\/en\/wp-json\/wp\/v2\/users\/12"}],"replies":[{"embeddable":true,"href":"https:\/\/www.metropolhotel.ee\/en\/wp-json\/wp\/v2\/comments?post=1385"}],"version-history":[{"count":0,"href":"https:\/\/www.metropolhotel.ee\/en\/wp-json\/wp\/v2\/pages\/1385\/revisions"}],"up":[{"embeddable":true,"href":"https:\/\/www.metropolhotel.ee\/en\/wp-json\/wp\/v2\/pages\/1380"}],"wp:attachment":[{"href":"https:\/\/www.metropolhotel.ee\/en\/wp-json\/wp\/v2\/media?parent=1385"}],"curies":[{"name":"wp","href":"https:\/\/api.w.org\/{rel}","templated":true}]}}