{"id":1448,"date":"2023-08-29T13:21:55","date_gmt":"2023-08-29T13:21:55","guid":{"rendered":"https:\/\/metropol-hotel-new.ms2.decms.eu\/?page_id=1448"},"modified":"2025-03-19T07:53:00","modified_gmt":"2025-03-19T07:53:00","slug":"how-to-find-us","status":"publish","type":"page","link":"https:\/\/www.metropolhotel.ee\/en\/how-to-find-us\/","title":{"rendered":"How to find us?"},"content":{"rendered":"<p style=\"text-align: center\">Metropol Hotel is in the unique Rotermann Quarter in the heart of Tallinn, within walking distance of the historic Old Town, the city\u2019s most important sights, shopping centres and passenger port.<\/p>\n<p style=\"text-align: center\">\n","protected":false},"excerpt":{"rendered":"<p>Metropol Hotel is in the unique Rotermann Quarter in the heart of Tallinn, within walking distance of the historic Old Town, the city\u2019s most important sights, shopping centres and passenger port.<\/p>\n","protected":false},"author":12,"featured_media":643,"parent":0,"menu_order":80,"comment_status":"closed","ping_status":"closed","template":"template-location.php","meta":{"footnotes":""},"yoast_head":"<!-- This site is optimized with the Yoast SEO plugin v22.3 - https:\/\/yoast.com\/wordpress\/plugins\/seo\/ -->\n<title>How to find us? - Metropol Hotel<\/title>\n<meta name=\"description\" content=\"Metropol Hotel is in the unique Rotermann Quarter in the heart of Tallinn, within walking distance of the historic Old Town.\" \/>\n<meta name=\"robots\" content=\"index, follow, max-snippet:-1, max-image-preview:large, max-video-preview:-1\" \/>\n<link rel=\"canonical\" href=\"https:\/\/www.metropolhotel.ee\/en\/how-to-find-us\/\" \/>\n<meta property=\"og:locale\" content=\"en_US\" \/>\n<meta property=\"og:type\" content=\"article\" \/>\n<meta property=\"og:title\" content=\"How to find us? - Metropol Hotel\" \/>\n<meta property=\"og:description\" content=\"Metropol Hotel is in the unique Rotermann Quarter in the heart of Tallinn, within walking distance of the historic Old Town.\" \/>\n<meta property=\"og:url\" content=\"https:\/\/www.metropolhotel.ee\/en\/how-to-find-us\/\" \/>\n<meta property=\"og:site_name\" content=\"Metropol Hotel\" \/>\n<meta property=\"article:publisher\" content=\"https:\/\/www.facebook.com\/MetropolSpaHotel\/\" \/>\n<meta property=\"article:modified_time\" content=\"2025-03-19T07:53:00+00:00\" \/>\n<meta property=\"og:image\" content=\"https:\/\/www.metropolhotel.ee\/wp-content\/uploads\/sites\/160\/2024\/04\/Vastuvott_Veeb-_5T_0513-Edit-Edit.jpg\" \/>\n\t<meta property=\"og:image:width\" content=\"1799\" \/>\n\t<meta property=\"og:image:height\" content=\"1200\" \/>\n\t<meta property=\"og:image:type\" content=\"image\/jpeg\" \/>\n<meta name=\"twitter:card\" content=\"summary_large_image\" \/>\n<meta name=\"twitter:label1\" content=\"Est. reading time\" \/>\n\t<meta name=\"twitter:data1\" content=\"1 minute\" \/>\n<script type=\"application\/ld+json\" class=\"yoast-schema-graph\">{\"@context\":\"https:\/\/schema.org\",\"@graph\":[{\"@type\":\"WebPage\",\"@id\":\"https:\/\/www.metropolhotel.ee\/en\/how-to-find-us\/\",\"url\":\"https:\/\/www.metropolhotel.ee\/en\/how-to-find-us\/\",\"name\":\"How to find us? - Metropol Hotel\",\"isPartOf\":{\"@id\":\"https:\/\/www.metropolhotel.ee\/en\/#website\"},\"primaryImageOfPage\":{\"@id\":\"https:\/\/www.metropolhotel.ee\/en\/how-to-find-us\/#primaryimage\"},\"image\":{\"@id\":\"https:\/\/www.metropolhotel.ee\/en\/how-to-find-us\/#primaryimage\"},\"thumbnailUrl\":\"https:\/\/www.metropolhotel.ee\/wp-content\/uploads\/sites\/160\/2024\/04\/Vastuvott_Veeb-_5T_0513-Edit-Edit.jpg\",\"datePublished\":\"2023-08-29T13:21:55+00:00\",\"dateModified\":\"2025-03-19T07:53:00+00:00\",\"description\":\"Metropol Hotel is in the unique Rotermann Quarter in the heart of Tallinn, within walking distance of the historic Old Town.\",\"inLanguage\":\"en-US\",\"potentialAction\":[{\"@type\":\"ReadAction\",\"target\":[\"https:\/\/www.metropolhotel.ee\/en\/how-to-find-us\/\"]}]},{\"@type\":\"ImageObject\",\"inLanguage\":\"en-US\",\"@id\":\"https:\/\/www.metropolhotel.ee\/en\/how-to-find-us\/#primaryimage\",\"url\":\"https:\/\/www.metropolhotel.ee\/wp-content\/uploads\/sites\/160\/2024\/04\/Vastuvott_Veeb-_5T_0513-Edit-Edit.jpg\",\"contentUrl\":\"https:\/\/www.metropolhotel.ee\/wp-content\/uploads\/sites\/160\/2024\/04\/Vastuvott_Veeb-_5T_0513-Edit-Edit.jpg\",\"width\":1799,\"height\":1200},{\"@type\":\"WebSite\",\"@id\":\"https:\/\/www.metropolhotel.ee\/en\/#website\",\"url\":\"https:\/\/www.metropolhotel.ee\/en\/\",\"name\":\"Metropol Hotel\",\"description\":\"Metropol Hotels pakub unikaalset hotellielamust Tallinna uues linnas\u00fcdames. Ideaalne valik \u00e4ri-, konverentsi- v\u00f5i puhkusereisiks!\",\"publisher\":{\"@id\":\"https:\/\/www.metropolhotel.ee\/en\/#organization\"},\"alternateName\":\"Metropol Hotel\",\"potentialAction\":[{\"@type\":\"SearchAction\",\"target\":{\"@type\":\"EntryPoint\",\"urlTemplate\":\"https:\/\/www.metropolhotel.ee\/en\/?s={search_term_string}\"},\"query-input\":\"required name=search_term_string\"}],\"inLanguage\":\"en-US\"},{\"@type\":\"Organization\",\"@id\":\"https:\/\/www.metropolhotel.ee\/en\/#organization\",\"name\":\"Metropol Hotel\",\"alternateName\":\"Metropol Hotel\",\"url\":\"https:\/\/www.metropolhotel.ee\/en\/\",\"logo\":{\"@type\":\"ImageObject\",\"inLanguage\":\"en-US\",\"@id\":\"https:\/\/www.metropolhotel.ee\/en\/#\/schema\/logo\/image\/\",\"url\":\"https:\/\/metropol-hotel-new.ms2.decms.eu\/wp-content\/uploads\/sites\/160\/2024\/09\/Metropol_Hotel_hor_.png\",\"contentUrl\":\"https:\/\/metropol-hotel-new.ms2.decms.eu\/wp-content\/uploads\/sites\/160\/2024\/09\/Metropol_Hotel_hor_.png\",\"width\":230,\"height\":82,\"caption\":\"Metropol Hotel\"},\"image\":{\"@id\":\"https:\/\/www.metropolhotel.ee\/en\/#\/schema\/logo\/image\/\"},\"sameAs\":[\"https:\/\/www.facebook.com\/MetropolSpaHotel\/\",\"https:\/\/www.youtube.com\/@metropolhotels4972\"]}]}<\/script>\n<!-- \/ Yoast SEO plugin. -->","yoast_head_json":{"title":"How to find us? - Metropol Hotel","description":"Metropol Hotel is in the unique Rotermann Quarter in the heart of Tallinn, within walking distance of the historic Old Town.","robots":{"index":"index","follow":"follow","max-snippet":"max-snippet:-1","max-image-preview":"max-image-preview:large","max-video-preview":"max-video-preview:-1"},"canonical":"https:\/\/www.metropolhotel.ee\/en\/how-to-find-us\/","og_locale":"en_US","og_type":"article","og_title":"How to find us? - Metropol Hotel","og_description":"Metropol Hotel is in the unique Rotermann Quarter in the heart of Tallinn, within walking distance of the historic Old Town.","og_url":"https:\/\/www.metropolhotel.ee\/en\/how-to-find-us\/","og_site_name":"Metropol Hotel","article_publisher":"https:\/\/www.facebook.com\/MetropolSpaHotel\/","article_modified_time":"2025-03-19T07:53:00+00:00","og_image":[{"width":1799,"height":1200,"url":"https:\/\/www.metropolhotel.ee\/wp-content\/uploads\/sites\/160\/2024\/04\/Vastuvott_Veeb-_5T_0513-Edit-Edit.jpg","type":"image\/jpeg"}],"twitter_card":"summary_large_image","twitter_misc":{"Est. reading time":"1 minute"},"schema":{"@context":"https:\/\/schema.org","@graph":[{"@type":"WebPage","@id":"https:\/\/www.metropolhotel.ee\/en\/how-to-find-us\/","url":"https:\/\/www.metropolhotel.ee\/en\/how-to-find-us\/","name":"How to find us? - Metropol Hotel","isPartOf":{"@id":"https:\/\/www.metropolhotel.ee\/en\/#website"},"primaryImageOfPage":{"@id":"https:\/\/www.metropolhotel.ee\/en\/how-to-find-us\/#primaryimage"},"image":{"@id":"https:\/\/www.metropolhotel.ee\/en\/how-to-find-us\/#primaryimage"},"thumbnailUrl":"https:\/\/www.metropolhotel.ee\/wp-content\/uploads\/sites\/160\/2024\/04\/Vastuvott_Veeb-_5T_0513-Edit-Edit.jpg","datePublished":"2023-08-29T13:21:55+00:00","dateModified":"2025-03-19T07:53:00+00:00","description":"Metropol Hotel is in the unique Rotermann Quarter in the heart of Tallinn, within walking distance of the historic Old Town.","inLanguage":"en-US","potentialAction":[{"@type":"ReadAction","target":["https:\/\/www.metropolhotel.ee\/en\/how-to-find-us\/"]}]},{"@type":"ImageObject","inLanguage":"en-US","@id":"https:\/\/www.metropolhotel.ee\/en\/how-to-find-us\/#primaryimage","url":"https:\/\/www.metropolhotel.ee\/wp-content\/uploads\/sites\/160\/2024\/04\/Vastuvott_Veeb-_5T_0513-Edit-Edit.jpg","contentUrl":"https:\/\/www.metropolhotel.ee\/wp-content\/uploads\/sites\/160\/2024\/04\/Vastuvott_Veeb-_5T_0513-Edit-Edit.jpg","width":1799,"height":1200},{"@type":"WebSite","@id":"https:\/\/www.metropolhotel.ee\/en\/#website","url":"https:\/\/www.metropolhotel.ee\/en\/","name":"Metropol Hotel","description":"Metropol Hotels pakub unikaalset hotellielamust Tallinna uues linnas\u00fcdames. Ideaalne valik \u00e4ri-, konverentsi- v\u00f5i puhkusereisiks!","publisher":{"@id":"https:\/\/www.metropolhotel.ee\/en\/#organization"},"alternateName":"Metropol Hotel","potentialAction":[{"@type":"SearchAction","target":{"@type":"EntryPoint","urlTemplate":"https:\/\/www.metropolhotel.ee\/en\/?s={search_term_string}"},"query-input":"required name=search_term_string"}],"inLanguage":"en-US"},{"@type":"Organization","@id":"https:\/\/www.metropolhotel.ee\/en\/#organization","name":"Metropol Hotel","alternateName":"Metropol Hotel","url":"https:\/\/www.metropolhotel.ee\/en\/","logo":{"@type":"ImageObject","inLanguage":"en-US","@id":"https:\/\/www.metropolhotel.ee\/en\/#\/schema\/logo\/image\/","url":"https:\/\/metropol-hotel-new.ms2.decms.eu\/wp-content\/uploads\/sites\/160\/2024\/09\/Metropol_Hotel_hor_.png","contentUrl":"https:\/\/metropol-hotel-new.ms2.decms.eu\/wp-content\/uploads\/sites\/160\/2024\/09\/Metropol_Hotel_hor_.png","width":230,"height":82,"caption":"Metropol Hotel"},"image":{"@id":"https:\/\/www.metropolhotel.ee\/en\/#\/schema\/logo\/image\/"},"sameAs":["https:\/\/www.facebook.com\/MetropolSpaHotel\/","https:\/\/www.youtube.com\/@metropolhotels4972"]}]}},"acf":[],"_links":{"self":[{"href":"https:\/\/www.metropolhotel.ee\/en\/wp-json\/wp\/v2\/pages\/1448"}],"collection":[{"href":"https:\/\/www.metropolhotel.ee\/en\/wp-json\/wp\/v2\/pages"}],"about":[{"href":"https:\/\/www.metropolhotel.ee\/en\/wp-json\/wp\/v2\/types\/page"}],"author":[{"embeddable":true,"href":"https:\/\/www.metropolhotel.ee\/en\/wp-json\/wp\/v2\/users\/12"}],"replies":[{"embeddable":true,"href":"https:\/\/www.metropolhotel.ee\/en\/wp-json\/wp\/v2\/comments?post=1448"}],"version-history":[{"count":0,"href":"https:\/\/www.metropolhotel.ee\/en\/wp-json\/wp\/v2\/pages\/1448\/revisions"}],"wp:featuredmedia":[{"embeddable":true,"href":"https:\/\/www.metropolhotel.ee\/en\/wp-json\/wp\/v2\/media\/643"}],"wp:attachment":[{"href":"https:\/\/www.metropolhotel.ee\/en\/wp-json\/wp\/v2\/media?parent=1448"}],"curies":[{"name":"wp","href":"https:\/\/api.w.org\/{rel}","templated":true}]}}