{"id":1469,"date":"2023-08-29T13:30:31","date_gmt":"2023-08-29T13:30:31","guid":{"rendered":"https:\/\/metropol-hotel-new.ms2.decms.eu\/?page_id=1469"},"modified":"2025-03-19T08:38:37","modified_gmt":"2025-03-19T08:38:37","slug":"tallinn-card","status":"publish","type":"page","link":"https:\/\/www.metropolhotel.ee\/en\/wondering-what-to-do-in-tallinn\/tallinn-card\/","title":{"rendered":"Tallinn Card"},"content":{"rendered":"<p style=\"text-align: center\" data-start=\"23\" data-end=\"258\">Tallinn Card is an all-in-one museum and sightseeing pass for an exciting exploration of the city. With it, you can visit over 50 of Tallinn\u2019s best museums and attractions for free and enjoy unlimited access to public transportation. Additionally, the card offers discounts on tours, entertainment venues, restaurants, caf\u00e9s, and shops.<\/p>\n<p style=\"text-align: center\" data-start=\"366\" data-end=\"594\">You can purchase the Tallinn Card for 24, 48, or 72 hours.<br \/>\nDiscounted prices are available for children up to 17 years old. A cardholder can bring two children under 7 years old to museums and attractions for free.<\/p>\n<p style=\"text-align: center\" data-start=\"596\" data-end=\"709\">You can conveniently purchase the Tallinn Card at the Metropol Spa Hotel reception or <strong><a href=\"https:\/\/www.visittallinn.ee\/eng\/visitor\/tallinn-card\/tallinn-card\/online-shop\/partner\/metropolspa\">VIA THIS LINK &gt;&gt;&gt;<\/a><\/strong><\/p>\n","protected":false},"excerpt":{"rendered":"<p>Tallinn Card is an all-in-one museum and sightseeing pass for an exciting exploration of the city. With it, you can visit over 50 of Tallinn\u2019s best museums and attractions for free and enjoy unlimited access to public transportation. Additionally, the card offers discounts on tours, entertainment venues, restaurants, caf\u00e9s, and shops. You can purchase the [&hellip;]<\/p>\n","protected":false},"author":12,"featured_media":0,"parent":1463,"menu_order":10,"comment_status":"closed","ping_status":"closed","template":"template-default-2.php","meta":{"footnotes":""},"class_list":["post-1469","page","type-page","status-publish","hentry"],"yoast_head":"<!-- This site is optimized with the Yoast SEO plugin v27.3 - https:\/\/yoast.com\/product\/yoast-seo-wordpress\/ -->\n<title>Tallinn Card - Metropol Hotel<\/title>\n<meta name=\"description\" content=\"Tallinn Card is an all-in-one museum and sightseeing pass for an exciting exploration of the city. With it, you can visit over 50 of Tallinn\u2019s best museums and attractions for free and enjoy unlimited access to public transportation\" \/>\n<meta name=\"robots\" content=\"index, follow, max-snippet:-1, max-image-preview:large, max-video-preview:-1\" \/>\n<link rel=\"canonical\" href=\"https:\/\/www.metropolhotel.ee\/en\/wondering-what-to-do-in-tallinn\/tallinn-card\/\" \/>\n<meta property=\"og:locale\" content=\"en_US\" \/>\n<meta property=\"og:type\" content=\"article\" \/>\n<meta property=\"og:title\" content=\"Tallinn Card - Metropol Hotel\" \/>\n<meta property=\"og:description\" content=\"Tallinn Card is an all-in-one museum and sightseeing pass for an exciting exploration of the city. With it, you can visit over 50 of Tallinn\u2019s best museums and attractions for free and enjoy unlimited access to public transportation\" \/>\n<meta property=\"og:url\" content=\"https:\/\/www.metropolhotel.ee\/en\/wondering-what-to-do-in-tallinn\/tallinn-card\/\" \/>\n<meta property=\"og:site_name\" content=\"Metropol Hotel\" \/>\n<meta property=\"article:publisher\" content=\"https:\/\/www.facebook.com\/MetropolSpaHotel\/\" \/>\n<meta property=\"article:modified_time\" content=\"2025-03-19T08:38:37+00:00\" \/>\n<meta property=\"og:image\" content=\"https:\/\/www.metropolhotel.ee\/wp-content\/uploads\/sites\/160\/2023\/08\/metropole_spa_hotel_slide_02.jpg\" \/>\n\t<meta property=\"og:image:width\" content=\"2200\" \/>\n\t<meta property=\"og:image:height\" content=\"1200\" \/>\n\t<meta property=\"og:image:type\" content=\"image\/jpeg\" \/>\n<meta name=\"twitter:card\" content=\"summary_large_image\" \/>\n<meta name=\"twitter:label1\" content=\"Est. reading time\" \/>\n\t<meta name=\"twitter:data1\" content=\"1 minute\" \/>\n<script type=\"application\/ld+json\" class=\"yoast-schema-graph\">{\"@context\":\"https:\\\/\\\/schema.org\",\"@graph\":[{\"@type\":\"WebPage\",\"@id\":\"https:\\\/\\\/www.metropolhotel.ee\\\/en\\\/wondering-what-to-do-in-tallinn\\\/tallinn-card\\\/\",\"url\":\"https:\\\/\\\/www.metropolhotel.ee\\\/en\\\/wondering-what-to-do-in-tallinn\\\/tallinn-card\\\/\",\"name\":\"Tallinn Card - Metropol Hotel\",\"isPartOf\":{\"@id\":\"https:\\\/\\\/www.metropolhotel.ee\\\/en\\\/#website\"},\"datePublished\":\"2023-08-29T13:30:31+00:00\",\"dateModified\":\"2025-03-19T08:38:37+00:00\",\"description\":\"Tallinn Card is an all-in-one museum and sightseeing pass for an exciting exploration of the city. With it, you can visit over 50 of Tallinn\u2019s best museums and attractions for free and enjoy unlimited access to public transportation\",\"breadcrumb\":{\"@id\":\"https:\\\/\\\/www.metropolhotel.ee\\\/en\\\/wondering-what-to-do-in-tallinn\\\/tallinn-card\\\/#breadcrumb\"},\"inLanguage\":\"en-US\",\"potentialAction\":[{\"@type\":\"ReadAction\",\"target\":[\"https:\\\/\\\/www.metropolhotel.ee\\\/en\\\/wondering-what-to-do-in-tallinn\\\/tallinn-card\\\/\"]}]},{\"@type\":\"BreadcrumbList\",\"@id\":\"https:\\\/\\\/www.metropolhotel.ee\\\/en\\\/wondering-what-to-do-in-tallinn\\\/tallinn-card\\\/#breadcrumb\",\"itemListElement\":[{\"@type\":\"ListItem\",\"position\":1,\"name\":\"Wondering what to do in Tallinn?\",\"item\":\"https:\\\/\\\/www.metropolhotel.ee\\\/en\\\/mida-teha-tallinnas\\\/\"},{\"@type\":\"ListItem\",\"position\":2,\"name\":\"Tallinn Card\"}]},{\"@type\":\"WebSite\",\"@id\":\"https:\\\/\\\/www.metropolhotel.ee\\\/en\\\/#website\",\"url\":\"https:\\\/\\\/www.metropolhotel.ee\\\/en\\\/\",\"name\":\"Metropol Hotel\",\"description\":\"Metropol Hotels pakub unikaalset hotellielamust Tallinna uues linnas\u00fcdames. Ideaalne valik \u00e4ri-, konverentsi- v\u00f5i puhkusereisiks!\",\"publisher\":{\"@id\":\"https:\\\/\\\/www.metropolhotel.ee\\\/en\\\/#organization\"},\"alternateName\":\"Metropol Hotel\",\"potentialAction\":[{\"@type\":\"SearchAction\",\"target\":{\"@type\":\"EntryPoint\",\"urlTemplate\":\"https:\\\/\\\/www.metropolhotel.ee\\\/en\\\/?s={search_term_string}\"},\"query-input\":{\"@type\":\"PropertyValueSpecification\",\"valueRequired\":true,\"valueName\":\"search_term_string\"}}],\"inLanguage\":\"en-US\"},{\"@type\":\"Organization\",\"@id\":\"https:\\\/\\\/www.metropolhotel.ee\\\/en\\\/#organization\",\"name\":\"Metropol Hotel\",\"alternateName\":\"Metropol Hotel\",\"url\":\"https:\\\/\\\/www.metropolhotel.ee\\\/en\\\/\",\"logo\":{\"@type\":\"ImageObject\",\"inLanguage\":\"en-US\",\"@id\":\"https:\\\/\\\/www.metropolhotel.ee\\\/en\\\/#\\\/schema\\\/logo\\\/image\\\/\",\"url\":\"https:\\\/\\\/metropol-hotel-new.ms2.decms.eu\\\/wp-content\\\/uploads\\\/sites\\\/160\\\/2024\\\/09\\\/Metropol_Hotel_hor_.png\",\"contentUrl\":\"https:\\\/\\\/metropol-hotel-new.ms2.decms.eu\\\/wp-content\\\/uploads\\\/sites\\\/160\\\/2024\\\/09\\\/Metropol_Hotel_hor_.png\",\"width\":230,\"height\":82,\"caption\":\"Metropol Hotel\"},\"image\":{\"@id\":\"https:\\\/\\\/www.metropolhotel.ee\\\/en\\\/#\\\/schema\\\/logo\\\/image\\\/\"},\"sameAs\":[\"https:\\\/\\\/www.facebook.com\\\/MetropolSpaHotel\\\/\",\"https:\\\/\\\/www.youtube.com\\\/@metropolhotels4972\"]}]}<\/script>\n<!-- \/ Yoast SEO plugin. -->","yoast_head_json":{"title":"Tallinn Card - Metropol Hotel","description":"Tallinn Card is an all-in-one museum and sightseeing pass for an exciting exploration of the city. With it, you can visit over 50 of Tallinn\u2019s best museums and attractions for free and enjoy unlimited access to public transportation","robots":{"index":"index","follow":"follow","max-snippet":"max-snippet:-1","max-image-preview":"max-image-preview:large","max-video-preview":"max-video-preview:-1"},"canonical":"https:\/\/www.metropolhotel.ee\/en\/wondering-what-to-do-in-tallinn\/tallinn-card\/","og_locale":"en_US","og_type":"article","og_title":"Tallinn Card - Metropol Hotel","og_description":"Tallinn Card is an all-in-one museum and sightseeing pass for an exciting exploration of the city. With it, you can visit over 50 of Tallinn\u2019s best museums and attractions for free and enjoy unlimited access to public transportation","og_url":"https:\/\/www.metropolhotel.ee\/en\/wondering-what-to-do-in-tallinn\/tallinn-card\/","og_site_name":"Metropol Hotel","article_publisher":"https:\/\/www.facebook.com\/MetropolSpaHotel\/","article_modified_time":"2025-03-19T08:38:37+00:00","og_image":[{"width":2200,"height":1200,"url":"https:\/\/www.metropolhotel.ee\/wp-content\/uploads\/sites\/160\/2023\/08\/metropole_spa_hotel_slide_02.jpg","type":"image\/jpeg"}],"twitter_card":"summary_large_image","twitter_misc":{"Est. reading time":"1 minute"},"schema":{"@context":"https:\/\/schema.org","@graph":[{"@type":"WebPage","@id":"https:\/\/www.metropolhotel.ee\/en\/wondering-what-to-do-in-tallinn\/tallinn-card\/","url":"https:\/\/www.metropolhotel.ee\/en\/wondering-what-to-do-in-tallinn\/tallinn-card\/","name":"Tallinn Card - Metropol Hotel","isPartOf":{"@id":"https:\/\/www.metropolhotel.ee\/en\/#website"},"datePublished":"2023-08-29T13:30:31+00:00","dateModified":"2025-03-19T08:38:37+00:00","description":"Tallinn Card is an all-in-one museum and sightseeing pass for an exciting exploration of the city. With it, you can visit over 50 of Tallinn\u2019s best museums and attractions for free and enjoy unlimited access to public transportation","breadcrumb":{"@id":"https:\/\/www.metropolhotel.ee\/en\/wondering-what-to-do-in-tallinn\/tallinn-card\/#breadcrumb"},"inLanguage":"en-US","potentialAction":[{"@type":"ReadAction","target":["https:\/\/www.metropolhotel.ee\/en\/wondering-what-to-do-in-tallinn\/tallinn-card\/"]}]},{"@type":"BreadcrumbList","@id":"https:\/\/www.metropolhotel.ee\/en\/wondering-what-to-do-in-tallinn\/tallinn-card\/#breadcrumb","itemListElement":[{"@type":"ListItem","position":1,"name":"Wondering what to do in Tallinn?","item":"https:\/\/www.metropolhotel.ee\/en\/mida-teha-tallinnas\/"},{"@type":"ListItem","position":2,"name":"Tallinn Card"}]},{"@type":"WebSite","@id":"https:\/\/www.metropolhotel.ee\/en\/#website","url":"https:\/\/www.metropolhotel.ee\/en\/","name":"Metropol Hotel","description":"Metropol Hotels pakub unikaalset hotellielamust Tallinna uues linnas\u00fcdames. Ideaalne valik \u00e4ri-, konverentsi- v\u00f5i puhkusereisiks!","publisher":{"@id":"https:\/\/www.metropolhotel.ee\/en\/#organization"},"alternateName":"Metropol Hotel","potentialAction":[{"@type":"SearchAction","target":{"@type":"EntryPoint","urlTemplate":"https:\/\/www.metropolhotel.ee\/en\/?s={search_term_string}"},"query-input":{"@type":"PropertyValueSpecification","valueRequired":true,"valueName":"search_term_string"}}],"inLanguage":"en-US"},{"@type":"Organization","@id":"https:\/\/www.metropolhotel.ee\/en\/#organization","name":"Metropol Hotel","alternateName":"Metropol Hotel","url":"https:\/\/www.metropolhotel.ee\/en\/","logo":{"@type":"ImageObject","inLanguage":"en-US","@id":"https:\/\/www.metropolhotel.ee\/en\/#\/schema\/logo\/image\/","url":"https:\/\/metropol-hotel-new.ms2.decms.eu\/wp-content\/uploads\/sites\/160\/2024\/09\/Metropol_Hotel_hor_.png","contentUrl":"https:\/\/metropol-hotel-new.ms2.decms.eu\/wp-content\/uploads\/sites\/160\/2024\/09\/Metropol_Hotel_hor_.png","width":230,"height":82,"caption":"Metropol Hotel"},"image":{"@id":"https:\/\/www.metropolhotel.ee\/en\/#\/schema\/logo\/image\/"},"sameAs":["https:\/\/www.facebook.com\/MetropolSpaHotel\/","https:\/\/www.youtube.com\/@metropolhotels4972"]}]}},"acf":[],"_links":{"self":[{"href":"https:\/\/www.metropolhotel.ee\/en\/wp-json\/wp\/v2\/pages\/1469","targetHints":{"allow":["GET"]}}],"collection":[{"href":"https:\/\/www.metropolhotel.ee\/en\/wp-json\/wp\/v2\/pages"}],"about":[{"href":"https:\/\/www.metropolhotel.ee\/en\/wp-json\/wp\/v2\/types\/page"}],"author":[{"embeddable":true,"href":"https:\/\/www.metropolhotel.ee\/en\/wp-json\/wp\/v2\/users\/12"}],"replies":[{"embeddable":true,"href":"https:\/\/www.metropolhotel.ee\/en\/wp-json\/wp\/v2\/comments?post=1469"}],"version-history":[{"count":0,"href":"https:\/\/www.metropolhotel.ee\/en\/wp-json\/wp\/v2\/pages\/1469\/revisions"}],"up":[{"embeddable":true,"href":"https:\/\/www.metropolhotel.ee\/en\/wp-json\/wp\/v2\/pages\/1463"}],"wp:attachment":[{"href":"https:\/\/www.metropolhotel.ee\/en\/wp-json\/wp\/v2\/media?parent=1469"}],"curies":[{"name":"wp","href":"https:\/\/api.w.org\/{rel}","templated":true}]}}