{"id":1486,"date":"2023-08-25T09:08:50","date_gmt":"2023-08-25T09:08:50","guid":{"rendered":"https:\/\/metropol-hotel-new.ms2.decms.eu\/?page_id=1486"},"modified":"2026-03-19T09:26:12","modified_gmt":"2026-03-19T09:26:12","slug":"spa","status":"publish","type":"page","link":"https:\/\/www.metropolhotel.ee\/en\/spa\/","title":{"rendered":"Spa"},"content":{"rendered":"<p style=\"text-align: center\"><strong>As a special offer for Metropol Hotel guests, access to the spa is only \u20ac18 for up to 3 hours visit. <\/strong><\/p>\n<p style=\"text-align: center\">Looking for an oasis of calm in which to escape the hustle and bustle of everyday life?<\/p>\n<p style=\"text-align: center\">Whether you\u2019re looking for a holiday for yourself, a romantic break with your partner or a relaxing after-work getaway with colleagues, our spa is the perfect place for it!<\/p>\n<p style=\"text-align: center\">It offers four different saunas, each with its own therapeutic properties. Whether you prefer the traditional dry heat of the Finnish sauna, the pleasantly scented mildness of the aroma sauna, the gentle warmth of the steam sauna or the healing properties of the salt steam sauna, you can choose how to invigorate both body and mind. Four Jacuzzis and a 32\u00b0 swimming pool offer a variety of ways to enjoy the water, and the drinks menu at the spa\u2019s bar offers refreshing beverages for all tastes.<\/p>\n","protected":false},"excerpt":{"rendered":"<p>As a special offer for Metropol Hotel guests, access to the spa is only \u20ac18 for up to 3 hours visit. Looking for an oasis of calm in which to escape the hustle and bustle of everyday life? Whether you\u2019re looking for a holiday for yourself, a romantic break with your partner or a relaxing [&hellip;]<\/p>\n","protected":false},"author":12,"featured_media":0,"parent":0,"menu_order":60,"comment_status":"closed","ping_status":"closed","template":"template-spa.php","meta":{"footnotes":""},"class_list":["post-1486","page","type-page","status-publish","hentry"],"yoast_head":"<!-- This site is optimized with the Yoast SEO plugin v27.3 - https:\/\/yoast.com\/product\/yoast-seo-wordpress\/ -->\n<title>Spa - Metropol Hotel<\/title>\n<meta name=\"description\" content=\"Whether you\u2019re looking for a holiday for yourself, a romantic break with your partner or a relaxing after-work getaway with colleagues, our spa is the perfect place for it!\" \/>\n<meta name=\"robots\" content=\"index, follow, max-snippet:-1, max-image-preview:large, max-video-preview:-1\" \/>\n<link rel=\"canonical\" href=\"https:\/\/www.metropolhotel.ee\/en\/spa\/\" \/>\n<meta property=\"og:locale\" content=\"en_US\" \/>\n<meta property=\"og:type\" content=\"article\" \/>\n<meta property=\"og:title\" content=\"Spa - Metropol Hotel\" \/>\n<meta property=\"og:description\" content=\"Whether you\u2019re looking for a holiday for yourself, a romantic break with your partner or a relaxing after-work getaway with colleagues, our spa is the perfect place for it!\" \/>\n<meta property=\"og:url\" content=\"https:\/\/www.metropolhotel.ee\/en\/spa\/\" \/>\n<meta property=\"og:site_name\" content=\"Metropol Hotel\" \/>\n<meta property=\"article:publisher\" content=\"https:\/\/www.facebook.com\/MetropolSpaHotel\/\" \/>\n<meta property=\"article:modified_time\" content=\"2026-03-19T09:26:12+00:00\" \/>\n<meta property=\"og:image\" content=\"https:\/\/www.metropolhotel.ee\/wp-content\/uploads\/sites\/160\/2023\/08\/metropole_spa_hotel_slide_02.jpg\" \/>\n\t<meta property=\"og:image:width\" content=\"2200\" \/>\n\t<meta property=\"og:image:height\" content=\"1200\" \/>\n\t<meta property=\"og:image:type\" content=\"image\/jpeg\" \/>\n<meta name=\"twitter:card\" content=\"summary_large_image\" \/>\n<meta name=\"twitter:label1\" content=\"Est. reading time\" \/>\n\t<meta name=\"twitter:data1\" content=\"1 minute\" \/>\n<script type=\"application\/ld+json\" class=\"yoast-schema-graph\">{\"@context\":\"https:\\\/\\\/schema.org\",\"@graph\":[{\"@type\":\"WebPage\",\"@id\":\"https:\\\/\\\/www.metropolhotel.ee\\\/en\\\/spa\\\/\",\"url\":\"https:\\\/\\\/www.metropolhotel.ee\\\/en\\\/spa\\\/\",\"name\":\"Spa - Metropol Hotel\",\"isPartOf\":{\"@id\":\"https:\\\/\\\/www.metropolhotel.ee\\\/en\\\/#website\"},\"datePublished\":\"2023-08-25T09:08:50+00:00\",\"dateModified\":\"2026-03-19T09:26:12+00:00\",\"description\":\"Whether you\u2019re looking for a holiday for yourself, a romantic break with your partner or a relaxing after-work getaway with colleagues, our spa is the perfect place for it!\",\"inLanguage\":\"en-US\",\"potentialAction\":[{\"@type\":\"ReadAction\",\"target\":[\"https:\\\/\\\/www.metropolhotel.ee\\\/en\\\/spa\\\/\"]}]},{\"@type\":\"WebSite\",\"@id\":\"https:\\\/\\\/www.metropolhotel.ee\\\/en\\\/#website\",\"url\":\"https:\\\/\\\/www.metropolhotel.ee\\\/en\\\/\",\"name\":\"Metropol Hotel\",\"description\":\"Metropol Hotels pakub unikaalset hotellielamust Tallinna uues linnas\u00fcdames. Ideaalne valik \u00e4ri-, konverentsi- v\u00f5i puhkusereisiks!\",\"publisher\":{\"@id\":\"https:\\\/\\\/www.metropolhotel.ee\\\/en\\\/#organization\"},\"alternateName\":\"Metropol Hotel\",\"potentialAction\":[{\"@type\":\"SearchAction\",\"target\":{\"@type\":\"EntryPoint\",\"urlTemplate\":\"https:\\\/\\\/www.metropolhotel.ee\\\/en\\\/?s={search_term_string}\"},\"query-input\":{\"@type\":\"PropertyValueSpecification\",\"valueRequired\":true,\"valueName\":\"search_term_string\"}}],\"inLanguage\":\"en-US\"},{\"@type\":\"Organization\",\"@id\":\"https:\\\/\\\/www.metropolhotel.ee\\\/en\\\/#organization\",\"name\":\"Metropol Hotel\",\"alternateName\":\"Metropol Hotel\",\"url\":\"https:\\\/\\\/www.metropolhotel.ee\\\/en\\\/\",\"logo\":{\"@type\":\"ImageObject\",\"inLanguage\":\"en-US\",\"@id\":\"https:\\\/\\\/www.metropolhotel.ee\\\/en\\\/#\\\/schema\\\/logo\\\/image\\\/\",\"url\":\"https:\\\/\\\/metropol-hotel-new.ms2.decms.eu\\\/wp-content\\\/uploads\\\/sites\\\/160\\\/2024\\\/09\\\/Metropol_Hotel_hor_.png\",\"contentUrl\":\"https:\\\/\\\/metropol-hotel-new.ms2.decms.eu\\\/wp-content\\\/uploads\\\/sites\\\/160\\\/2024\\\/09\\\/Metropol_Hotel_hor_.png\",\"width\":230,\"height\":82,\"caption\":\"Metropol Hotel\"},\"image\":{\"@id\":\"https:\\\/\\\/www.metropolhotel.ee\\\/en\\\/#\\\/schema\\\/logo\\\/image\\\/\"},\"sameAs\":[\"https:\\\/\\\/www.facebook.com\\\/MetropolSpaHotel\\\/\",\"https:\\\/\\\/www.youtube.com\\\/@metropolhotels4972\"]}]}<\/script>\n<!-- \/ Yoast SEO plugin. -->","yoast_head_json":{"title":"Spa - Metropol Hotel","description":"Whether you\u2019re looking for a holiday for yourself, a romantic break with your partner or a relaxing after-work getaway with colleagues, our spa is the perfect place for it!","robots":{"index":"index","follow":"follow","max-snippet":"max-snippet:-1","max-image-preview":"max-image-preview:large","max-video-preview":"max-video-preview:-1"},"canonical":"https:\/\/www.metropolhotel.ee\/en\/spa\/","og_locale":"en_US","og_type":"article","og_title":"Spa - Metropol Hotel","og_description":"Whether you\u2019re looking for a holiday for yourself, a romantic break with your partner or a relaxing after-work getaway with colleagues, our spa is the perfect place for it!","og_url":"https:\/\/www.metropolhotel.ee\/en\/spa\/","og_site_name":"Metropol Hotel","article_publisher":"https:\/\/www.facebook.com\/MetropolSpaHotel\/","article_modified_time":"2026-03-19T09:26:12+00:00","og_image":[{"width":2200,"height":1200,"url":"https:\/\/www.metropolhotel.ee\/wp-content\/uploads\/sites\/160\/2023\/08\/metropole_spa_hotel_slide_02.jpg","type":"image\/jpeg"}],"twitter_card":"summary_large_image","twitter_misc":{"Est. reading time":"1 minute"},"schema":{"@context":"https:\/\/schema.org","@graph":[{"@type":"WebPage","@id":"https:\/\/www.metropolhotel.ee\/en\/spa\/","url":"https:\/\/www.metropolhotel.ee\/en\/spa\/","name":"Spa - Metropol Hotel","isPartOf":{"@id":"https:\/\/www.metropolhotel.ee\/en\/#website"},"datePublished":"2023-08-25T09:08:50+00:00","dateModified":"2026-03-19T09:26:12+00:00","description":"Whether you\u2019re looking for a holiday for yourself, a romantic break with your partner or a relaxing after-work getaway with colleagues, our spa is the perfect place for it!","inLanguage":"en-US","potentialAction":[{"@type":"ReadAction","target":["https:\/\/www.metropolhotel.ee\/en\/spa\/"]}]},{"@type":"WebSite","@id":"https:\/\/www.metropolhotel.ee\/en\/#website","url":"https:\/\/www.metropolhotel.ee\/en\/","name":"Metropol Hotel","description":"Metropol Hotels pakub unikaalset hotellielamust Tallinna uues linnas\u00fcdames. Ideaalne valik \u00e4ri-, konverentsi- v\u00f5i puhkusereisiks!","publisher":{"@id":"https:\/\/www.metropolhotel.ee\/en\/#organization"},"alternateName":"Metropol Hotel","potentialAction":[{"@type":"SearchAction","target":{"@type":"EntryPoint","urlTemplate":"https:\/\/www.metropolhotel.ee\/en\/?s={search_term_string}"},"query-input":{"@type":"PropertyValueSpecification","valueRequired":true,"valueName":"search_term_string"}}],"inLanguage":"en-US"},{"@type":"Organization","@id":"https:\/\/www.metropolhotel.ee\/en\/#organization","name":"Metropol Hotel","alternateName":"Metropol Hotel","url":"https:\/\/www.metropolhotel.ee\/en\/","logo":{"@type":"ImageObject","inLanguage":"en-US","@id":"https:\/\/www.metropolhotel.ee\/en\/#\/schema\/logo\/image\/","url":"https:\/\/metropol-hotel-new.ms2.decms.eu\/wp-content\/uploads\/sites\/160\/2024\/09\/Metropol_Hotel_hor_.png","contentUrl":"https:\/\/metropol-hotel-new.ms2.decms.eu\/wp-content\/uploads\/sites\/160\/2024\/09\/Metropol_Hotel_hor_.png","width":230,"height":82,"caption":"Metropol Hotel"},"image":{"@id":"https:\/\/www.metropolhotel.ee\/en\/#\/schema\/logo\/image\/"},"sameAs":["https:\/\/www.facebook.com\/MetropolSpaHotel\/","https:\/\/www.youtube.com\/@metropolhotels4972"]}]}},"acf":[],"_links":{"self":[{"href":"https:\/\/www.metropolhotel.ee\/en\/wp-json\/wp\/v2\/pages\/1486","targetHints":{"allow":["GET"]}}],"collection":[{"href":"https:\/\/www.metropolhotel.ee\/en\/wp-json\/wp\/v2\/pages"}],"about":[{"href":"https:\/\/www.metropolhotel.ee\/en\/wp-json\/wp\/v2\/types\/page"}],"author":[{"embeddable":true,"href":"https:\/\/www.metropolhotel.ee\/en\/wp-json\/wp\/v2\/users\/12"}],"replies":[{"embeddable":true,"href":"https:\/\/www.metropolhotel.ee\/en\/wp-json\/wp\/v2\/comments?post=1486"}],"version-history":[{"count":0,"href":"https:\/\/www.metropolhotel.ee\/en\/wp-json\/wp\/v2\/pages\/1486\/revisions"}],"wp:attachment":[{"href":"https:\/\/www.metropolhotel.ee\/en\/wp-json\/wp\/v2\/media?parent=1486"}],"curies":[{"name":"wp","href":"https:\/\/api.w.org\/{rel}","templated":true}]}}