{"id":1695,"date":"2025-02-27T12:50:28","date_gmt":"2025-02-27T12:50:28","guid":{"rendered":"https:\/\/metropol-hotel-new.ms2.decms.eu\/?page_id=1695"},"modified":"2026-04-16T12:32:31","modified_gmt":"2026-04-16T12:32:31","slug":"spa-sauna-friends","status":"publish","type":"page","link":"https:\/\/www.metropolhotel.ee\/en\/packages\/spa-sauna-friends\/","title":{"rendered":"SPA, SAUNA &amp; FRIENDS"},"content":{"rendered":"<p style=\"text-align: center\"><span data-sheets-root=\"1\">Spend a relaxing day or evening with your best friends and colleagues at our cosy spa in the city centre.<br \/>\nIn between sauna sessions and soaking in the water, you can chat away in the private spa lounge reserved just for you and order your favourite drinks and snacks.<\/span><\/p>\n<p style=\"text-align: center\"><strong>Special offer!<\/strong> With a group of 10 people or more, you get a 10% discount on the total package price!<\/p>\n","protected":false},"excerpt":{"rendered":"<p>Spend a relaxing day or evening with your best friends and colleagues at our cosy spa in the city centre. In between sauna sessions and soaking in the water, you can chat away in the private spa lounge reserved just for you and order your favourite drinks and snacks. Special offer! With a group of [&hellip;]<\/p>\n","protected":false},"author":121,"featured_media":0,"parent":1438,"menu_order":202,"comment_status":"closed","ping_status":"closed","template":"template-single-spa.php","meta":{"footnotes":""},"yoast_head":"<!-- This site is optimized with the Yoast SEO plugin v22.3 - https:\/\/yoast.com\/wordpress\/plugins\/seo\/ -->\n<title>SPA, SAUNA &amp; FRIENDS - Metropol Hotel<\/title>\n<meta name=\"description\" content=\"Spend a relaxing day or evening with your best friends and colleagues at our cosy spa in the city centre.\" \/>\n<meta name=\"robots\" content=\"index, follow, max-snippet:-1, max-image-preview:large, max-video-preview:-1\" \/>\n<link rel=\"canonical\" href=\"https:\/\/www.metropolhotel.ee\/en\/packages\/spa-sauna-friends\/\" \/>\n<meta property=\"og:locale\" content=\"en_US\" \/>\n<meta property=\"og:type\" content=\"article\" \/>\n<meta property=\"og:title\" content=\"SPA, SAUNA &amp; FRIENDS - Metropol Hotel\" \/>\n<meta property=\"og:description\" content=\"Spend a relaxing day or evening with your best friends and colleagues at our cosy spa in the city centre.\" \/>\n<meta property=\"og:url\" content=\"https:\/\/www.metropolhotel.ee\/en\/packages\/spa-sauna-friends\/\" \/>\n<meta property=\"og:site_name\" content=\"Metropol Hotel\" \/>\n<meta property=\"article:publisher\" content=\"https:\/\/www.facebook.com\/MetropolSpaHotel\/\" \/>\n<meta property=\"article:modified_time\" content=\"2026-04-16T12:32:31+00:00\" \/>\n<meta property=\"og:image\" content=\"https:\/\/www.metropolhotel.ee\/wp-content\/uploads\/sites\/160\/2023\/08\/metropole_spa_hotel_slide_02.jpg\" \/>\n\t<meta property=\"og:image:width\" content=\"2200\" \/>\n\t<meta property=\"og:image:height\" content=\"1200\" \/>\n\t<meta property=\"og:image:type\" content=\"image\/jpeg\" \/>\n<meta name=\"twitter:card\" content=\"summary_large_image\" \/>\n<meta name=\"twitter:label1\" content=\"Est. reading time\" \/>\n\t<meta name=\"twitter:data1\" content=\"1 minute\" \/>\n<script type=\"application\/ld+json\" class=\"yoast-schema-graph\">{\"@context\":\"https:\/\/schema.org\",\"@graph\":[{\"@type\":\"WebPage\",\"@id\":\"https:\/\/www.metropolhotel.ee\/en\/packages\/spa-sauna-friends\/\",\"url\":\"https:\/\/www.metropolhotel.ee\/en\/packages\/spa-sauna-friends\/\",\"name\":\"SPA, SAUNA &amp; FRIENDS - Metropol Hotel\",\"isPartOf\":{\"@id\":\"https:\/\/www.metropolhotel.ee\/en\/#website\"},\"datePublished\":\"2025-02-27T12:50:28+00:00\",\"dateModified\":\"2026-04-16T12:32:31+00:00\",\"description\":\"Spend a relaxing day or evening with your best friends and colleagues at our cosy spa in the city centre.\",\"breadcrumb\":{\"@id\":\"https:\/\/www.metropolhotel.ee\/en\/packages\/spa-sauna-friends\/#breadcrumb\"},\"inLanguage\":\"en-US\",\"potentialAction\":[{\"@type\":\"ReadAction\",\"target\":[\"https:\/\/www.metropolhotel.ee\/en\/packages\/spa-sauna-friends\/\"]}]},{\"@type\":\"BreadcrumbList\",\"@id\":\"https:\/\/www.metropolhotel.ee\/en\/packages\/spa-sauna-friends\/#breadcrumb\",\"itemListElement\":[{\"@type\":\"ListItem\",\"position\":1,\"name\":\"Packages\",\"item\":\"https:\/\/www.metropolhotel.ee\/en\/packages\/\"},{\"@type\":\"ListItem\",\"position\":2,\"name\":\"SPA, SAUNA &amp; FRIENDS\"}]},{\"@type\":\"WebSite\",\"@id\":\"https:\/\/www.metropolhotel.ee\/en\/#website\",\"url\":\"https:\/\/www.metropolhotel.ee\/en\/\",\"name\":\"Metropol Hotel\",\"description\":\"Metropol Hotels pakub unikaalset hotellielamust Tallinna uues linnas\u00fcdames. Ideaalne valik \u00e4ri-, konverentsi- v\u00f5i puhkusereisiks!\",\"publisher\":{\"@id\":\"https:\/\/www.metropolhotel.ee\/en\/#organization\"},\"alternateName\":\"Metropol Hotel\",\"potentialAction\":[{\"@type\":\"SearchAction\",\"target\":{\"@type\":\"EntryPoint\",\"urlTemplate\":\"https:\/\/www.metropolhotel.ee\/en\/?s={search_term_string}\"},\"query-input\":\"required name=search_term_string\"}],\"inLanguage\":\"en-US\"},{\"@type\":\"Organization\",\"@id\":\"https:\/\/www.metropolhotel.ee\/en\/#organization\",\"name\":\"Metropol Hotel\",\"alternateName\":\"Metropol Hotel\",\"url\":\"https:\/\/www.metropolhotel.ee\/en\/\",\"logo\":{\"@type\":\"ImageObject\",\"inLanguage\":\"en-US\",\"@id\":\"https:\/\/www.metropolhotel.ee\/en\/#\/schema\/logo\/image\/\",\"url\":\"https:\/\/metropol-hotel-new.ms2.decms.eu\/wp-content\/uploads\/sites\/160\/2024\/09\/Metropol_Hotel_hor_.png\",\"contentUrl\":\"https:\/\/metropol-hotel-new.ms2.decms.eu\/wp-content\/uploads\/sites\/160\/2024\/09\/Metropol_Hotel_hor_.png\",\"width\":230,\"height\":82,\"caption\":\"Metropol Hotel\"},\"image\":{\"@id\":\"https:\/\/www.metropolhotel.ee\/en\/#\/schema\/logo\/image\/\"},\"sameAs\":[\"https:\/\/www.facebook.com\/MetropolSpaHotel\/\",\"https:\/\/www.youtube.com\/@metropolhotels4972\"]}]}<\/script>\n<!-- \/ Yoast SEO plugin. -->","yoast_head_json":{"title":"SPA, SAUNA &amp; FRIENDS - Metropol Hotel","description":"Spend a relaxing day or evening with your best friends and colleagues at our cosy spa in the city centre.","robots":{"index":"index","follow":"follow","max-snippet":"max-snippet:-1","max-image-preview":"max-image-preview:large","max-video-preview":"max-video-preview:-1"},"canonical":"https:\/\/www.metropolhotel.ee\/en\/packages\/spa-sauna-friends\/","og_locale":"en_US","og_type":"article","og_title":"SPA, SAUNA &amp; FRIENDS - Metropol Hotel","og_description":"Spend a relaxing day or evening with your best friends and colleagues at our cosy spa in the city centre.","og_url":"https:\/\/www.metropolhotel.ee\/en\/packages\/spa-sauna-friends\/","og_site_name":"Metropol Hotel","article_publisher":"https:\/\/www.facebook.com\/MetropolSpaHotel\/","article_modified_time":"2026-04-16T12:32:31+00:00","og_image":[{"width":2200,"height":1200,"url":"https:\/\/www.metropolhotel.ee\/wp-content\/uploads\/sites\/160\/2023\/08\/metropole_spa_hotel_slide_02.jpg","type":"image\/jpeg"}],"twitter_card":"summary_large_image","twitter_misc":{"Est. reading time":"1 minute"},"schema":{"@context":"https:\/\/schema.org","@graph":[{"@type":"WebPage","@id":"https:\/\/www.metropolhotel.ee\/en\/packages\/spa-sauna-friends\/","url":"https:\/\/www.metropolhotel.ee\/en\/packages\/spa-sauna-friends\/","name":"SPA, SAUNA &amp; FRIENDS - Metropol Hotel","isPartOf":{"@id":"https:\/\/www.metropolhotel.ee\/en\/#website"},"datePublished":"2025-02-27T12:50:28+00:00","dateModified":"2026-04-16T12:32:31+00:00","description":"Spend a relaxing day or evening with your best friends and colleagues at our cosy spa in the city centre.","breadcrumb":{"@id":"https:\/\/www.metropolhotel.ee\/en\/packages\/spa-sauna-friends\/#breadcrumb"},"inLanguage":"en-US","potentialAction":[{"@type":"ReadAction","target":["https:\/\/www.metropolhotel.ee\/en\/packages\/spa-sauna-friends\/"]}]},{"@type":"BreadcrumbList","@id":"https:\/\/www.metropolhotel.ee\/en\/packages\/spa-sauna-friends\/#breadcrumb","itemListElement":[{"@type":"ListItem","position":1,"name":"Packages","item":"https:\/\/www.metropolhotel.ee\/en\/packages\/"},{"@type":"ListItem","position":2,"name":"SPA, SAUNA &amp; FRIENDS"}]},{"@type":"WebSite","@id":"https:\/\/www.metropolhotel.ee\/en\/#website","url":"https:\/\/www.metropolhotel.ee\/en\/","name":"Metropol Hotel","description":"Metropol Hotels pakub unikaalset hotellielamust Tallinna uues linnas\u00fcdames. Ideaalne valik \u00e4ri-, konverentsi- v\u00f5i puhkusereisiks!","publisher":{"@id":"https:\/\/www.metropolhotel.ee\/en\/#organization"},"alternateName":"Metropol Hotel","potentialAction":[{"@type":"SearchAction","target":{"@type":"EntryPoint","urlTemplate":"https:\/\/www.metropolhotel.ee\/en\/?s={search_term_string}"},"query-input":"required name=search_term_string"}],"inLanguage":"en-US"},{"@type":"Organization","@id":"https:\/\/www.metropolhotel.ee\/en\/#organization","name":"Metropol Hotel","alternateName":"Metropol Hotel","url":"https:\/\/www.metropolhotel.ee\/en\/","logo":{"@type":"ImageObject","inLanguage":"en-US","@id":"https:\/\/www.metropolhotel.ee\/en\/#\/schema\/logo\/image\/","url":"https:\/\/metropol-hotel-new.ms2.decms.eu\/wp-content\/uploads\/sites\/160\/2024\/09\/Metropol_Hotel_hor_.png","contentUrl":"https:\/\/metropol-hotel-new.ms2.decms.eu\/wp-content\/uploads\/sites\/160\/2024\/09\/Metropol_Hotel_hor_.png","width":230,"height":82,"caption":"Metropol Hotel"},"image":{"@id":"https:\/\/www.metropolhotel.ee\/en\/#\/schema\/logo\/image\/"},"sameAs":["https:\/\/www.facebook.com\/MetropolSpaHotel\/","https:\/\/www.youtube.com\/@metropolhotels4972"]}]}},"acf":[],"_links":{"self":[{"href":"https:\/\/www.metropolhotel.ee\/en\/wp-json\/wp\/v2\/pages\/1695"}],"collection":[{"href":"https:\/\/www.metropolhotel.ee\/en\/wp-json\/wp\/v2\/pages"}],"about":[{"href":"https:\/\/www.metropolhotel.ee\/en\/wp-json\/wp\/v2\/types\/page"}],"author":[{"embeddable":true,"href":"https:\/\/www.metropolhotel.ee\/en\/wp-json\/wp\/v2\/users\/121"}],"replies":[{"embeddable":true,"href":"https:\/\/www.metropolhotel.ee\/en\/wp-json\/wp\/v2\/comments?post=1695"}],"version-history":[{"count":0,"href":"https:\/\/www.metropolhotel.ee\/en\/wp-json\/wp\/v2\/pages\/1695\/revisions"}],"up":[{"embeddable":true,"href":"https:\/\/www.metropolhotel.ee\/en\/wp-json\/wp\/v2\/pages\/1438"}],"wp:attachment":[{"href":"https:\/\/www.metropolhotel.ee\/en\/wp-json\/wp\/v2\/media?parent=1695"}],"curies":[{"name":"wp","href":"https:\/\/api.w.org\/{rel}","templated":true}]}}