{"id":1813,"date":"2025-11-19T11:39:53","date_gmt":"2025-11-19T11:39:53","guid":{"rendered":"https:\/\/www.metropolhotel.ee\/?page_id=1813"},"modified":"2025-11-19T11:45:13","modified_gmt":"2025-11-19T11:45:13","slug":"hotelbuddy-self-service","status":"publish","type":"page","link":"https:\/\/www.metropolhotel.ee\/en\/hotelbuddy-self-service\/","title":{"rendered":"HotelBuddy self-service"},"content":{"rendered":"<p class=\"p1\">We use a digital self-service platform platform <span class=\"s1\">HotelBuddy<\/span> to provide you with modern contactless guest technology and to make your stay with us even more comfortable.<\/p>\n<p class=\"p1\">With Hotelbuddy you can use your personal device to open your room door, order additional services, chat with hotel staff, and instead of standing in line on the day of departure, conveniently pay and check out.<\/p>\n<p class=\"p2\">To use the self-service platform<span class=\"s2\">, please contact the hotel <\/span>reception, who will provide you with a personal access link. There is no need to download any application to use HotelBuddy; all its functionalities are accessible through the same link and work on any device with an internet browser.<\/p>\n","protected":false},"excerpt":{"rendered":"<p>We use a digital self-service platform platform HotelBuddy to provide you with modern contactless guest technology and to make your stay with us even more comfortable. With Hotelbuddy you can use your personal device to open your room door, order additional services, chat with hotel staff, and instead of standing in line on the day [&hellip;]<\/p>\n","protected":false},"author":121,"featured_media":0,"parent":0,"menu_order":0,"comment_status":"closed","ping_status":"closed","template":"template-services.php","meta":{"footnotes":""},"yoast_head":"<!-- This site is optimized with the Yoast SEO plugin v22.3 - https:\/\/yoast.com\/wordpress\/plugins\/seo\/ -->\n<title>HotelBuddy self-service - Metropol Hotel<\/title>\n<meta name=\"description\" content=\"We use a digital self-service platform platform HotelBuddy to provide you with modern contactless guest technology and to make your stay with us even more comfortable. With Hotelbuddy you can use your personal device to open your room door, order additional services, chat with hotel staff, and instead of standing in line on the day of departure, conveniently pay and check out. To use the self-service platform, please contact the hotel reception, who will provide you with a personal access link. There is no need to download any application to use HotelBuddy; all its functionalities are accessible through the same link and work on any device with an internet browser.\" \/>\n<meta name=\"robots\" content=\"index, follow, max-snippet:-1, max-image-preview:large, max-video-preview:-1\" \/>\n<link rel=\"canonical\" href=\"https:\/\/www.metropolhotel.ee\/en\/hotelbuddy-self-service\/\" \/>\n<meta property=\"og:locale\" content=\"en_US\" \/>\n<meta property=\"og:type\" content=\"article\" \/>\n<meta property=\"og:title\" content=\"HotelBuddy self-service - Metropol Hotel\" \/>\n<meta property=\"og:description\" content=\"We use a digital self-service platform platform HotelBuddy to provide you with modern contactless guest technology and to make your stay with us even more comfortable. With Hotelbuddy you can use your personal device to open your room door, order additional services, chat with hotel staff, and instead of standing in line on the day of departure, conveniently pay and check out. To use the self-service platform, please contact the hotel reception, who will provide you with a personal access link. There is no need to download any application to use HotelBuddy; all its functionalities are accessible through the same link and work on any device with an internet browser.\" \/>\n<meta property=\"og:url\" content=\"https:\/\/www.metropolhotel.ee\/en\/hotelbuddy-self-service\/\" \/>\n<meta property=\"og:site_name\" content=\"Metropol Hotel\" \/>\n<meta property=\"article:publisher\" content=\"https:\/\/www.facebook.com\/MetropolSpaHotel\/\" \/>\n<meta property=\"article:modified_time\" content=\"2025-11-19T11:45:13+00:00\" \/>\n<meta property=\"og:image\" content=\"https:\/\/www.metropolhotel.ee\/wp-content\/uploads\/sites\/160\/2023\/08\/metropole_spa_hotel_slide_02.jpg\" \/>\n\t<meta property=\"og:image:width\" content=\"2200\" \/>\n\t<meta property=\"og:image:height\" content=\"1200\" \/>\n\t<meta property=\"og:image:type\" content=\"image\/jpeg\" \/>\n<meta name=\"twitter:card\" content=\"summary_large_image\" \/>\n<meta name=\"twitter:label1\" content=\"Est. reading time\" \/>\n\t<meta name=\"twitter:data1\" content=\"1 minute\" \/>\n<script type=\"application\/ld+json\" class=\"yoast-schema-graph\">{\"@context\":\"https:\/\/schema.org\",\"@graph\":[{\"@type\":\"WebPage\",\"@id\":\"https:\/\/www.metropolhotel.ee\/en\/hotelbuddy-self-service\/\",\"url\":\"https:\/\/www.metropolhotel.ee\/en\/hotelbuddy-self-service\/\",\"name\":\"HotelBuddy self-service - Metropol Hotel\",\"isPartOf\":{\"@id\":\"https:\/\/www.metropolhotel.ee\/en\/#website\"},\"datePublished\":\"2025-11-19T11:39:53+00:00\",\"dateModified\":\"2025-11-19T11:45:13+00:00\",\"description\":\"We use a digital self-service platform platform HotelBuddy to provide you with modern contactless guest technology and to make your stay with us even more comfortable. With Hotelbuddy you can use your personal device to open your room door, order additional services, chat with hotel staff, and instead of standing in line on the day of departure, conveniently pay and check out. To use the self-service platform, please contact the hotel reception, who will provide you with a personal access link. There is no need to download any application to use HotelBuddy; all its functionalities are accessible through the same link and work on any device with an internet browser.\",\"inLanguage\":\"en-US\",\"potentialAction\":[{\"@type\":\"ReadAction\",\"target\":[\"https:\/\/www.metropolhotel.ee\/en\/hotelbuddy-self-service\/\"]}]},{\"@type\":\"WebSite\",\"@id\":\"https:\/\/www.metropolhotel.ee\/en\/#website\",\"url\":\"https:\/\/www.metropolhotel.ee\/en\/\",\"name\":\"Metropol Hotel\",\"description\":\"Metropol Hotels pakub unikaalset hotellielamust Tallinna uues linnas\u00fcdames. Ideaalne valik \u00e4ri-, konverentsi- v\u00f5i puhkusereisiks!\",\"publisher\":{\"@id\":\"https:\/\/www.metropolhotel.ee\/en\/#organization\"},\"alternateName\":\"Metropol Hotel\",\"potentialAction\":[{\"@type\":\"SearchAction\",\"target\":{\"@type\":\"EntryPoint\",\"urlTemplate\":\"https:\/\/www.metropolhotel.ee\/en\/?s={search_term_string}\"},\"query-input\":\"required name=search_term_string\"}],\"inLanguage\":\"en-US\"},{\"@type\":\"Organization\",\"@id\":\"https:\/\/www.metropolhotel.ee\/en\/#organization\",\"name\":\"Metropol Hotel\",\"alternateName\":\"Metropol Hotel\",\"url\":\"https:\/\/www.metropolhotel.ee\/en\/\",\"logo\":{\"@type\":\"ImageObject\",\"inLanguage\":\"en-US\",\"@id\":\"https:\/\/www.metropolhotel.ee\/en\/#\/schema\/logo\/image\/\",\"url\":\"https:\/\/metropol-hotel-new.ms2.decms.eu\/wp-content\/uploads\/sites\/160\/2024\/09\/Metropol_Hotel_hor_.png\",\"contentUrl\":\"https:\/\/metropol-hotel-new.ms2.decms.eu\/wp-content\/uploads\/sites\/160\/2024\/09\/Metropol_Hotel_hor_.png\",\"width\":230,\"height\":82,\"caption\":\"Metropol Hotel\"},\"image\":{\"@id\":\"https:\/\/www.metropolhotel.ee\/en\/#\/schema\/logo\/image\/\"},\"sameAs\":[\"https:\/\/www.facebook.com\/MetropolSpaHotel\/\",\"https:\/\/www.youtube.com\/@metropolhotels4972\"]}]}<\/script>\n<!-- \/ Yoast SEO plugin. -->","yoast_head_json":{"title":"HotelBuddy self-service - Metropol Hotel","description":"We use a digital self-service platform platform HotelBuddy to provide you with modern contactless guest technology and to make your stay with us even more comfortable. With Hotelbuddy you can use your personal device to open your room door, order additional services, chat with hotel staff, and instead of standing in line on the day of departure, conveniently pay and check out. To use the self-service platform, please contact the hotel reception, who will provide you with a personal access link. There is no need to download any application to use HotelBuddy; all its functionalities are accessible through the same link and work on any device with an internet browser.","robots":{"index":"index","follow":"follow","max-snippet":"max-snippet:-1","max-image-preview":"max-image-preview:large","max-video-preview":"max-video-preview:-1"},"canonical":"https:\/\/www.metropolhotel.ee\/en\/hotelbuddy-self-service\/","og_locale":"en_US","og_type":"article","og_title":"HotelBuddy self-service - Metropol Hotel","og_description":"We use a digital self-service platform platform HotelBuddy to provide you with modern contactless guest technology and to make your stay with us even more comfortable. With Hotelbuddy you can use your personal device to open your room door, order additional services, chat with hotel staff, and instead of standing in line on the day of departure, conveniently pay and check out. To use the self-service platform, please contact the hotel reception, who will provide you with a personal access link. There is no need to download any application to use HotelBuddy; all its functionalities are accessible through the same link and work on any device with an internet browser.","og_url":"https:\/\/www.metropolhotel.ee\/en\/hotelbuddy-self-service\/","og_site_name":"Metropol Hotel","article_publisher":"https:\/\/www.facebook.com\/MetropolSpaHotel\/","article_modified_time":"2025-11-19T11:45:13+00:00","og_image":[{"width":2200,"height":1200,"url":"https:\/\/www.metropolhotel.ee\/wp-content\/uploads\/sites\/160\/2023\/08\/metropole_spa_hotel_slide_02.jpg","type":"image\/jpeg"}],"twitter_card":"summary_large_image","twitter_misc":{"Est. reading time":"1 minute"},"schema":{"@context":"https:\/\/schema.org","@graph":[{"@type":"WebPage","@id":"https:\/\/www.metropolhotel.ee\/en\/hotelbuddy-self-service\/","url":"https:\/\/www.metropolhotel.ee\/en\/hotelbuddy-self-service\/","name":"HotelBuddy self-service - Metropol Hotel","isPartOf":{"@id":"https:\/\/www.metropolhotel.ee\/en\/#website"},"datePublished":"2025-11-19T11:39:53+00:00","dateModified":"2025-11-19T11:45:13+00:00","description":"We use a digital self-service platform platform HotelBuddy to provide you with modern contactless guest technology and to make your stay with us even more comfortable. With Hotelbuddy you can use your personal device to open your room door, order additional services, chat with hotel staff, and instead of standing in line on the day of departure, conveniently pay and check out. To use the self-service platform, please contact the hotel reception, who will provide you with a personal access link. There is no need to download any application to use HotelBuddy; all its functionalities are accessible through the same link and work on any device with an internet browser.","inLanguage":"en-US","potentialAction":[{"@type":"ReadAction","target":["https:\/\/www.metropolhotel.ee\/en\/hotelbuddy-self-service\/"]}]},{"@type":"WebSite","@id":"https:\/\/www.metropolhotel.ee\/en\/#website","url":"https:\/\/www.metropolhotel.ee\/en\/","name":"Metropol Hotel","description":"Metropol Hotels pakub unikaalset hotellielamust Tallinna uues linnas\u00fcdames. Ideaalne valik \u00e4ri-, konverentsi- v\u00f5i puhkusereisiks!","publisher":{"@id":"https:\/\/www.metropolhotel.ee\/en\/#organization"},"alternateName":"Metropol Hotel","potentialAction":[{"@type":"SearchAction","target":{"@type":"EntryPoint","urlTemplate":"https:\/\/www.metropolhotel.ee\/en\/?s={search_term_string}"},"query-input":"required name=search_term_string"}],"inLanguage":"en-US"},{"@type":"Organization","@id":"https:\/\/www.metropolhotel.ee\/en\/#organization","name":"Metropol Hotel","alternateName":"Metropol Hotel","url":"https:\/\/www.metropolhotel.ee\/en\/","logo":{"@type":"ImageObject","inLanguage":"en-US","@id":"https:\/\/www.metropolhotel.ee\/en\/#\/schema\/logo\/image\/","url":"https:\/\/metropol-hotel-new.ms2.decms.eu\/wp-content\/uploads\/sites\/160\/2024\/09\/Metropol_Hotel_hor_.png","contentUrl":"https:\/\/metropol-hotel-new.ms2.decms.eu\/wp-content\/uploads\/sites\/160\/2024\/09\/Metropol_Hotel_hor_.png","width":230,"height":82,"caption":"Metropol Hotel"},"image":{"@id":"https:\/\/www.metropolhotel.ee\/en\/#\/schema\/logo\/image\/"},"sameAs":["https:\/\/www.facebook.com\/MetropolSpaHotel\/","https:\/\/www.youtube.com\/@metropolhotels4972"]}]}},"acf":[],"_links":{"self":[{"href":"https:\/\/www.metropolhotel.ee\/en\/wp-json\/wp\/v2\/pages\/1813"}],"collection":[{"href":"https:\/\/www.metropolhotel.ee\/en\/wp-json\/wp\/v2\/pages"}],"about":[{"href":"https:\/\/www.metropolhotel.ee\/en\/wp-json\/wp\/v2\/types\/page"}],"author":[{"embeddable":true,"href":"https:\/\/www.metropolhotel.ee\/en\/wp-json\/wp\/v2\/users\/121"}],"replies":[{"embeddable":true,"href":"https:\/\/www.metropolhotel.ee\/en\/wp-json\/wp\/v2\/comments?post=1813"}],"version-history":[{"count":0,"href":"https:\/\/www.metropolhotel.ee\/en\/wp-json\/wp\/v2\/pages\/1813\/revisions"}],"wp:attachment":[{"href":"https:\/\/www.metropolhotel.ee\/en\/wp-json\/wp\/v2\/media?parent=1813"}],"curies":[{"name":"wp","href":"https:\/\/api.w.org\/{rel}","templated":true}]}}