{"id":1365,"date":"2023-07-18T16:18:24","date_gmt":"2023-07-18T16:18:24","guid":{"rendered":"https:\/\/metropol-hotel-new.ms2.decms.eu\/?page_id=1365"},"modified":"2025-03-25T13:36:41","modified_gmt":"2025-03-25T13:36:41","slug":"kolmen-hengen-huoneet","status":"publish","type":"page","link":"https:\/\/www.metropolhotel.ee\/fi\/huoneet\/kolmen-hengen-huoneet\/","title":{"rendered":"Kolmen hengen huoneet"},"content":{"rendered":"<p>Kun matkustat kolmen hengen ryhm\u00e4n kanssa, tilava ja mukava hotellihuone on t\u00e4rke\u00e4\u00e4 miellytt\u00e4v\u00e4n vierailun kannalta. Meid\u00e4n kolmen hengen hotellihuoneet on suunniteltu niin, ett\u00e4 vierailla on riitt\u00e4v\u00e4sti tilaa rentoutua ja huoneissa on kolme t\u00e4ysikokoista vuodetta. Olipa kyseess\u00e4 perhe tai yst\u00e4v\u00e4t, n\u00e4m\u00e4 huoneet tarjoavat t\u00e4ydellisen ymp\u00e4rist\u00f6n miellytt\u00e4v\u00e4\u00e4n vierailuun.<\/p>\n","protected":false},"excerpt":{"rendered":"<p>Kun matkustat kolmen hengen ryhm\u00e4n kanssa, tilava ja mukava hotellihuone on t\u00e4rke\u00e4\u00e4 miellytt\u00e4v\u00e4n vierailun kannalta. Meid\u00e4n kolmen hengen hotellihuoneet on suunniteltu niin, ett\u00e4 vierailla on riitt\u00e4v\u00e4sti tilaa rentoutua ja huoneissa on kolme t\u00e4ysikokoista vuodetta. Olipa kyseess\u00e4 perhe tai yst\u00e4v\u00e4t, n\u00e4m\u00e4 huoneet tarjoavat t\u00e4ydellisen ymp\u00e4rist\u00f6n miellytt\u00e4v\u00e4\u00e4n vierailuun.<\/p>\n","protected":false},"author":12,"featured_media":0,"parent":1360,"menu_order":12,"comment_status":"closed","ping_status":"closed","template":"template-single-room.php","meta":{"footnotes":""},"class_list":["post-1365","page","type-page","status-publish","hentry"],"yoast_head":"<!-- This site is optimized with the Yoast SEO plugin v27.3 - https:\/\/yoast.com\/product\/yoast-seo-wordpress\/ -->\n<title>Kolmen hengen huoneet - Metropol Hotel<\/title>\n<meta name=\"description\" content=\"Kolmen hengen huoneemme on sisustettu niin, ett\u00e4 jokaiselle vieraalle j\u00e4\u00e4 riitt\u00e4v\u00e4sti tilaa, ja niiss\u00e4 on kolme t\u00e4ysikokoista vuodetta.\" \/>\n<meta name=\"robots\" content=\"index, follow, max-snippet:-1, max-image-preview:large, max-video-preview:-1\" \/>\n<link rel=\"canonical\" href=\"https:\/\/www.metropolhotel.ee\/fi\/huoneet\/kolmen-hengen-huoneet\/\" \/>\n<meta property=\"og:locale\" content=\"fi_FI\" \/>\n<meta property=\"og:type\" content=\"article\" \/>\n<meta property=\"og:title\" content=\"Kolmen hengen huoneet - Metropol Hotel\" \/>\n<meta property=\"og:description\" content=\"Kolmen hengen huoneemme on sisustettu niin, ett\u00e4 jokaiselle vieraalle j\u00e4\u00e4 riitt\u00e4v\u00e4sti tilaa, ja niiss\u00e4 on kolme t\u00e4ysikokoista vuodetta.\" \/>\n<meta property=\"og:url\" content=\"https:\/\/www.metropolhotel.ee\/fi\/huoneet\/kolmen-hengen-huoneet\/\" \/>\n<meta property=\"og:site_name\" content=\"Metropol Hotel\" \/>\n<meta property=\"article:publisher\" content=\"https:\/\/www.facebook.com\/MetropolSpaHotel\/\" \/>\n<meta property=\"article:modified_time\" content=\"2025-03-25T13:36:41+00:00\" \/>\n<meta property=\"og:image\" content=\"https:\/\/www.metropolhotel.ee\/wp-content\/uploads\/sites\/160\/2023\/08\/metropole_spa_hotel_slide_02.jpg\" \/>\n\t<meta property=\"og:image:width\" content=\"2200\" \/>\n\t<meta property=\"og:image:height\" content=\"1200\" \/>\n\t<meta property=\"og:image:type\" content=\"image\/jpeg\" \/>\n<meta name=\"twitter:card\" content=\"summary_large_image\" \/>\n<meta name=\"twitter:label1\" content=\"Arvioitu lukuaika\" \/>\n\t<meta name=\"twitter:data1\" content=\"1 minuutti\" \/>\n<script type=\"application\/ld+json\" class=\"yoast-schema-graph\">{\"@context\":\"https:\\\/\\\/schema.org\",\"@graph\":[{\"@type\":\"WebPage\",\"@id\":\"https:\\\/\\\/www.metropolhotel.ee\\\/fi\\\/huoneet\\\/kolmen-hengen-huoneet\\\/\",\"url\":\"https:\\\/\\\/www.metropolhotel.ee\\\/fi\\\/huoneet\\\/kolmen-hengen-huoneet\\\/\",\"name\":\"Kolmen hengen huoneet - Metropol Hotel\",\"isPartOf\":{\"@id\":\"https:\\\/\\\/www.metropolhotel.ee\\\/fi\\\/#website\"},\"datePublished\":\"2023-07-18T16:18:24+00:00\",\"dateModified\":\"2025-03-25T13:36:41+00:00\",\"description\":\"Kolmen hengen huoneemme on sisustettu niin, ett\u00e4 jokaiselle vieraalle j\u00e4\u00e4 riitt\u00e4v\u00e4sti tilaa, ja niiss\u00e4 on kolme t\u00e4ysikokoista vuodetta.\",\"breadcrumb\":{\"@id\":\"https:\\\/\\\/www.metropolhotel.ee\\\/fi\\\/huoneet\\\/kolmen-hengen-huoneet\\\/#breadcrumb\"},\"inLanguage\":\"fi\",\"potentialAction\":[{\"@type\":\"ReadAction\",\"target\":[\"https:\\\/\\\/www.metropolhotel.ee\\\/fi\\\/huoneet\\\/kolmen-hengen-huoneet\\\/\"]}]},{\"@type\":\"BreadcrumbList\",\"@id\":\"https:\\\/\\\/www.metropolhotel.ee\\\/fi\\\/huoneet\\\/kolmen-hengen-huoneet\\\/#breadcrumb\",\"itemListElement\":[{\"@type\":\"ListItem\",\"position\":1,\"name\":\"Huoneet\",\"item\":\"https:\\\/\\\/www.metropolhotel.ee\\\/fi\\\/huoneet\\\/\"},{\"@type\":\"ListItem\",\"position\":2,\"name\":\"Kolmen hengen huoneet\"}]},{\"@type\":\"WebSite\",\"@id\":\"https:\\\/\\\/www.metropolhotel.ee\\\/fi\\\/#website\",\"url\":\"https:\\\/\\\/www.metropolhotel.ee\\\/fi\\\/\",\"name\":\"Metropol Hotel\",\"description\":\"Metropol Hotels pakub unikaalset hotellielamust Tallinna uues linnas\u00fcdames. Ideaalne valik \u00e4ri-, konverentsi- v\u00f5i puhkusereisiks!\",\"publisher\":{\"@id\":\"https:\\\/\\\/www.metropolhotel.ee\\\/fi\\\/#organization\"},\"alternateName\":\"Metropol Hotel\",\"potentialAction\":[{\"@type\":\"SearchAction\",\"target\":{\"@type\":\"EntryPoint\",\"urlTemplate\":\"https:\\\/\\\/www.metropolhotel.ee\\\/fi\\\/?s={search_term_string}\"},\"query-input\":{\"@type\":\"PropertyValueSpecification\",\"valueRequired\":true,\"valueName\":\"search_term_string\"}}],\"inLanguage\":\"fi\"},{\"@type\":\"Organization\",\"@id\":\"https:\\\/\\\/www.metropolhotel.ee\\\/fi\\\/#organization\",\"name\":\"Metropol Hotel\",\"alternateName\":\"Metropol Hotel\",\"url\":\"https:\\\/\\\/www.metropolhotel.ee\\\/fi\\\/\",\"logo\":{\"@type\":\"ImageObject\",\"inLanguage\":\"fi\",\"@id\":\"https:\\\/\\\/www.metropolhotel.ee\\\/fi\\\/#\\\/schema\\\/logo\\\/image\\\/\",\"url\":\"https:\\\/\\\/metropol-hotel-new.ms2.decms.eu\\\/wp-content\\\/uploads\\\/sites\\\/160\\\/2024\\\/09\\\/Metropol_Hotel_hor_.png\",\"contentUrl\":\"https:\\\/\\\/metropol-hotel-new.ms2.decms.eu\\\/wp-content\\\/uploads\\\/sites\\\/160\\\/2024\\\/09\\\/Metropol_Hotel_hor_.png\",\"width\":230,\"height\":82,\"caption\":\"Metropol Hotel\"},\"image\":{\"@id\":\"https:\\\/\\\/www.metropolhotel.ee\\\/fi\\\/#\\\/schema\\\/logo\\\/image\\\/\"},\"sameAs\":[\"https:\\\/\\\/www.facebook.com\\\/MetropolSpaHotel\\\/\",\"https:\\\/\\\/www.youtube.com\\\/@metropolhotels4972\"]}]}<\/script>\n<!-- \/ Yoast SEO plugin. -->","yoast_head_json":{"title":"Kolmen hengen huoneet - Metropol Hotel","description":"Kolmen hengen huoneemme on sisustettu niin, ett\u00e4 jokaiselle vieraalle j\u00e4\u00e4 riitt\u00e4v\u00e4sti tilaa, ja niiss\u00e4 on kolme t\u00e4ysikokoista vuodetta.","robots":{"index":"index","follow":"follow","max-snippet":"max-snippet:-1","max-image-preview":"max-image-preview:large","max-video-preview":"max-video-preview:-1"},"canonical":"https:\/\/www.metropolhotel.ee\/fi\/huoneet\/kolmen-hengen-huoneet\/","og_locale":"fi_FI","og_type":"article","og_title":"Kolmen hengen huoneet - Metropol Hotel","og_description":"Kolmen hengen huoneemme on sisustettu niin, ett\u00e4 jokaiselle vieraalle j\u00e4\u00e4 riitt\u00e4v\u00e4sti tilaa, ja niiss\u00e4 on kolme t\u00e4ysikokoista vuodetta.","og_url":"https:\/\/www.metropolhotel.ee\/fi\/huoneet\/kolmen-hengen-huoneet\/","og_site_name":"Metropol Hotel","article_publisher":"https:\/\/www.facebook.com\/MetropolSpaHotel\/","article_modified_time":"2025-03-25T13:36:41+00:00","og_image":[{"width":2200,"height":1200,"url":"https:\/\/www.metropolhotel.ee\/wp-content\/uploads\/sites\/160\/2023\/08\/metropole_spa_hotel_slide_02.jpg","type":"image\/jpeg"}],"twitter_card":"summary_large_image","twitter_misc":{"Arvioitu lukuaika":"1 minuutti"},"schema":{"@context":"https:\/\/schema.org","@graph":[{"@type":"WebPage","@id":"https:\/\/www.metropolhotel.ee\/fi\/huoneet\/kolmen-hengen-huoneet\/","url":"https:\/\/www.metropolhotel.ee\/fi\/huoneet\/kolmen-hengen-huoneet\/","name":"Kolmen hengen huoneet - Metropol Hotel","isPartOf":{"@id":"https:\/\/www.metropolhotel.ee\/fi\/#website"},"datePublished":"2023-07-18T16:18:24+00:00","dateModified":"2025-03-25T13:36:41+00:00","description":"Kolmen hengen huoneemme on sisustettu niin, ett\u00e4 jokaiselle vieraalle j\u00e4\u00e4 riitt\u00e4v\u00e4sti tilaa, ja niiss\u00e4 on kolme t\u00e4ysikokoista vuodetta.","breadcrumb":{"@id":"https:\/\/www.metropolhotel.ee\/fi\/huoneet\/kolmen-hengen-huoneet\/#breadcrumb"},"inLanguage":"fi","potentialAction":[{"@type":"ReadAction","target":["https:\/\/www.metropolhotel.ee\/fi\/huoneet\/kolmen-hengen-huoneet\/"]}]},{"@type":"BreadcrumbList","@id":"https:\/\/www.metropolhotel.ee\/fi\/huoneet\/kolmen-hengen-huoneet\/#breadcrumb","itemListElement":[{"@type":"ListItem","position":1,"name":"Huoneet","item":"https:\/\/www.metropolhotel.ee\/fi\/huoneet\/"},{"@type":"ListItem","position":2,"name":"Kolmen hengen huoneet"}]},{"@type":"WebSite","@id":"https:\/\/www.metropolhotel.ee\/fi\/#website","url":"https:\/\/www.metropolhotel.ee\/fi\/","name":"Metropol Hotel","description":"Metropol Hotels pakub unikaalset hotellielamust Tallinna uues linnas\u00fcdames. Ideaalne valik \u00e4ri-, konverentsi- v\u00f5i puhkusereisiks!","publisher":{"@id":"https:\/\/www.metropolhotel.ee\/fi\/#organization"},"alternateName":"Metropol Hotel","potentialAction":[{"@type":"SearchAction","target":{"@type":"EntryPoint","urlTemplate":"https:\/\/www.metropolhotel.ee\/fi\/?s={search_term_string}"},"query-input":{"@type":"PropertyValueSpecification","valueRequired":true,"valueName":"search_term_string"}}],"inLanguage":"fi"},{"@type":"Organization","@id":"https:\/\/www.metropolhotel.ee\/fi\/#organization","name":"Metropol Hotel","alternateName":"Metropol Hotel","url":"https:\/\/www.metropolhotel.ee\/fi\/","logo":{"@type":"ImageObject","inLanguage":"fi","@id":"https:\/\/www.metropolhotel.ee\/fi\/#\/schema\/logo\/image\/","url":"https:\/\/metropol-hotel-new.ms2.decms.eu\/wp-content\/uploads\/sites\/160\/2024\/09\/Metropol_Hotel_hor_.png","contentUrl":"https:\/\/metropol-hotel-new.ms2.decms.eu\/wp-content\/uploads\/sites\/160\/2024\/09\/Metropol_Hotel_hor_.png","width":230,"height":82,"caption":"Metropol Hotel"},"image":{"@id":"https:\/\/www.metropolhotel.ee\/fi\/#\/schema\/logo\/image\/"},"sameAs":["https:\/\/www.facebook.com\/MetropolSpaHotel\/","https:\/\/www.youtube.com\/@metropolhotels4972"]}]}},"acf":[],"_links":{"self":[{"href":"https:\/\/www.metropolhotel.ee\/fi\/wp-json\/wp\/v2\/pages\/1365","targetHints":{"allow":["GET"]}}],"collection":[{"href":"https:\/\/www.metropolhotel.ee\/fi\/wp-json\/wp\/v2\/pages"}],"about":[{"href":"https:\/\/www.metropolhotel.ee\/fi\/wp-json\/wp\/v2\/types\/page"}],"author":[{"embeddable":true,"href":"https:\/\/www.metropolhotel.ee\/fi\/wp-json\/wp\/v2\/users\/12"}],"replies":[{"embeddable":true,"href":"https:\/\/www.metropolhotel.ee\/fi\/wp-json\/wp\/v2\/comments?post=1365"}],"version-history":[{"count":0,"href":"https:\/\/www.metropolhotel.ee\/fi\/wp-json\/wp\/v2\/pages\/1365\/revisions"}],"up":[{"embeddable":true,"href":"https:\/\/www.metropolhotel.ee\/fi\/wp-json\/wp\/v2\/pages\/1360"}],"wp:attachment":[{"href":"https:\/\/www.metropolhotel.ee\/fi\/wp-json\/wp\/v2\/media?parent=1365"}],"curies":[{"name":"wp","href":"https:\/\/api.w.org\/{rel}","templated":true}]}}