{"id":1368,"date":"2023-07-18T16:29:16","date_gmt":"2023-07-18T16:29:16","guid":{"rendered":"https:\/\/metropol-hotel-new.ms2.decms.eu\/?page_id=1368"},"modified":"2025-03-25T13:43:43","modified_gmt":"2025-03-25T13:43:43","slug":"saunalliset-huoneet","status":"publish","type":"page","link":"https:\/\/www.metropolhotel.ee\/fi\/huoneet\/saunalliset-huoneet\/","title":{"rendered":"Saunalliset huoneet"},"content":{"rendered":"<div class=\"n4sEPd\">\n<div class=\"FFpbKc\"><\/div>\n<\/div>\n<div class=\"QcsUad BDJ8fb BLojaf sMVRZe hCXDsb wneUed\">\n<div class=\"usGWQd\">\n<div class=\"KkbLmb\">\n<div class=\"lRu31\" dir=\"ltr\"><span class=\"HwtZe\" lang=\"fi\"><span class=\"jCAhz ChMk0b\"><span class=\"ryNqvb\">N\u00e4ist\u00e4 huoneista erityisi\u00e4 tekee sauna, joka tarjoaa entist\u00e4 enemm\u00e4n rentoutumista ja mukavuutta ilman, ett\u00e4 sinun tarvitsee astua ulos huoneestasi.<\/span><\/span><\/span><\/div>\n<\/div>\n<\/div>\n<\/div>\n","protected":false},"excerpt":{"rendered":"<p>N\u00e4ist\u00e4 huoneista erityisi\u00e4 tekee sauna, joka tarjoaa entist\u00e4 enemm\u00e4n rentoutumista ja mukavuutta ilman, ett\u00e4 sinun tarvitsee astua ulos huoneestasi.<\/p>\n","protected":false},"author":12,"featured_media":0,"parent":1360,"menu_order":13,"comment_status":"closed","ping_status":"closed","template":"template-single-room.php","meta":{"footnotes":""},"yoast_head":"<!-- This site is optimized with the Yoast SEO plugin v22.3 - https:\/\/yoast.com\/wordpress\/plugins\/seo\/ -->\n<title>Saunalliset huoneet | Metropol Hotel Tallinnas<\/title>\n<meta name=\"description\" content=\"N\u00e4ist\u00e4 huoneista erityisi\u00e4 tekee sauna, joka tarjoaa entist\u00e4 enemm\u00e4n rentoutumista ja mukavuutta.\" \/>\n<meta name=\"robots\" content=\"index, follow, max-snippet:-1, max-image-preview:large, max-video-preview:-1\" \/>\n<link rel=\"canonical\" href=\"https:\/\/www.metropolhotel.ee\/fi\/huoneet\/saunalliset-huoneet\/\" \/>\n<meta property=\"og:locale\" content=\"fi_FI\" \/>\n<meta property=\"og:type\" content=\"article\" \/>\n<meta property=\"og:title\" content=\"Saunalliset huoneet | Metropol Hotel Tallinnas\" \/>\n<meta property=\"og:description\" content=\"N\u00e4ist\u00e4 huoneista erityisi\u00e4 tekee sauna, joka tarjoaa entist\u00e4 enemm\u00e4n rentoutumista ja mukavuutta.\" \/>\n<meta property=\"og:url\" content=\"https:\/\/www.metropolhotel.ee\/fi\/huoneet\/saunalliset-huoneet\/\" \/>\n<meta property=\"og:site_name\" content=\"Metropol Hotel\" \/>\n<meta property=\"article:publisher\" content=\"https:\/\/www.facebook.com\/MetropolSpaHotel\/\" \/>\n<meta property=\"article:modified_time\" content=\"2025-03-25T13:43:43+00:00\" \/>\n<meta property=\"og:image\" content=\"https:\/\/www.metropolhotel.ee\/wp-content\/uploads\/sites\/160\/2023\/08\/metropole_spa_hotel_slide_02.jpg\" \/>\n\t<meta property=\"og:image:width\" content=\"2200\" \/>\n\t<meta property=\"og:image:height\" content=\"1200\" \/>\n\t<meta property=\"og:image:type\" content=\"image\/jpeg\" \/>\n<meta name=\"twitter:card\" content=\"summary_large_image\" \/>\n<meta name=\"twitter:label1\" content=\"Arvioitu lukuaika\" \/>\n\t<meta name=\"twitter:data1\" content=\"1 minuutti\" \/>\n<script type=\"application\/ld+json\" class=\"yoast-schema-graph\">{\"@context\":\"https:\/\/schema.org\",\"@graph\":[{\"@type\":\"WebPage\",\"@id\":\"https:\/\/www.metropolhotel.ee\/fi\/huoneet\/saunalliset-huoneet\/\",\"url\":\"https:\/\/www.metropolhotel.ee\/fi\/huoneet\/saunalliset-huoneet\/\",\"name\":\"Saunalliset huoneet | Metropol Hotel Tallinnas\",\"isPartOf\":{\"@id\":\"https:\/\/www.metropolhotel.ee\/fi\/#website\"},\"datePublished\":\"2023-07-18T16:29:16+00:00\",\"dateModified\":\"2025-03-25T13:43:43+00:00\",\"description\":\"N\u00e4ist\u00e4 huoneista erityisi\u00e4 tekee sauna, joka tarjoaa entist\u00e4 enemm\u00e4n rentoutumista ja mukavuutta.\",\"breadcrumb\":{\"@id\":\"https:\/\/www.metropolhotel.ee\/fi\/huoneet\/saunalliset-huoneet\/#breadcrumb\"},\"inLanguage\":\"fi\",\"potentialAction\":[{\"@type\":\"ReadAction\",\"target\":[\"https:\/\/www.metropolhotel.ee\/fi\/huoneet\/saunalliset-huoneet\/\"]}]},{\"@type\":\"BreadcrumbList\",\"@id\":\"https:\/\/www.metropolhotel.ee\/fi\/huoneet\/saunalliset-huoneet\/#breadcrumb\",\"itemListElement\":[{\"@type\":\"ListItem\",\"position\":1,\"name\":\"Huoneet\",\"item\":\"https:\/\/www.metropolhotel.ee\/fi\/huoneet\/\"},{\"@type\":\"ListItem\",\"position\":2,\"name\":\"Saunalliset huoneet\"}]},{\"@type\":\"WebSite\",\"@id\":\"https:\/\/www.metropolhotel.ee\/fi\/#website\",\"url\":\"https:\/\/www.metropolhotel.ee\/fi\/\",\"name\":\"Metropol Hotel\",\"description\":\"Metropol Hotels pakub unikaalset hotellielamust Tallinna uues linnas\u00fcdames. Ideaalne valik \u00e4ri-, konverentsi- v\u00f5i puhkusereisiks!\",\"publisher\":{\"@id\":\"https:\/\/www.metropolhotel.ee\/fi\/#organization\"},\"alternateName\":\"Metropol Hotel\",\"potentialAction\":[{\"@type\":\"SearchAction\",\"target\":{\"@type\":\"EntryPoint\",\"urlTemplate\":\"https:\/\/www.metropolhotel.ee\/fi\/?s={search_term_string}\"},\"query-input\":\"required name=search_term_string\"}],\"inLanguage\":\"fi\"},{\"@type\":\"Organization\",\"@id\":\"https:\/\/www.metropolhotel.ee\/fi\/#organization\",\"name\":\"Metropol Hotel\",\"alternateName\":\"Metropol Hotel\",\"url\":\"https:\/\/www.metropolhotel.ee\/fi\/\",\"logo\":{\"@type\":\"ImageObject\",\"inLanguage\":\"fi\",\"@id\":\"https:\/\/www.metropolhotel.ee\/fi\/#\/schema\/logo\/image\/\",\"url\":\"https:\/\/metropol-hotel-new.ms2.decms.eu\/wp-content\/uploads\/sites\/160\/2024\/09\/Metropol_Hotel_hor_.png\",\"contentUrl\":\"https:\/\/metropol-hotel-new.ms2.decms.eu\/wp-content\/uploads\/sites\/160\/2024\/09\/Metropol_Hotel_hor_.png\",\"width\":230,\"height\":82,\"caption\":\"Metropol Hotel\"},\"image\":{\"@id\":\"https:\/\/www.metropolhotel.ee\/fi\/#\/schema\/logo\/image\/\"},\"sameAs\":[\"https:\/\/www.facebook.com\/MetropolSpaHotel\/\",\"https:\/\/www.youtube.com\/@metropolhotels4972\"]}]}<\/script>\n<!-- \/ Yoast SEO plugin. -->","yoast_head_json":{"title":"Saunalliset huoneet | Metropol Hotel Tallinnas","description":"N\u00e4ist\u00e4 huoneista erityisi\u00e4 tekee sauna, joka tarjoaa entist\u00e4 enemm\u00e4n rentoutumista ja mukavuutta.","robots":{"index":"index","follow":"follow","max-snippet":"max-snippet:-1","max-image-preview":"max-image-preview:large","max-video-preview":"max-video-preview:-1"},"canonical":"https:\/\/www.metropolhotel.ee\/fi\/huoneet\/saunalliset-huoneet\/","og_locale":"fi_FI","og_type":"article","og_title":"Saunalliset huoneet | Metropol Hotel Tallinnas","og_description":"N\u00e4ist\u00e4 huoneista erityisi\u00e4 tekee sauna, joka tarjoaa entist\u00e4 enemm\u00e4n rentoutumista ja mukavuutta.","og_url":"https:\/\/www.metropolhotel.ee\/fi\/huoneet\/saunalliset-huoneet\/","og_site_name":"Metropol Hotel","article_publisher":"https:\/\/www.facebook.com\/MetropolSpaHotel\/","article_modified_time":"2025-03-25T13:43:43+00:00","og_image":[{"width":2200,"height":1200,"url":"https:\/\/www.metropolhotel.ee\/wp-content\/uploads\/sites\/160\/2023\/08\/metropole_spa_hotel_slide_02.jpg","type":"image\/jpeg"}],"twitter_card":"summary_large_image","twitter_misc":{"Arvioitu lukuaika":"1 minuutti"},"schema":{"@context":"https:\/\/schema.org","@graph":[{"@type":"WebPage","@id":"https:\/\/www.metropolhotel.ee\/fi\/huoneet\/saunalliset-huoneet\/","url":"https:\/\/www.metropolhotel.ee\/fi\/huoneet\/saunalliset-huoneet\/","name":"Saunalliset huoneet | Metropol Hotel Tallinnas","isPartOf":{"@id":"https:\/\/www.metropolhotel.ee\/fi\/#website"},"datePublished":"2023-07-18T16:29:16+00:00","dateModified":"2025-03-25T13:43:43+00:00","description":"N\u00e4ist\u00e4 huoneista erityisi\u00e4 tekee sauna, joka tarjoaa entist\u00e4 enemm\u00e4n rentoutumista ja mukavuutta.","breadcrumb":{"@id":"https:\/\/www.metropolhotel.ee\/fi\/huoneet\/saunalliset-huoneet\/#breadcrumb"},"inLanguage":"fi","potentialAction":[{"@type":"ReadAction","target":["https:\/\/www.metropolhotel.ee\/fi\/huoneet\/saunalliset-huoneet\/"]}]},{"@type":"BreadcrumbList","@id":"https:\/\/www.metropolhotel.ee\/fi\/huoneet\/saunalliset-huoneet\/#breadcrumb","itemListElement":[{"@type":"ListItem","position":1,"name":"Huoneet","item":"https:\/\/www.metropolhotel.ee\/fi\/huoneet\/"},{"@type":"ListItem","position":2,"name":"Saunalliset huoneet"}]},{"@type":"WebSite","@id":"https:\/\/www.metropolhotel.ee\/fi\/#website","url":"https:\/\/www.metropolhotel.ee\/fi\/","name":"Metropol Hotel","description":"Metropol Hotels pakub unikaalset hotellielamust Tallinna uues linnas\u00fcdames. Ideaalne valik \u00e4ri-, konverentsi- v\u00f5i puhkusereisiks!","publisher":{"@id":"https:\/\/www.metropolhotel.ee\/fi\/#organization"},"alternateName":"Metropol Hotel","potentialAction":[{"@type":"SearchAction","target":{"@type":"EntryPoint","urlTemplate":"https:\/\/www.metropolhotel.ee\/fi\/?s={search_term_string}"},"query-input":"required name=search_term_string"}],"inLanguage":"fi"},{"@type":"Organization","@id":"https:\/\/www.metropolhotel.ee\/fi\/#organization","name":"Metropol Hotel","alternateName":"Metropol Hotel","url":"https:\/\/www.metropolhotel.ee\/fi\/","logo":{"@type":"ImageObject","inLanguage":"fi","@id":"https:\/\/www.metropolhotel.ee\/fi\/#\/schema\/logo\/image\/","url":"https:\/\/metropol-hotel-new.ms2.decms.eu\/wp-content\/uploads\/sites\/160\/2024\/09\/Metropol_Hotel_hor_.png","contentUrl":"https:\/\/metropol-hotel-new.ms2.decms.eu\/wp-content\/uploads\/sites\/160\/2024\/09\/Metropol_Hotel_hor_.png","width":230,"height":82,"caption":"Metropol Hotel"},"image":{"@id":"https:\/\/www.metropolhotel.ee\/fi\/#\/schema\/logo\/image\/"},"sameAs":["https:\/\/www.facebook.com\/MetropolSpaHotel\/","https:\/\/www.youtube.com\/@metropolhotels4972"]}]}},"acf":[],"_links":{"self":[{"href":"https:\/\/www.metropolhotel.ee\/fi\/wp-json\/wp\/v2\/pages\/1368"}],"collection":[{"href":"https:\/\/www.metropolhotel.ee\/fi\/wp-json\/wp\/v2\/pages"}],"about":[{"href":"https:\/\/www.metropolhotel.ee\/fi\/wp-json\/wp\/v2\/types\/page"}],"author":[{"embeddable":true,"href":"https:\/\/www.metropolhotel.ee\/fi\/wp-json\/wp\/v2\/users\/12"}],"replies":[{"embeddable":true,"href":"https:\/\/www.metropolhotel.ee\/fi\/wp-json\/wp\/v2\/comments?post=1368"}],"version-history":[{"count":0,"href":"https:\/\/www.metropolhotel.ee\/fi\/wp-json\/wp\/v2\/pages\/1368\/revisions"}],"up":[{"embeddable":true,"href":"https:\/\/www.metropolhotel.ee\/fi\/wp-json\/wp\/v2\/pages\/1360"}],"wp:attachment":[{"href":"https:\/\/www.metropolhotel.ee\/fi\/wp-json\/wp\/v2\/media?parent=1368"}],"curies":[{"name":"wp","href":"https:\/\/api.w.org\/{rel}","templated":true}]}}