{"id":1374,"date":"2023-07-18T16:48:41","date_gmt":"2023-07-18T16:48:41","guid":{"rendered":"https:\/\/metropol-hotel-new.ms2.decms.eu\/?page_id=1374"},"modified":"2025-07-30T11:10:46","modified_gmt":"2025-07-30T11:10:46","slug":"kulmahuone","status":"publish","type":"page","link":"https:\/\/www.metropolhotel.ee\/fi\/huoneet\/kulmahuone\/","title":{"rendered":"Kulmahuone"},"content":{"rendered":"<p style=\"font-weight: 400\">Tilava\u00a0<strong>KULMAHUONE<\/strong>\u00a0jokaisessa kerroksessa tarjoaa enemm\u00e4n tilaa ja rauhallisemman ilmapiirin niille, jotka arvostavat mukavuutta ja seesteist\u00e4 ymp\u00e4rist\u00f6\u00e4<\/p>\n<p style=\"font-weight: 400\">Huoneessa on kaksi ikkunaa, jotka tuovat runsaasti luonnonvaloa ja avaruuden tunnetta \u2013 t\u00e4m\u00e4 tekee oleskelusta erityisen miellytt\u00e4v\u00e4n.<\/p>\n<p style=\"font-weight: 400\">Huoneessa on leve\u00e4 paris\u00e4nky sek\u00e4 vuodesohva, joten majoitus onnistuu jopa nelj\u00e4lle vieraalle.<\/p>\n<p style=\"font-weight: 400\"><strong>Viidess\u00e4 kuudesta<\/strong>\u00a0kulmahuoneesta on\u00a0<strong>sauna<\/strong>, jonka k\u00e4ytt\u00f6 on saatavilla lis\u00e4maksusta \u2013 t\u00e4ydellinen tapa rentoutua juuri silloin, kun sinulle sopii.<\/p>\n<p style=\"font-weight: 400\"><strong>KULMAHUONE<\/strong>\u00a0sopii erinomaisesti vieraille, jotka arvostavat tilavuutta, rauhaa ja lis\u00e4mukavuuksia.<\/p>\n","protected":false},"excerpt":{"rendered":"<p>Tilava\u00a0KULMAHUONE\u00a0jokaisessa kerroksessa tarjoaa enemm\u00e4n tilaa ja rauhallisemman ilmapiirin niille, jotka arvostavat mukavuutta ja seesteist\u00e4 ymp\u00e4rist\u00f6\u00e4 Huoneessa on kaksi ikkunaa, jotka tuovat runsaasti luonnonvaloa ja avaruuden tunnetta \u2013 t\u00e4m\u00e4 tekee oleskelusta erityisen miellytt\u00e4v\u00e4n. Huoneessa on leve\u00e4 paris\u00e4nky sek\u00e4 vuodesohva, joten majoitus onnistuu jopa nelj\u00e4lle vieraalle. Viidess\u00e4 kuudesta\u00a0kulmahuoneesta on\u00a0sauna, jonka k\u00e4ytt\u00f6 on saatavilla lis\u00e4maksusta \u2013 t\u00e4ydellinen tapa [&hellip;]<\/p>\n","protected":false},"author":12,"featured_media":0,"parent":1360,"menu_order":15,"comment_status":"closed","ping_status":"closed","template":"template-single-room.php","meta":{"footnotes":""},"class_list":["post-1374","page","type-page","status-publish","hentry"],"yoast_head":"<!-- This site is optimized with the Yoast SEO plugin v27.3 - https:\/\/yoast.com\/product\/yoast-seo-wordpress\/ -->\n<title>Kulmahuone - Metropol Hotel<\/title>\n<meta name=\"description\" content=\"Perhehuone sopii hyvin sek\u00e4 pidemm\u00e4lle lomalle ett\u00e4 viikonloppumatkalle, ja yksi eduista on ehdottomasti avaruus.\" \/>\n<meta name=\"robots\" content=\"index, follow, max-snippet:-1, max-image-preview:large, max-video-preview:-1\" \/>\n<link rel=\"canonical\" href=\"https:\/\/www.metropolhotel.ee\/fi\/huoneet\/kulmahuone\/\" \/>\n<meta property=\"og:locale\" content=\"fi_FI\" \/>\n<meta property=\"og:type\" content=\"article\" \/>\n<meta property=\"og:title\" content=\"Kulmahuone - Metropol Hotel\" \/>\n<meta property=\"og:description\" content=\"Perhehuone sopii hyvin sek\u00e4 pidemm\u00e4lle lomalle ett\u00e4 viikonloppumatkalle, ja yksi eduista on ehdottomasti avaruus.\" \/>\n<meta property=\"og:url\" content=\"https:\/\/www.metropolhotel.ee\/fi\/huoneet\/kulmahuone\/\" \/>\n<meta property=\"og:site_name\" content=\"Metropol Hotel\" \/>\n<meta property=\"article:publisher\" content=\"https:\/\/www.facebook.com\/MetropolSpaHotel\/\" \/>\n<meta property=\"article:modified_time\" content=\"2025-07-30T11:10:46+00:00\" \/>\n<meta property=\"og:image\" content=\"https:\/\/www.metropolhotel.ee\/wp-content\/uploads\/sites\/160\/2023\/08\/metropole_spa_hotel_slide_02.jpg\" \/>\n\t<meta property=\"og:image:width\" content=\"2200\" \/>\n\t<meta property=\"og:image:height\" content=\"1200\" \/>\n\t<meta property=\"og:image:type\" content=\"image\/jpeg\" \/>\n<meta name=\"twitter:card\" content=\"summary_large_image\" \/>\n<meta name=\"twitter:label1\" content=\"Arvioitu lukuaika\" \/>\n\t<meta name=\"twitter:data1\" content=\"1 minuutti\" \/>\n<script type=\"application\/ld+json\" class=\"yoast-schema-graph\">{\"@context\":\"https:\\\/\\\/schema.org\",\"@graph\":[{\"@type\":\"WebPage\",\"@id\":\"https:\\\/\\\/www.metropolhotel.ee\\\/fi\\\/huoneet\\\/kulmahuone\\\/\",\"url\":\"https:\\\/\\\/www.metropolhotel.ee\\\/fi\\\/huoneet\\\/kulmahuone\\\/\",\"name\":\"Kulmahuone - Metropol Hotel\",\"isPartOf\":{\"@id\":\"https:\\\/\\\/www.metropolhotel.ee\\\/fi\\\/#website\"},\"datePublished\":\"2023-07-18T16:48:41+00:00\",\"dateModified\":\"2025-07-30T11:10:46+00:00\",\"description\":\"Perhehuone sopii hyvin sek\u00e4 pidemm\u00e4lle lomalle ett\u00e4 viikonloppumatkalle, ja yksi eduista on ehdottomasti avaruus.\",\"breadcrumb\":{\"@id\":\"https:\\\/\\\/www.metropolhotel.ee\\\/fi\\\/huoneet\\\/kulmahuone\\\/#breadcrumb\"},\"inLanguage\":\"fi\",\"potentialAction\":[{\"@type\":\"ReadAction\",\"target\":[\"https:\\\/\\\/www.metropolhotel.ee\\\/fi\\\/huoneet\\\/kulmahuone\\\/\"]}]},{\"@type\":\"BreadcrumbList\",\"@id\":\"https:\\\/\\\/www.metropolhotel.ee\\\/fi\\\/huoneet\\\/kulmahuone\\\/#breadcrumb\",\"itemListElement\":[{\"@type\":\"ListItem\",\"position\":1,\"name\":\"Huoneet\",\"item\":\"https:\\\/\\\/www.metropolhotel.ee\\\/fi\\\/huoneet\\\/\"},{\"@type\":\"ListItem\",\"position\":2,\"name\":\"Kulmahuone\"}]},{\"@type\":\"WebSite\",\"@id\":\"https:\\\/\\\/www.metropolhotel.ee\\\/fi\\\/#website\",\"url\":\"https:\\\/\\\/www.metropolhotel.ee\\\/fi\\\/\",\"name\":\"Metropol Hotel\",\"description\":\"Metropol Hotels pakub unikaalset hotellielamust Tallinna uues linnas\u00fcdames. Ideaalne valik \u00e4ri-, konverentsi- v\u00f5i puhkusereisiks!\",\"publisher\":{\"@id\":\"https:\\\/\\\/www.metropolhotel.ee\\\/fi\\\/#organization\"},\"alternateName\":\"Metropol Hotel\",\"potentialAction\":[{\"@type\":\"SearchAction\",\"target\":{\"@type\":\"EntryPoint\",\"urlTemplate\":\"https:\\\/\\\/www.metropolhotel.ee\\\/fi\\\/?s={search_term_string}\"},\"query-input\":{\"@type\":\"PropertyValueSpecification\",\"valueRequired\":true,\"valueName\":\"search_term_string\"}}],\"inLanguage\":\"fi\"},{\"@type\":\"Organization\",\"@id\":\"https:\\\/\\\/www.metropolhotel.ee\\\/fi\\\/#organization\",\"name\":\"Metropol Hotel\",\"alternateName\":\"Metropol Hotel\",\"url\":\"https:\\\/\\\/www.metropolhotel.ee\\\/fi\\\/\",\"logo\":{\"@type\":\"ImageObject\",\"inLanguage\":\"fi\",\"@id\":\"https:\\\/\\\/www.metropolhotel.ee\\\/fi\\\/#\\\/schema\\\/logo\\\/image\\\/\",\"url\":\"https:\\\/\\\/metropol-hotel-new.ms2.decms.eu\\\/wp-content\\\/uploads\\\/sites\\\/160\\\/2024\\\/09\\\/Metropol_Hotel_hor_.png\",\"contentUrl\":\"https:\\\/\\\/metropol-hotel-new.ms2.decms.eu\\\/wp-content\\\/uploads\\\/sites\\\/160\\\/2024\\\/09\\\/Metropol_Hotel_hor_.png\",\"width\":230,\"height\":82,\"caption\":\"Metropol Hotel\"},\"image\":{\"@id\":\"https:\\\/\\\/www.metropolhotel.ee\\\/fi\\\/#\\\/schema\\\/logo\\\/image\\\/\"},\"sameAs\":[\"https:\\\/\\\/www.facebook.com\\\/MetropolSpaHotel\\\/\",\"https:\\\/\\\/www.youtube.com\\\/@metropolhotels4972\"]}]}<\/script>\n<!-- \/ Yoast SEO plugin. -->","yoast_head_json":{"title":"Kulmahuone - Metropol Hotel","description":"Perhehuone sopii hyvin sek\u00e4 pidemm\u00e4lle lomalle ett\u00e4 viikonloppumatkalle, ja yksi eduista on ehdottomasti avaruus.","robots":{"index":"index","follow":"follow","max-snippet":"max-snippet:-1","max-image-preview":"max-image-preview:large","max-video-preview":"max-video-preview:-1"},"canonical":"https:\/\/www.metropolhotel.ee\/fi\/huoneet\/kulmahuone\/","og_locale":"fi_FI","og_type":"article","og_title":"Kulmahuone - Metropol Hotel","og_description":"Perhehuone sopii hyvin sek\u00e4 pidemm\u00e4lle lomalle ett\u00e4 viikonloppumatkalle, ja yksi eduista on ehdottomasti avaruus.","og_url":"https:\/\/www.metropolhotel.ee\/fi\/huoneet\/kulmahuone\/","og_site_name":"Metropol Hotel","article_publisher":"https:\/\/www.facebook.com\/MetropolSpaHotel\/","article_modified_time":"2025-07-30T11:10:46+00:00","og_image":[{"width":2200,"height":1200,"url":"https:\/\/www.metropolhotel.ee\/wp-content\/uploads\/sites\/160\/2023\/08\/metropole_spa_hotel_slide_02.jpg","type":"image\/jpeg"}],"twitter_card":"summary_large_image","twitter_misc":{"Arvioitu lukuaika":"1 minuutti"},"schema":{"@context":"https:\/\/schema.org","@graph":[{"@type":"WebPage","@id":"https:\/\/www.metropolhotel.ee\/fi\/huoneet\/kulmahuone\/","url":"https:\/\/www.metropolhotel.ee\/fi\/huoneet\/kulmahuone\/","name":"Kulmahuone - Metropol Hotel","isPartOf":{"@id":"https:\/\/www.metropolhotel.ee\/fi\/#website"},"datePublished":"2023-07-18T16:48:41+00:00","dateModified":"2025-07-30T11:10:46+00:00","description":"Perhehuone sopii hyvin sek\u00e4 pidemm\u00e4lle lomalle ett\u00e4 viikonloppumatkalle, ja yksi eduista on ehdottomasti avaruus.","breadcrumb":{"@id":"https:\/\/www.metropolhotel.ee\/fi\/huoneet\/kulmahuone\/#breadcrumb"},"inLanguage":"fi","potentialAction":[{"@type":"ReadAction","target":["https:\/\/www.metropolhotel.ee\/fi\/huoneet\/kulmahuone\/"]}]},{"@type":"BreadcrumbList","@id":"https:\/\/www.metropolhotel.ee\/fi\/huoneet\/kulmahuone\/#breadcrumb","itemListElement":[{"@type":"ListItem","position":1,"name":"Huoneet","item":"https:\/\/www.metropolhotel.ee\/fi\/huoneet\/"},{"@type":"ListItem","position":2,"name":"Kulmahuone"}]},{"@type":"WebSite","@id":"https:\/\/www.metropolhotel.ee\/fi\/#website","url":"https:\/\/www.metropolhotel.ee\/fi\/","name":"Metropol Hotel","description":"Metropol Hotels pakub unikaalset hotellielamust Tallinna uues linnas\u00fcdames. Ideaalne valik \u00e4ri-, konverentsi- v\u00f5i puhkusereisiks!","publisher":{"@id":"https:\/\/www.metropolhotel.ee\/fi\/#organization"},"alternateName":"Metropol Hotel","potentialAction":[{"@type":"SearchAction","target":{"@type":"EntryPoint","urlTemplate":"https:\/\/www.metropolhotel.ee\/fi\/?s={search_term_string}"},"query-input":{"@type":"PropertyValueSpecification","valueRequired":true,"valueName":"search_term_string"}}],"inLanguage":"fi"},{"@type":"Organization","@id":"https:\/\/www.metropolhotel.ee\/fi\/#organization","name":"Metropol Hotel","alternateName":"Metropol Hotel","url":"https:\/\/www.metropolhotel.ee\/fi\/","logo":{"@type":"ImageObject","inLanguage":"fi","@id":"https:\/\/www.metropolhotel.ee\/fi\/#\/schema\/logo\/image\/","url":"https:\/\/metropol-hotel-new.ms2.decms.eu\/wp-content\/uploads\/sites\/160\/2024\/09\/Metropol_Hotel_hor_.png","contentUrl":"https:\/\/metropol-hotel-new.ms2.decms.eu\/wp-content\/uploads\/sites\/160\/2024\/09\/Metropol_Hotel_hor_.png","width":230,"height":82,"caption":"Metropol Hotel"},"image":{"@id":"https:\/\/www.metropolhotel.ee\/fi\/#\/schema\/logo\/image\/"},"sameAs":["https:\/\/www.facebook.com\/MetropolSpaHotel\/","https:\/\/www.youtube.com\/@metropolhotels4972"]}]}},"acf":[],"_links":{"self":[{"href":"https:\/\/www.metropolhotel.ee\/fi\/wp-json\/wp\/v2\/pages\/1374","targetHints":{"allow":["GET"]}}],"collection":[{"href":"https:\/\/www.metropolhotel.ee\/fi\/wp-json\/wp\/v2\/pages"}],"about":[{"href":"https:\/\/www.metropolhotel.ee\/fi\/wp-json\/wp\/v2\/types\/page"}],"author":[{"embeddable":true,"href":"https:\/\/www.metropolhotel.ee\/fi\/wp-json\/wp\/v2\/users\/12"}],"replies":[{"embeddable":true,"href":"https:\/\/www.metropolhotel.ee\/fi\/wp-json\/wp\/v2\/comments?post=1374"}],"version-history":[{"count":0,"href":"https:\/\/www.metropolhotel.ee\/fi\/wp-json\/wp\/v2\/pages\/1374\/revisions"}],"up":[{"embeddable":true,"href":"https:\/\/www.metropolhotel.ee\/fi\/wp-json\/wp\/v2\/pages\/1360"}],"wp:attachment":[{"href":"https:\/\/www.metropolhotel.ee\/fi\/wp-json\/wp\/v2\/media?parent=1374"}],"curies":[{"name":"wp","href":"https:\/\/api.w.org\/{rel}","templated":true}]}}