{"id":1381,"date":"2023-08-25T07:39:05","date_gmt":"2023-08-25T07:39:05","guid":{"rendered":"https:\/\/metropol-hotel-new.ms2.decms.eu\/?page_id=1381"},"modified":"2025-03-17T14:04:36","modified_gmt":"2025-03-17T14:04:36","slug":"kokoustilat","status":"publish","type":"page","link":"https:\/\/www.metropolhotel.ee\/fi\/kokoustilat\/","title":{"rendered":"Kokoustilat"},"content":{"rendered":"<p style=\"text-align: center\">Kokoustilat ovat viihtyis\u00e4t ja riitt\u00e4v\u00e4n tilavat jopa 120 henkil\u00f6lle. Erikokoisia kokoustiloja voidaan jakaa ja yhdistell\u00e4 tarpeen mukaan, jolloin ne sopivat n\u00e4pp\u00e4r\u00e4sti sek\u00e4 pienemmille ett\u00e4 suuremmille ryhmille tilaisuuden yksityisyydest\u00e4 tinkim\u00e4tt\u00e4.<\/p>\n<p style=\"text-align: center\">Lis\u00e4ksi meill\u00e4 on my\u00f6s pienempi py\u00f6re\u00e4n p\u00f6yd\u00e4n kokoustila, johon mahtuu enint\u00e4\u00e4n 14 henkil\u00f6\u00e4 ja sopii siten erinomaisesti pienempiin kokouksiin sek\u00e4 neuvotteluihin.<\/p>\n<p style=\"text-align: center\">Olemme koonneet valmiita konferenssipaketteja sujuvoittamaan tapahtumaj\u00e4rjest\u00e4jien arkea. N\u00e4et paketit alla.<\/p>\n","protected":false},"excerpt":{"rendered":"<p>Kokoustilat ovat viihtyis\u00e4t ja riitt\u00e4v\u00e4n tilavat jopa 120 henkil\u00f6lle. Erikokoisia kokoustiloja voidaan jakaa ja yhdistell\u00e4 tarpeen mukaan, jolloin ne sopivat n\u00e4pp\u00e4r\u00e4sti sek\u00e4 pienemmille ett\u00e4 suuremmille ryhmille tilaisuuden yksityisyydest\u00e4 tinkim\u00e4tt\u00e4. Lis\u00e4ksi meill\u00e4 on my\u00f6s pienempi py\u00f6re\u00e4n p\u00f6yd\u00e4n kokoustila, johon mahtuu enint\u00e4\u00e4n 14 henkil\u00f6\u00e4 ja sopii siten erinomaisesti pienempiin kokouksiin sek\u00e4 neuvotteluihin. Olemme koonneet valmiita konferenssipaketteja sujuvoittamaan [&hellip;]<\/p>\n","protected":false},"author":12,"featured_media":0,"parent":0,"menu_order":50,"comment_status":"closed","ping_status":"closed","template":"template-meeting.php","meta":{"footnotes":""},"class_list":["post-1381","page","type-page","status-publish","hentry"],"yoast_head":"<!-- This site is optimized with the Yoast SEO plugin v27.3 - https:\/\/yoast.com\/product\/yoast-seo-wordpress\/ -->\n<title>Kokoustilat - Metropol Hotel<\/title>\n<meta name=\"description\" content=\"Kokoustilat ovat viihtyis\u00e4t ja riitt\u00e4v\u00e4n tilavat jopa 120 henkil\u00f6lle. Erikokoisia kokoustiloja voidaan jakaa ja yhdistell\u00e4 tarpeen mukaan, jolloin ne sopivat n\u00e4pp\u00e4r\u00e4sti sek\u00e4 pienemmille ett\u00e4 suuremmille ryhmille tilaisuuden yksityisyydest\u00e4 tinkim\u00e4tt\u00e4. Lis\u00e4ksi meill\u00e4 on my\u00f6s pienempi py\u00f6re\u00e4n p\u00f6yd\u00e4n kokoustila, johon mahtuu enint\u00e4\u00e4n 14 henkil\u00f6\u00e4 ja sopii siten erinomaisesti pienempiin kokouksiin sek\u00e4 neuvotteluihin. Olemme koonneet valmiita konferenssipaketteja sujuvoittamaan tapahtumaj\u00e4rjest\u00e4jien arkea\" \/>\n<meta name=\"robots\" content=\"index, follow, max-snippet:-1, max-image-preview:large, max-video-preview:-1\" \/>\n<link rel=\"canonical\" href=\"https:\/\/www.metropolhotel.ee\/fi\/kokoustilat\/\" \/>\n<meta property=\"og:locale\" content=\"fi_FI\" \/>\n<meta property=\"og:type\" content=\"article\" \/>\n<meta property=\"og:title\" content=\"Kokoustilat - Metropol Hotel\" \/>\n<meta property=\"og:description\" content=\"Kokoustilat ovat viihtyis\u00e4t ja riitt\u00e4v\u00e4n tilavat jopa 120 henkil\u00f6lle. Erikokoisia kokoustiloja voidaan jakaa ja yhdistell\u00e4 tarpeen mukaan, jolloin ne sopivat n\u00e4pp\u00e4r\u00e4sti sek\u00e4 pienemmille ett\u00e4 suuremmille ryhmille tilaisuuden yksityisyydest\u00e4 tinkim\u00e4tt\u00e4. Lis\u00e4ksi meill\u00e4 on my\u00f6s pienempi py\u00f6re\u00e4n p\u00f6yd\u00e4n kokoustila, johon mahtuu enint\u00e4\u00e4n 14 henkil\u00f6\u00e4 ja sopii siten erinomaisesti pienempiin kokouksiin sek\u00e4 neuvotteluihin. Olemme koonneet valmiita konferenssipaketteja sujuvoittamaan tapahtumaj\u00e4rjest\u00e4jien arkea\" \/>\n<meta property=\"og:url\" content=\"https:\/\/www.metropolhotel.ee\/fi\/kokoustilat\/\" \/>\n<meta property=\"og:site_name\" content=\"Metropol Hotel\" \/>\n<meta property=\"article:publisher\" content=\"https:\/\/www.facebook.com\/MetropolSpaHotel\/\" \/>\n<meta property=\"article:modified_time\" content=\"2025-03-17T14:04:36+00:00\" \/>\n<meta property=\"og:image\" content=\"https:\/\/www.metropolhotel.ee\/wp-content\/uploads\/sites\/160\/2023\/08\/metropole_spa_hotel_slide_02.jpg\" \/>\n\t<meta property=\"og:image:width\" content=\"2200\" \/>\n\t<meta property=\"og:image:height\" content=\"1200\" \/>\n\t<meta property=\"og:image:type\" content=\"image\/jpeg\" \/>\n<meta name=\"twitter:card\" content=\"summary_large_image\" \/>\n<meta name=\"twitter:label1\" content=\"Arvioitu lukuaika\" \/>\n\t<meta name=\"twitter:data1\" content=\"1 minuutti\" \/>\n<script type=\"application\/ld+json\" class=\"yoast-schema-graph\">{\"@context\":\"https:\\\/\\\/schema.org\",\"@graph\":[{\"@type\":\"WebPage\",\"@id\":\"https:\\\/\\\/www.metropolhotel.ee\\\/fi\\\/kokoustilat\\\/\",\"url\":\"https:\\\/\\\/www.metropolhotel.ee\\\/fi\\\/kokoustilat\\\/\",\"name\":\"Kokoustilat - Metropol Hotel\",\"isPartOf\":{\"@id\":\"https:\\\/\\\/www.metropolhotel.ee\\\/fi\\\/#website\"},\"datePublished\":\"2023-08-25T07:39:05+00:00\",\"dateModified\":\"2025-03-17T14:04:36+00:00\",\"description\":\"Kokoustilat ovat viihtyis\u00e4t ja riitt\u00e4v\u00e4n tilavat jopa 120 henkil\u00f6lle. Erikokoisia kokoustiloja voidaan jakaa ja yhdistell\u00e4 tarpeen mukaan, jolloin ne sopivat n\u00e4pp\u00e4r\u00e4sti sek\u00e4 pienemmille ett\u00e4 suuremmille ryhmille tilaisuuden yksityisyydest\u00e4 tinkim\u00e4tt\u00e4. Lis\u00e4ksi meill\u00e4 on my\u00f6s pienempi py\u00f6re\u00e4n p\u00f6yd\u00e4n kokoustila, johon mahtuu enint\u00e4\u00e4n 14 henkil\u00f6\u00e4 ja sopii siten erinomaisesti pienempiin kokouksiin sek\u00e4 neuvotteluihin. Olemme koonneet valmiita konferenssipaketteja sujuvoittamaan tapahtumaj\u00e4rjest\u00e4jien arkea\",\"inLanguage\":\"fi\",\"potentialAction\":[{\"@type\":\"ReadAction\",\"target\":[\"https:\\\/\\\/www.metropolhotel.ee\\\/fi\\\/kokoustilat\\\/\"]}]},{\"@type\":\"WebSite\",\"@id\":\"https:\\\/\\\/www.metropolhotel.ee\\\/fi\\\/#website\",\"url\":\"https:\\\/\\\/www.metropolhotel.ee\\\/fi\\\/\",\"name\":\"Metropol Hotel\",\"description\":\"Metropol Hotels pakub unikaalset hotellielamust Tallinna uues linnas\u00fcdames. Ideaalne valik \u00e4ri-, konverentsi- v\u00f5i puhkusereisiks!\",\"publisher\":{\"@id\":\"https:\\\/\\\/www.metropolhotel.ee\\\/fi\\\/#organization\"},\"alternateName\":\"Metropol Hotel\",\"potentialAction\":[{\"@type\":\"SearchAction\",\"target\":{\"@type\":\"EntryPoint\",\"urlTemplate\":\"https:\\\/\\\/www.metropolhotel.ee\\\/fi\\\/?s={search_term_string}\"},\"query-input\":{\"@type\":\"PropertyValueSpecification\",\"valueRequired\":true,\"valueName\":\"search_term_string\"}}],\"inLanguage\":\"fi\"},{\"@type\":\"Organization\",\"@id\":\"https:\\\/\\\/www.metropolhotel.ee\\\/fi\\\/#organization\",\"name\":\"Metropol Hotel\",\"alternateName\":\"Metropol Hotel\",\"url\":\"https:\\\/\\\/www.metropolhotel.ee\\\/fi\\\/\",\"logo\":{\"@type\":\"ImageObject\",\"inLanguage\":\"fi\",\"@id\":\"https:\\\/\\\/www.metropolhotel.ee\\\/fi\\\/#\\\/schema\\\/logo\\\/image\\\/\",\"url\":\"https:\\\/\\\/metropol-hotel-new.ms2.decms.eu\\\/wp-content\\\/uploads\\\/sites\\\/160\\\/2024\\\/09\\\/Metropol_Hotel_hor_.png\",\"contentUrl\":\"https:\\\/\\\/metropol-hotel-new.ms2.decms.eu\\\/wp-content\\\/uploads\\\/sites\\\/160\\\/2024\\\/09\\\/Metropol_Hotel_hor_.png\",\"width\":230,\"height\":82,\"caption\":\"Metropol Hotel\"},\"image\":{\"@id\":\"https:\\\/\\\/www.metropolhotel.ee\\\/fi\\\/#\\\/schema\\\/logo\\\/image\\\/\"},\"sameAs\":[\"https:\\\/\\\/www.facebook.com\\\/MetropolSpaHotel\\\/\",\"https:\\\/\\\/www.youtube.com\\\/@metropolhotels4972\"]}]}<\/script>\n<!-- \/ Yoast SEO plugin. -->","yoast_head_json":{"title":"Kokoustilat - Metropol Hotel","description":"Kokoustilat ovat viihtyis\u00e4t ja riitt\u00e4v\u00e4n tilavat jopa 120 henkil\u00f6lle. Erikokoisia kokoustiloja voidaan jakaa ja yhdistell\u00e4 tarpeen mukaan, jolloin ne sopivat n\u00e4pp\u00e4r\u00e4sti sek\u00e4 pienemmille ett\u00e4 suuremmille ryhmille tilaisuuden yksityisyydest\u00e4 tinkim\u00e4tt\u00e4. Lis\u00e4ksi meill\u00e4 on my\u00f6s pienempi py\u00f6re\u00e4n p\u00f6yd\u00e4n kokoustila, johon mahtuu enint\u00e4\u00e4n 14 henkil\u00f6\u00e4 ja sopii siten erinomaisesti pienempiin kokouksiin sek\u00e4 neuvotteluihin. Olemme koonneet valmiita konferenssipaketteja sujuvoittamaan tapahtumaj\u00e4rjest\u00e4jien arkea","robots":{"index":"index","follow":"follow","max-snippet":"max-snippet:-1","max-image-preview":"max-image-preview:large","max-video-preview":"max-video-preview:-1"},"canonical":"https:\/\/www.metropolhotel.ee\/fi\/kokoustilat\/","og_locale":"fi_FI","og_type":"article","og_title":"Kokoustilat - Metropol Hotel","og_description":"Kokoustilat ovat viihtyis\u00e4t ja riitt\u00e4v\u00e4n tilavat jopa 120 henkil\u00f6lle. Erikokoisia kokoustiloja voidaan jakaa ja yhdistell\u00e4 tarpeen mukaan, jolloin ne sopivat n\u00e4pp\u00e4r\u00e4sti sek\u00e4 pienemmille ett\u00e4 suuremmille ryhmille tilaisuuden yksityisyydest\u00e4 tinkim\u00e4tt\u00e4. Lis\u00e4ksi meill\u00e4 on my\u00f6s pienempi py\u00f6re\u00e4n p\u00f6yd\u00e4n kokoustila, johon mahtuu enint\u00e4\u00e4n 14 henkil\u00f6\u00e4 ja sopii siten erinomaisesti pienempiin kokouksiin sek\u00e4 neuvotteluihin. Olemme koonneet valmiita konferenssipaketteja sujuvoittamaan tapahtumaj\u00e4rjest\u00e4jien arkea","og_url":"https:\/\/www.metropolhotel.ee\/fi\/kokoustilat\/","og_site_name":"Metropol Hotel","article_publisher":"https:\/\/www.facebook.com\/MetropolSpaHotel\/","article_modified_time":"2025-03-17T14:04:36+00:00","og_image":[{"width":2200,"height":1200,"url":"https:\/\/www.metropolhotel.ee\/wp-content\/uploads\/sites\/160\/2023\/08\/metropole_spa_hotel_slide_02.jpg","type":"image\/jpeg"}],"twitter_card":"summary_large_image","twitter_misc":{"Arvioitu lukuaika":"1 minuutti"},"schema":{"@context":"https:\/\/schema.org","@graph":[{"@type":"WebPage","@id":"https:\/\/www.metropolhotel.ee\/fi\/kokoustilat\/","url":"https:\/\/www.metropolhotel.ee\/fi\/kokoustilat\/","name":"Kokoustilat - Metropol Hotel","isPartOf":{"@id":"https:\/\/www.metropolhotel.ee\/fi\/#website"},"datePublished":"2023-08-25T07:39:05+00:00","dateModified":"2025-03-17T14:04:36+00:00","description":"Kokoustilat ovat viihtyis\u00e4t ja riitt\u00e4v\u00e4n tilavat jopa 120 henkil\u00f6lle. Erikokoisia kokoustiloja voidaan jakaa ja yhdistell\u00e4 tarpeen mukaan, jolloin ne sopivat n\u00e4pp\u00e4r\u00e4sti sek\u00e4 pienemmille ett\u00e4 suuremmille ryhmille tilaisuuden yksityisyydest\u00e4 tinkim\u00e4tt\u00e4. Lis\u00e4ksi meill\u00e4 on my\u00f6s pienempi py\u00f6re\u00e4n p\u00f6yd\u00e4n kokoustila, johon mahtuu enint\u00e4\u00e4n 14 henkil\u00f6\u00e4 ja sopii siten erinomaisesti pienempiin kokouksiin sek\u00e4 neuvotteluihin. Olemme koonneet valmiita konferenssipaketteja sujuvoittamaan tapahtumaj\u00e4rjest\u00e4jien arkea","inLanguage":"fi","potentialAction":[{"@type":"ReadAction","target":["https:\/\/www.metropolhotel.ee\/fi\/kokoustilat\/"]}]},{"@type":"WebSite","@id":"https:\/\/www.metropolhotel.ee\/fi\/#website","url":"https:\/\/www.metropolhotel.ee\/fi\/","name":"Metropol Hotel","description":"Metropol Hotels pakub unikaalset hotellielamust Tallinna uues linnas\u00fcdames. Ideaalne valik \u00e4ri-, konverentsi- v\u00f5i puhkusereisiks!","publisher":{"@id":"https:\/\/www.metropolhotel.ee\/fi\/#organization"},"alternateName":"Metropol Hotel","potentialAction":[{"@type":"SearchAction","target":{"@type":"EntryPoint","urlTemplate":"https:\/\/www.metropolhotel.ee\/fi\/?s={search_term_string}"},"query-input":{"@type":"PropertyValueSpecification","valueRequired":true,"valueName":"search_term_string"}}],"inLanguage":"fi"},{"@type":"Organization","@id":"https:\/\/www.metropolhotel.ee\/fi\/#organization","name":"Metropol Hotel","alternateName":"Metropol Hotel","url":"https:\/\/www.metropolhotel.ee\/fi\/","logo":{"@type":"ImageObject","inLanguage":"fi","@id":"https:\/\/www.metropolhotel.ee\/fi\/#\/schema\/logo\/image\/","url":"https:\/\/metropol-hotel-new.ms2.decms.eu\/wp-content\/uploads\/sites\/160\/2024\/09\/Metropol_Hotel_hor_.png","contentUrl":"https:\/\/metropol-hotel-new.ms2.decms.eu\/wp-content\/uploads\/sites\/160\/2024\/09\/Metropol_Hotel_hor_.png","width":230,"height":82,"caption":"Metropol Hotel"},"image":{"@id":"https:\/\/www.metropolhotel.ee\/fi\/#\/schema\/logo\/image\/"},"sameAs":["https:\/\/www.facebook.com\/MetropolSpaHotel\/","https:\/\/www.youtube.com\/@metropolhotels4972"]}]}},"acf":[],"_links":{"self":[{"href":"https:\/\/www.metropolhotel.ee\/fi\/wp-json\/wp\/v2\/pages\/1381","targetHints":{"allow":["GET"]}}],"collection":[{"href":"https:\/\/www.metropolhotel.ee\/fi\/wp-json\/wp\/v2\/pages"}],"about":[{"href":"https:\/\/www.metropolhotel.ee\/fi\/wp-json\/wp\/v2\/types\/page"}],"author":[{"embeddable":true,"href":"https:\/\/www.metropolhotel.ee\/fi\/wp-json\/wp\/v2\/users\/12"}],"replies":[{"embeddable":true,"href":"https:\/\/www.metropolhotel.ee\/fi\/wp-json\/wp\/v2\/comments?post=1381"}],"version-history":[{"count":0,"href":"https:\/\/www.metropolhotel.ee\/fi\/wp-json\/wp\/v2\/pages\/1381\/revisions"}],"wp:attachment":[{"href":"https:\/\/www.metropolhotel.ee\/fi\/wp-json\/wp\/v2\/media?parent=1381"}],"curies":[{"name":"wp","href":"https:\/\/api.w.org\/{rel}","templated":true}]}}