{"id":1383,"date":"2024-03-06T09:23:05","date_gmt":"2024-03-06T09:23:05","guid":{"rendered":"https:\/\/metropol-hotel-new.ms2.decms.eu\/?page_id=1383"},"modified":"2025-03-29T08:36:11","modified_gmt":"2025-03-29T08:36:11","slug":"tyo-on-loma","status":"publish","type":"page","link":"https:\/\/www.metropolhotel.ee\/fi\/kokoustilat\/tyo-on-loma\/","title":{"rendered":"TY\u00d6 ON LOMA"},"content":{"rendered":"<p class=\"p1\">Kun suunnittelet kokousta tai seminaaria, j\u00e4rkevint\u00e4 on valita paikka, jossa voi helposti j\u00e4rjest\u00e4\u00e4 kaiken tarvittavan ja joka t\u00e4ytt\u00e4\u00e4 vaativimmankin osanottajan toiveet. \u201dTy\u00f6loma\u201d-pakettimme sis\u00e4lt\u00e4\u00e4 kaiken, mit\u00e4 tarvitset tuotteliaaseen kokousp\u00e4iv\u00e4\u00e4n ja rentoutumiseen sen j\u00e4lkeen.<\/p>\n<p class=\"p1\">Tuo p\u00e4iv\u00e4\u00e4n uusi ulottuvuus ja varaa kokouksen osanottajille my\u00f6s lihasj\u00e4nnityst\u00e4 lievitt\u00e4v\u00e4 hieronta tai virkist\u00e4v\u00e4 kasvohoito wellness-keskuksessamme.<\/p>\n","protected":false},"excerpt":{"rendered":"<p>Kun suunnittelet kokousta tai seminaaria, j\u00e4rkevint\u00e4 on valita paikka, jossa voi helposti j\u00e4rjest\u00e4\u00e4 kaiken tarvittavan ja joka t\u00e4ytt\u00e4\u00e4 vaativimmankin osanottajan toiveet. \u201dTy\u00f6loma\u201d-pakettimme sis\u00e4lt\u00e4\u00e4 kaiken, mit\u00e4 tarvitset tuotteliaaseen kokousp\u00e4iv\u00e4\u00e4n ja rentoutumiseen sen j\u00e4lkeen. Tuo p\u00e4iv\u00e4\u00e4n uusi ulottuvuus ja varaa kokouksen osanottajille my\u00f6s lihasj\u00e4nnityst\u00e4 lievitt\u00e4v\u00e4 hieronta tai virkist\u00e4v\u00e4 kasvohoito wellness-keskuksessamme.<\/p>\n","protected":false},"author":12,"featured_media":0,"parent":1381,"menu_order":100,"comment_status":"closed","ping_status":"closed","template":"template-single-spa.php","meta":{"footnotes":""},"yoast_head":"<!-- This site is optimized with the Yoast SEO plugin v22.3 - https:\/\/yoast.com\/wordpress\/plugins\/seo\/ -->\n<title>TY\u00d6 ON LOMA - Metropol Hotel<\/title>\n<meta name=\"description\" content=\"Kun suunnittelet kokousta tai seminaaria, j\u00e4rkevint\u00e4 on valita paikka, jossa voi helposti j\u00e4rjest\u00e4\u00e4 kaiken tarvittavan ja joka t\u00e4ytt\u00e4\u00e4 vaativimmankin osanottajan toiveet. \u201dTy\u00f6loma\u201d-pakettimme sis\u00e4lt\u00e4\u00e4 kaiken, mit\u00e4 tarvitset tuotteliaaseen kokousp\u00e4iv\u00e4\u00e4n ja rentoutumiseen sen j\u00e4lkeen. Tuo p\u00e4iv\u00e4\u00e4n uusi ulottuvuus ja varaa kokouksen osanottajille my\u00f6s lihasj\u00e4nnityst\u00e4 lievitt\u00e4v\u00e4 hieronta tai virkist\u00e4v\u00e4 kasvohoito wellness-keskuksessamme.\" \/>\n<meta name=\"robots\" content=\"index, follow, max-snippet:-1, max-image-preview:large, max-video-preview:-1\" \/>\n<link rel=\"canonical\" href=\"https:\/\/www.metropolhotel.ee\/fi\/kokoustilat\/tyo-on-loma\/\" \/>\n<meta property=\"og:locale\" content=\"fi_FI\" \/>\n<meta property=\"og:type\" content=\"article\" \/>\n<meta property=\"og:title\" content=\"TY\u00d6 ON LOMA - Metropol Hotel\" \/>\n<meta property=\"og:description\" content=\"Kun suunnittelet kokousta tai seminaaria, j\u00e4rkevint\u00e4 on valita paikka, jossa voi helposti j\u00e4rjest\u00e4\u00e4 kaiken tarvittavan ja joka t\u00e4ytt\u00e4\u00e4 vaativimmankin osanottajan toiveet. \u201dTy\u00f6loma\u201d-pakettimme sis\u00e4lt\u00e4\u00e4 kaiken, mit\u00e4 tarvitset tuotteliaaseen kokousp\u00e4iv\u00e4\u00e4n ja rentoutumiseen sen j\u00e4lkeen. Tuo p\u00e4iv\u00e4\u00e4n uusi ulottuvuus ja varaa kokouksen osanottajille my\u00f6s lihasj\u00e4nnityst\u00e4 lievitt\u00e4v\u00e4 hieronta tai virkist\u00e4v\u00e4 kasvohoito wellness-keskuksessamme.\" \/>\n<meta property=\"og:url\" content=\"https:\/\/www.metropolhotel.ee\/fi\/kokoustilat\/tyo-on-loma\/\" \/>\n<meta property=\"og:site_name\" content=\"Metropol Hotel\" \/>\n<meta property=\"article:publisher\" content=\"https:\/\/www.facebook.com\/MetropolSpaHotel\/\" \/>\n<meta property=\"article:modified_time\" content=\"2025-03-29T08:36:11+00:00\" \/>\n<meta property=\"og:image\" content=\"https:\/\/www.metropolhotel.ee\/wp-content\/uploads\/sites\/160\/2023\/08\/metropole_spa_hotel_slide_02.jpg\" \/>\n\t<meta property=\"og:image:width\" content=\"2200\" \/>\n\t<meta property=\"og:image:height\" content=\"1200\" \/>\n\t<meta property=\"og:image:type\" content=\"image\/jpeg\" \/>\n<meta name=\"twitter:card\" content=\"summary_large_image\" \/>\n<meta name=\"twitter:label1\" content=\"Arvioitu lukuaika\" \/>\n\t<meta name=\"twitter:data1\" content=\"1 minuutti\" \/>\n<script type=\"application\/ld+json\" class=\"yoast-schema-graph\">{\"@context\":\"https:\/\/schema.org\",\"@graph\":[{\"@type\":\"WebPage\",\"@id\":\"https:\/\/www.metropolhotel.ee\/fi\/kokoustilat\/tyo-on-loma\/\",\"url\":\"https:\/\/www.metropolhotel.ee\/fi\/kokoustilat\/tyo-on-loma\/\",\"name\":\"TY\u00d6 ON LOMA - Metropol Hotel\",\"isPartOf\":{\"@id\":\"https:\/\/www.metropolhotel.ee\/fi\/#website\"},\"datePublished\":\"2024-03-06T09:23:05+00:00\",\"dateModified\":\"2025-03-29T08:36:11+00:00\",\"description\":\"Kun suunnittelet kokousta tai seminaaria, j\u00e4rkevint\u00e4 on valita paikka, jossa voi helposti j\u00e4rjest\u00e4\u00e4 kaiken tarvittavan ja joka t\u00e4ytt\u00e4\u00e4 vaativimmankin osanottajan toiveet. \u201dTy\u00f6loma\u201d-pakettimme sis\u00e4lt\u00e4\u00e4 kaiken, mit\u00e4 tarvitset tuotteliaaseen kokousp\u00e4iv\u00e4\u00e4n ja rentoutumiseen sen j\u00e4lkeen. Tuo p\u00e4iv\u00e4\u00e4n uusi ulottuvuus ja varaa kokouksen osanottajille my\u00f6s lihasj\u00e4nnityst\u00e4 lievitt\u00e4v\u00e4 hieronta tai virkist\u00e4v\u00e4 kasvohoito wellness-keskuksessamme.\",\"breadcrumb\":{\"@id\":\"https:\/\/www.metropolhotel.ee\/fi\/kokoustilat\/tyo-on-loma\/#breadcrumb\"},\"inLanguage\":\"fi\",\"potentialAction\":[{\"@type\":\"ReadAction\",\"target\":[\"https:\/\/www.metropolhotel.ee\/fi\/kokoustilat\/tyo-on-loma\/\"]}]},{\"@type\":\"BreadcrumbList\",\"@id\":\"https:\/\/www.metropolhotel.ee\/fi\/kokoustilat\/tyo-on-loma\/#breadcrumb\",\"itemListElement\":[{\"@type\":\"ListItem\",\"position\":1,\"name\":\"Kokoustilat\",\"item\":\"https:\/\/www.metropolhotel.ee\/fi\/kokoustilat\/\"},{\"@type\":\"ListItem\",\"position\":2,\"name\":\"TY\u00d6 ON LOMA\"}]},{\"@type\":\"WebSite\",\"@id\":\"https:\/\/www.metropolhotel.ee\/fi\/#website\",\"url\":\"https:\/\/www.metropolhotel.ee\/fi\/\",\"name\":\"Metropol Hotel\",\"description\":\"Metropol Hotels pakub unikaalset hotellielamust Tallinna uues linnas\u00fcdames. Ideaalne valik \u00e4ri-, konverentsi- v\u00f5i puhkusereisiks!\",\"publisher\":{\"@id\":\"https:\/\/www.metropolhotel.ee\/fi\/#organization\"},\"alternateName\":\"Metropol Hotel\",\"potentialAction\":[{\"@type\":\"SearchAction\",\"target\":{\"@type\":\"EntryPoint\",\"urlTemplate\":\"https:\/\/www.metropolhotel.ee\/fi\/?s={search_term_string}\"},\"query-input\":\"required name=search_term_string\"}],\"inLanguage\":\"fi\"},{\"@type\":\"Organization\",\"@id\":\"https:\/\/www.metropolhotel.ee\/fi\/#organization\",\"name\":\"Metropol Hotel\",\"alternateName\":\"Metropol Hotel\",\"url\":\"https:\/\/www.metropolhotel.ee\/fi\/\",\"logo\":{\"@type\":\"ImageObject\",\"inLanguage\":\"fi\",\"@id\":\"https:\/\/www.metropolhotel.ee\/fi\/#\/schema\/logo\/image\/\",\"url\":\"https:\/\/metropol-hotel-new.ms2.decms.eu\/wp-content\/uploads\/sites\/160\/2024\/09\/Metropol_Hotel_hor_.png\",\"contentUrl\":\"https:\/\/metropol-hotel-new.ms2.decms.eu\/wp-content\/uploads\/sites\/160\/2024\/09\/Metropol_Hotel_hor_.png\",\"width\":230,\"height\":82,\"caption\":\"Metropol Hotel\"},\"image\":{\"@id\":\"https:\/\/www.metropolhotel.ee\/fi\/#\/schema\/logo\/image\/\"},\"sameAs\":[\"https:\/\/www.facebook.com\/MetropolSpaHotel\/\",\"https:\/\/www.youtube.com\/@metropolhotels4972\"]}]}<\/script>\n<!-- \/ Yoast SEO plugin. -->","yoast_head_json":{"title":"TY\u00d6 ON LOMA - Metropol Hotel","description":"Kun suunnittelet kokousta tai seminaaria, j\u00e4rkevint\u00e4 on valita paikka, jossa voi helposti j\u00e4rjest\u00e4\u00e4 kaiken tarvittavan ja joka t\u00e4ytt\u00e4\u00e4 vaativimmankin osanottajan toiveet. \u201dTy\u00f6loma\u201d-pakettimme sis\u00e4lt\u00e4\u00e4 kaiken, mit\u00e4 tarvitset tuotteliaaseen kokousp\u00e4iv\u00e4\u00e4n ja rentoutumiseen sen j\u00e4lkeen. Tuo p\u00e4iv\u00e4\u00e4n uusi ulottuvuus ja varaa kokouksen osanottajille my\u00f6s lihasj\u00e4nnityst\u00e4 lievitt\u00e4v\u00e4 hieronta tai virkist\u00e4v\u00e4 kasvohoito wellness-keskuksessamme.","robots":{"index":"index","follow":"follow","max-snippet":"max-snippet:-1","max-image-preview":"max-image-preview:large","max-video-preview":"max-video-preview:-1"},"canonical":"https:\/\/www.metropolhotel.ee\/fi\/kokoustilat\/tyo-on-loma\/","og_locale":"fi_FI","og_type":"article","og_title":"TY\u00d6 ON LOMA - Metropol Hotel","og_description":"Kun suunnittelet kokousta tai seminaaria, j\u00e4rkevint\u00e4 on valita paikka, jossa voi helposti j\u00e4rjest\u00e4\u00e4 kaiken tarvittavan ja joka t\u00e4ytt\u00e4\u00e4 vaativimmankin osanottajan toiveet. \u201dTy\u00f6loma\u201d-pakettimme sis\u00e4lt\u00e4\u00e4 kaiken, mit\u00e4 tarvitset tuotteliaaseen kokousp\u00e4iv\u00e4\u00e4n ja rentoutumiseen sen j\u00e4lkeen. Tuo p\u00e4iv\u00e4\u00e4n uusi ulottuvuus ja varaa kokouksen osanottajille my\u00f6s lihasj\u00e4nnityst\u00e4 lievitt\u00e4v\u00e4 hieronta tai virkist\u00e4v\u00e4 kasvohoito wellness-keskuksessamme.","og_url":"https:\/\/www.metropolhotel.ee\/fi\/kokoustilat\/tyo-on-loma\/","og_site_name":"Metropol Hotel","article_publisher":"https:\/\/www.facebook.com\/MetropolSpaHotel\/","article_modified_time":"2025-03-29T08:36:11+00:00","og_image":[{"width":2200,"height":1200,"url":"https:\/\/www.metropolhotel.ee\/wp-content\/uploads\/sites\/160\/2023\/08\/metropole_spa_hotel_slide_02.jpg","type":"image\/jpeg"}],"twitter_card":"summary_large_image","twitter_misc":{"Arvioitu lukuaika":"1 minuutti"},"schema":{"@context":"https:\/\/schema.org","@graph":[{"@type":"WebPage","@id":"https:\/\/www.metropolhotel.ee\/fi\/kokoustilat\/tyo-on-loma\/","url":"https:\/\/www.metropolhotel.ee\/fi\/kokoustilat\/tyo-on-loma\/","name":"TY\u00d6 ON LOMA - Metropol Hotel","isPartOf":{"@id":"https:\/\/www.metropolhotel.ee\/fi\/#website"},"datePublished":"2024-03-06T09:23:05+00:00","dateModified":"2025-03-29T08:36:11+00:00","description":"Kun suunnittelet kokousta tai seminaaria, j\u00e4rkevint\u00e4 on valita paikka, jossa voi helposti j\u00e4rjest\u00e4\u00e4 kaiken tarvittavan ja joka t\u00e4ytt\u00e4\u00e4 vaativimmankin osanottajan toiveet. \u201dTy\u00f6loma\u201d-pakettimme sis\u00e4lt\u00e4\u00e4 kaiken, mit\u00e4 tarvitset tuotteliaaseen kokousp\u00e4iv\u00e4\u00e4n ja rentoutumiseen sen j\u00e4lkeen. Tuo p\u00e4iv\u00e4\u00e4n uusi ulottuvuus ja varaa kokouksen osanottajille my\u00f6s lihasj\u00e4nnityst\u00e4 lievitt\u00e4v\u00e4 hieronta tai virkist\u00e4v\u00e4 kasvohoito wellness-keskuksessamme.","breadcrumb":{"@id":"https:\/\/www.metropolhotel.ee\/fi\/kokoustilat\/tyo-on-loma\/#breadcrumb"},"inLanguage":"fi","potentialAction":[{"@type":"ReadAction","target":["https:\/\/www.metropolhotel.ee\/fi\/kokoustilat\/tyo-on-loma\/"]}]},{"@type":"BreadcrumbList","@id":"https:\/\/www.metropolhotel.ee\/fi\/kokoustilat\/tyo-on-loma\/#breadcrumb","itemListElement":[{"@type":"ListItem","position":1,"name":"Kokoustilat","item":"https:\/\/www.metropolhotel.ee\/fi\/kokoustilat\/"},{"@type":"ListItem","position":2,"name":"TY\u00d6 ON LOMA"}]},{"@type":"WebSite","@id":"https:\/\/www.metropolhotel.ee\/fi\/#website","url":"https:\/\/www.metropolhotel.ee\/fi\/","name":"Metropol Hotel","description":"Metropol Hotels pakub unikaalset hotellielamust Tallinna uues linnas\u00fcdames. Ideaalne valik \u00e4ri-, konverentsi- v\u00f5i puhkusereisiks!","publisher":{"@id":"https:\/\/www.metropolhotel.ee\/fi\/#organization"},"alternateName":"Metropol Hotel","potentialAction":[{"@type":"SearchAction","target":{"@type":"EntryPoint","urlTemplate":"https:\/\/www.metropolhotel.ee\/fi\/?s={search_term_string}"},"query-input":"required name=search_term_string"}],"inLanguage":"fi"},{"@type":"Organization","@id":"https:\/\/www.metropolhotel.ee\/fi\/#organization","name":"Metropol Hotel","alternateName":"Metropol Hotel","url":"https:\/\/www.metropolhotel.ee\/fi\/","logo":{"@type":"ImageObject","inLanguage":"fi","@id":"https:\/\/www.metropolhotel.ee\/fi\/#\/schema\/logo\/image\/","url":"https:\/\/metropol-hotel-new.ms2.decms.eu\/wp-content\/uploads\/sites\/160\/2024\/09\/Metropol_Hotel_hor_.png","contentUrl":"https:\/\/metropol-hotel-new.ms2.decms.eu\/wp-content\/uploads\/sites\/160\/2024\/09\/Metropol_Hotel_hor_.png","width":230,"height":82,"caption":"Metropol Hotel"},"image":{"@id":"https:\/\/www.metropolhotel.ee\/fi\/#\/schema\/logo\/image\/"},"sameAs":["https:\/\/www.facebook.com\/MetropolSpaHotel\/","https:\/\/www.youtube.com\/@metropolhotels4972"]}]}},"acf":[],"_links":{"self":[{"href":"https:\/\/www.metropolhotel.ee\/fi\/wp-json\/wp\/v2\/pages\/1383"}],"collection":[{"href":"https:\/\/www.metropolhotel.ee\/fi\/wp-json\/wp\/v2\/pages"}],"about":[{"href":"https:\/\/www.metropolhotel.ee\/fi\/wp-json\/wp\/v2\/types\/page"}],"author":[{"embeddable":true,"href":"https:\/\/www.metropolhotel.ee\/fi\/wp-json\/wp\/v2\/users\/12"}],"replies":[{"embeddable":true,"href":"https:\/\/www.metropolhotel.ee\/fi\/wp-json\/wp\/v2\/comments?post=1383"}],"version-history":[{"count":0,"href":"https:\/\/www.metropolhotel.ee\/fi\/wp-json\/wp\/v2\/pages\/1383\/revisions"}],"up":[{"embeddable":true,"href":"https:\/\/www.metropolhotel.ee\/fi\/wp-json\/wp\/v2\/pages\/1381"}],"wp:attachment":[{"href":"https:\/\/www.metropolhotel.ee\/fi\/wp-json\/wp\/v2\/media?parent=1383"}],"curies":[{"name":"wp","href":"https:\/\/api.w.org\/{rel}","templated":true}]}}