{"id":1400,"date":"2024-03-06T14:21:42","date_gmt":"2024-03-06T14:21:42","guid":{"rendered":"https:\/\/metropol-hotel-new.ms2.decms.eu\/?page_id=1400"},"modified":"2025-03-25T16:26:37","modified_gmt":"2025-03-25T16:26:37","slug":"varia-elamaan","status":"publish","type":"page","link":"https:\/\/www.metropolhotel.ee\/fi\/paketit\/varia-elamaan\/","title":{"rendered":"V\u00c4RI\u00c4 EL\u00c4M\u00c4\u00c4N"},"content":{"rendered":"<p class=\"p1\" style=\"text-align: center\">Nykyaikaisen el\u00e4m\u00e4nrytmin keskell\u00e4 on t\u00e4rke\u00e4\u00e4 l\u00f6yt\u00e4\u00e4 tapoja rentoutua ja varmistaa itselle hyv\u00e4 olo. Yksi nautinnollinen tapa, jolla sen voi tehd\u00e4, on yhdist\u00e4\u00e4 jokap\u00e4iv\u00e4iseen kauneudenhoitoon kromoterapiaa eli v\u00e4riterapiaa.<\/p>\n<p class=\"p1\" style=\"text-align: center\">Kromoterapiassa k\u00e4ytet\u00e4\u00e4n spektrin seitsem\u00e4n v\u00e4rin voimaa. Eri aallonpituudet auttavat taistelemaan erilaisia ongelmia vastaan, ja v\u00e4ri valitaan juuri sinun tarpeidesi mukaan.<\/p>\n<p class=\"p1\" style=\"text-align: center\">Tuo hoitoihin uusi ulottuvuus v\u00e4riterapian avulla!<\/p>\n","protected":false},"excerpt":{"rendered":"<p>Nykyaikaisen el\u00e4m\u00e4nrytmin keskell\u00e4 on t\u00e4rke\u00e4\u00e4 l\u00f6yt\u00e4\u00e4 tapoja rentoutua ja varmistaa itselle hyv\u00e4 olo. Yksi nautinnollinen tapa, jolla sen voi tehd\u00e4, on yhdist\u00e4\u00e4 jokap\u00e4iv\u00e4iseen kauneudenhoitoon kromoterapiaa eli v\u00e4riterapiaa. Kromoterapiassa k\u00e4ytet\u00e4\u00e4n spektrin seitsem\u00e4n v\u00e4rin voimaa. Eri aallonpituudet auttavat taistelemaan erilaisia ongelmia vastaan, ja v\u00e4ri valitaan juuri sinun tarpeidesi mukaan. Tuo hoitoihin uusi ulottuvuus v\u00e4riterapian avulla!<\/p>\n","protected":false},"author":12,"featured_media":0,"parent":1439,"menu_order":300,"comment_status":"closed","ping_status":"closed","template":"template-single-spa.php","meta":{"footnotes":""},"yoast_head":"<!-- This site is optimized with the Yoast SEO plugin v22.3 - https:\/\/yoast.com\/wordpress\/plugins\/seo\/ -->\n<title>V\u00c4RI\u00c4 EL\u00c4M\u00c4\u00c4N - Metropol Hotel<\/title>\n<meta name=\"description\" content=\"Nykyaikaisen el\u00e4m\u00e4nrytmin keskell\u00e4 on t\u00e4rke\u00e4\u00e4 l\u00f6yt\u00e4\u00e4 tapoja rentoutua ja varmistaa itselle hyv\u00e4 olo. Yksi nautinnollinen tapa, jolla sen voi tehd\u00e4, on yhdist\u00e4\u00e4 jokap\u00e4iv\u00e4iseen kauneudenhoitoon kromoterapiaa eli v\u00e4riterapiaa. Kromoterapiassa k\u00e4ytet\u00e4\u00e4n spektrin seitsem\u00e4n v\u00e4rin voimaa\" \/>\n<meta name=\"robots\" content=\"index, follow, max-snippet:-1, max-image-preview:large, max-video-preview:-1\" \/>\n<link rel=\"canonical\" href=\"https:\/\/www.metropolhotel.ee\/fi\/paketit\/varia-elamaan\/\" \/>\n<meta property=\"og:locale\" content=\"fi_FI\" \/>\n<meta property=\"og:type\" content=\"article\" \/>\n<meta property=\"og:title\" content=\"V\u00c4RI\u00c4 EL\u00c4M\u00c4\u00c4N - Metropol Hotel\" \/>\n<meta property=\"og:description\" content=\"Nykyaikaisen el\u00e4m\u00e4nrytmin keskell\u00e4 on t\u00e4rke\u00e4\u00e4 l\u00f6yt\u00e4\u00e4 tapoja rentoutua ja varmistaa itselle hyv\u00e4 olo. Yksi nautinnollinen tapa, jolla sen voi tehd\u00e4, on yhdist\u00e4\u00e4 jokap\u00e4iv\u00e4iseen kauneudenhoitoon kromoterapiaa eli v\u00e4riterapiaa. Kromoterapiassa k\u00e4ytet\u00e4\u00e4n spektrin seitsem\u00e4n v\u00e4rin voimaa\" \/>\n<meta property=\"og:url\" content=\"https:\/\/www.metropolhotel.ee\/fi\/paketit\/varia-elamaan\/\" \/>\n<meta property=\"og:site_name\" content=\"Metropol Hotel\" \/>\n<meta property=\"article:publisher\" content=\"https:\/\/www.facebook.com\/MetropolSpaHotel\/\" \/>\n<meta property=\"article:modified_time\" content=\"2025-03-25T16:26:37+00:00\" \/>\n<meta property=\"og:image\" content=\"https:\/\/www.metropolhotel.ee\/wp-content\/uploads\/sites\/160\/2023\/08\/metropole_spa_hotel_slide_02.jpg\" \/>\n\t<meta property=\"og:image:width\" content=\"2200\" \/>\n\t<meta property=\"og:image:height\" content=\"1200\" \/>\n\t<meta property=\"og:image:type\" content=\"image\/jpeg\" \/>\n<meta name=\"twitter:card\" content=\"summary_large_image\" \/>\n<meta name=\"twitter:label1\" content=\"Arvioitu lukuaika\" \/>\n\t<meta name=\"twitter:data1\" content=\"1 minuutti\" \/>\n<script type=\"application\/ld+json\" class=\"yoast-schema-graph\">{\"@context\":\"https:\/\/schema.org\",\"@graph\":[{\"@type\":\"WebPage\",\"@id\":\"https:\/\/www.metropolhotel.ee\/fi\/paketit\/varia-elamaan\/\",\"url\":\"https:\/\/www.metropolhotel.ee\/fi\/paketit\/varia-elamaan\/\",\"name\":\"V\u00c4RI\u00c4 EL\u00c4M\u00c4\u00c4N - Metropol Hotel\",\"isPartOf\":{\"@id\":\"https:\/\/www.metropolhotel.ee\/fi\/#website\"},\"datePublished\":\"2024-03-06T14:21:42+00:00\",\"dateModified\":\"2025-03-25T16:26:37+00:00\",\"description\":\"Nykyaikaisen el\u00e4m\u00e4nrytmin keskell\u00e4 on t\u00e4rke\u00e4\u00e4 l\u00f6yt\u00e4\u00e4 tapoja rentoutua ja varmistaa itselle hyv\u00e4 olo. Yksi nautinnollinen tapa, jolla sen voi tehd\u00e4, on yhdist\u00e4\u00e4 jokap\u00e4iv\u00e4iseen kauneudenhoitoon kromoterapiaa eli v\u00e4riterapiaa. Kromoterapiassa k\u00e4ytet\u00e4\u00e4n spektrin seitsem\u00e4n v\u00e4rin voimaa\",\"breadcrumb\":{\"@id\":\"https:\/\/www.metropolhotel.ee\/fi\/paketit\/varia-elamaan\/#breadcrumb\"},\"inLanguage\":\"fi\",\"potentialAction\":[{\"@type\":\"ReadAction\",\"target\":[\"https:\/\/www.metropolhotel.ee\/fi\/paketit\/varia-elamaan\/\"]}]},{\"@type\":\"BreadcrumbList\",\"@id\":\"https:\/\/www.metropolhotel.ee\/fi\/paketit\/varia-elamaan\/#breadcrumb\",\"itemListElement\":[{\"@type\":\"ListItem\",\"position\":1,\"name\":\"Paketit\",\"item\":\"https:\/\/www.metropolhotel.ee\/fi\/paketit\/\"},{\"@type\":\"ListItem\",\"position\":2,\"name\":\"V\u00c4RI\u00c4 EL\u00c4M\u00c4\u00c4N\"}]},{\"@type\":\"WebSite\",\"@id\":\"https:\/\/www.metropolhotel.ee\/fi\/#website\",\"url\":\"https:\/\/www.metropolhotel.ee\/fi\/\",\"name\":\"Metropol Hotel\",\"description\":\"Metropol Hotels pakub unikaalset hotellielamust Tallinna uues linnas\u00fcdames. Ideaalne valik \u00e4ri-, konverentsi- v\u00f5i puhkusereisiks!\",\"publisher\":{\"@id\":\"https:\/\/www.metropolhotel.ee\/fi\/#organization\"},\"alternateName\":\"Metropol Hotel\",\"potentialAction\":[{\"@type\":\"SearchAction\",\"target\":{\"@type\":\"EntryPoint\",\"urlTemplate\":\"https:\/\/www.metropolhotel.ee\/fi\/?s={search_term_string}\"},\"query-input\":\"required name=search_term_string\"}],\"inLanguage\":\"fi\"},{\"@type\":\"Organization\",\"@id\":\"https:\/\/www.metropolhotel.ee\/fi\/#organization\",\"name\":\"Metropol Hotel\",\"alternateName\":\"Metropol Hotel\",\"url\":\"https:\/\/www.metropolhotel.ee\/fi\/\",\"logo\":{\"@type\":\"ImageObject\",\"inLanguage\":\"fi\",\"@id\":\"https:\/\/www.metropolhotel.ee\/fi\/#\/schema\/logo\/image\/\",\"url\":\"https:\/\/metropol-hotel-new.ms2.decms.eu\/wp-content\/uploads\/sites\/160\/2024\/09\/Metropol_Hotel_hor_.png\",\"contentUrl\":\"https:\/\/metropol-hotel-new.ms2.decms.eu\/wp-content\/uploads\/sites\/160\/2024\/09\/Metropol_Hotel_hor_.png\",\"width\":230,\"height\":82,\"caption\":\"Metropol Hotel\"},\"image\":{\"@id\":\"https:\/\/www.metropolhotel.ee\/fi\/#\/schema\/logo\/image\/\"},\"sameAs\":[\"https:\/\/www.facebook.com\/MetropolSpaHotel\/\",\"https:\/\/www.youtube.com\/@metropolhotels4972\"]}]}<\/script>\n<!-- \/ Yoast SEO plugin. -->","yoast_head_json":{"title":"V\u00c4RI\u00c4 EL\u00c4M\u00c4\u00c4N - Metropol Hotel","description":"Nykyaikaisen el\u00e4m\u00e4nrytmin keskell\u00e4 on t\u00e4rke\u00e4\u00e4 l\u00f6yt\u00e4\u00e4 tapoja rentoutua ja varmistaa itselle hyv\u00e4 olo. Yksi nautinnollinen tapa, jolla sen voi tehd\u00e4, on yhdist\u00e4\u00e4 jokap\u00e4iv\u00e4iseen kauneudenhoitoon kromoterapiaa eli v\u00e4riterapiaa. Kromoterapiassa k\u00e4ytet\u00e4\u00e4n spektrin seitsem\u00e4n v\u00e4rin voimaa","robots":{"index":"index","follow":"follow","max-snippet":"max-snippet:-1","max-image-preview":"max-image-preview:large","max-video-preview":"max-video-preview:-1"},"canonical":"https:\/\/www.metropolhotel.ee\/fi\/paketit\/varia-elamaan\/","og_locale":"fi_FI","og_type":"article","og_title":"V\u00c4RI\u00c4 EL\u00c4M\u00c4\u00c4N - Metropol Hotel","og_description":"Nykyaikaisen el\u00e4m\u00e4nrytmin keskell\u00e4 on t\u00e4rke\u00e4\u00e4 l\u00f6yt\u00e4\u00e4 tapoja rentoutua ja varmistaa itselle hyv\u00e4 olo. Yksi nautinnollinen tapa, jolla sen voi tehd\u00e4, on yhdist\u00e4\u00e4 jokap\u00e4iv\u00e4iseen kauneudenhoitoon kromoterapiaa eli v\u00e4riterapiaa. Kromoterapiassa k\u00e4ytet\u00e4\u00e4n spektrin seitsem\u00e4n v\u00e4rin voimaa","og_url":"https:\/\/www.metropolhotel.ee\/fi\/paketit\/varia-elamaan\/","og_site_name":"Metropol Hotel","article_publisher":"https:\/\/www.facebook.com\/MetropolSpaHotel\/","article_modified_time":"2025-03-25T16:26:37+00:00","og_image":[{"width":2200,"height":1200,"url":"https:\/\/www.metropolhotel.ee\/wp-content\/uploads\/sites\/160\/2023\/08\/metropole_spa_hotel_slide_02.jpg","type":"image\/jpeg"}],"twitter_card":"summary_large_image","twitter_misc":{"Arvioitu lukuaika":"1 minuutti"},"schema":{"@context":"https:\/\/schema.org","@graph":[{"@type":"WebPage","@id":"https:\/\/www.metropolhotel.ee\/fi\/paketit\/varia-elamaan\/","url":"https:\/\/www.metropolhotel.ee\/fi\/paketit\/varia-elamaan\/","name":"V\u00c4RI\u00c4 EL\u00c4M\u00c4\u00c4N - Metropol Hotel","isPartOf":{"@id":"https:\/\/www.metropolhotel.ee\/fi\/#website"},"datePublished":"2024-03-06T14:21:42+00:00","dateModified":"2025-03-25T16:26:37+00:00","description":"Nykyaikaisen el\u00e4m\u00e4nrytmin keskell\u00e4 on t\u00e4rke\u00e4\u00e4 l\u00f6yt\u00e4\u00e4 tapoja rentoutua ja varmistaa itselle hyv\u00e4 olo. Yksi nautinnollinen tapa, jolla sen voi tehd\u00e4, on yhdist\u00e4\u00e4 jokap\u00e4iv\u00e4iseen kauneudenhoitoon kromoterapiaa eli v\u00e4riterapiaa. Kromoterapiassa k\u00e4ytet\u00e4\u00e4n spektrin seitsem\u00e4n v\u00e4rin voimaa","breadcrumb":{"@id":"https:\/\/www.metropolhotel.ee\/fi\/paketit\/varia-elamaan\/#breadcrumb"},"inLanguage":"fi","potentialAction":[{"@type":"ReadAction","target":["https:\/\/www.metropolhotel.ee\/fi\/paketit\/varia-elamaan\/"]}]},{"@type":"BreadcrumbList","@id":"https:\/\/www.metropolhotel.ee\/fi\/paketit\/varia-elamaan\/#breadcrumb","itemListElement":[{"@type":"ListItem","position":1,"name":"Paketit","item":"https:\/\/www.metropolhotel.ee\/fi\/paketit\/"},{"@type":"ListItem","position":2,"name":"V\u00c4RI\u00c4 EL\u00c4M\u00c4\u00c4N"}]},{"@type":"WebSite","@id":"https:\/\/www.metropolhotel.ee\/fi\/#website","url":"https:\/\/www.metropolhotel.ee\/fi\/","name":"Metropol Hotel","description":"Metropol Hotels pakub unikaalset hotellielamust Tallinna uues linnas\u00fcdames. Ideaalne valik \u00e4ri-, konverentsi- v\u00f5i puhkusereisiks!","publisher":{"@id":"https:\/\/www.metropolhotel.ee\/fi\/#organization"},"alternateName":"Metropol Hotel","potentialAction":[{"@type":"SearchAction","target":{"@type":"EntryPoint","urlTemplate":"https:\/\/www.metropolhotel.ee\/fi\/?s={search_term_string}"},"query-input":"required name=search_term_string"}],"inLanguage":"fi"},{"@type":"Organization","@id":"https:\/\/www.metropolhotel.ee\/fi\/#organization","name":"Metropol Hotel","alternateName":"Metropol Hotel","url":"https:\/\/www.metropolhotel.ee\/fi\/","logo":{"@type":"ImageObject","inLanguage":"fi","@id":"https:\/\/www.metropolhotel.ee\/fi\/#\/schema\/logo\/image\/","url":"https:\/\/metropol-hotel-new.ms2.decms.eu\/wp-content\/uploads\/sites\/160\/2024\/09\/Metropol_Hotel_hor_.png","contentUrl":"https:\/\/metropol-hotel-new.ms2.decms.eu\/wp-content\/uploads\/sites\/160\/2024\/09\/Metropol_Hotel_hor_.png","width":230,"height":82,"caption":"Metropol Hotel"},"image":{"@id":"https:\/\/www.metropolhotel.ee\/fi\/#\/schema\/logo\/image\/"},"sameAs":["https:\/\/www.facebook.com\/MetropolSpaHotel\/","https:\/\/www.youtube.com\/@metropolhotels4972"]}]}},"acf":[],"_links":{"self":[{"href":"https:\/\/www.metropolhotel.ee\/fi\/wp-json\/wp\/v2\/pages\/1400"}],"collection":[{"href":"https:\/\/www.metropolhotel.ee\/fi\/wp-json\/wp\/v2\/pages"}],"about":[{"href":"https:\/\/www.metropolhotel.ee\/fi\/wp-json\/wp\/v2\/types\/page"}],"author":[{"embeddable":true,"href":"https:\/\/www.metropolhotel.ee\/fi\/wp-json\/wp\/v2\/users\/12"}],"replies":[{"embeddable":true,"href":"https:\/\/www.metropolhotel.ee\/fi\/wp-json\/wp\/v2\/comments?post=1400"}],"version-history":[{"count":0,"href":"https:\/\/www.metropolhotel.ee\/fi\/wp-json\/wp\/v2\/pages\/1400\/revisions"}],"up":[{"embeddable":true,"href":"https:\/\/www.metropolhotel.ee\/fi\/wp-json\/wp\/v2\/pages\/1439"}],"wp:attachment":[{"href":"https:\/\/www.metropolhotel.ee\/fi\/wp-json\/wp\/v2\/media?parent=1400"}],"curies":[{"name":"wp","href":"https:\/\/api.w.org\/{rel}","templated":true}]}}