{"id":1419,"date":"2024-03-06T14:05:36","date_gmt":"2024-03-06T14:05:36","guid":{"rendered":"https:\/\/metropol-hotel-new.ms2.decms.eu\/?page_id=1419"},"modified":"2025-03-31T11:52:11","modified_gmt":"2025-03-31T11:52:11","slug":"ensin-tyo-sitten-vesihuvit","status":"publish","type":"page","link":"https:\/\/www.metropolhotel.ee\/fi\/kokoustilat\/ensin-tyo-sitten-vesihuvit\/","title":{"rendered":"ENSIN TY\u00d6, SITTEN (VESI)HUVIT"},"content":{"rendered":"<p>Jo ennen vanhaan tiedettiin sanoa \u201densin ty\u00f6, sitten huvi\u201d, ja niinp\u00e4 tehokkaan ty\u00f6p\u00e4iv\u00e4n j\u00e4lkeen onkin hyv\u00e4 nauttia vedest\u00e4 ja saunoista kerrosta alempana sijaitsevassa kylpyl\u00e4keskuksessa.<\/p>\n<p>Ei ole v\u00e4li\u00e4, pid\u00e4tk\u00f6 enemm\u00e4n perinteisen suomalaisen saunan kuumista ja kuivista l\u00f6ylyist\u00e4 vai aromisaunan miellytt\u00e4v\u00e4n tuoksuista l\u00f6ylyist\u00e4 vai h\u00f6yrysaunan hell\u00e4st\u00e4 l\u00e4mm\u00f6st\u00e4, sill\u00e4 meill\u00e4 voit valita juuri sinun kehollesi ja mielellesi sopivan virkist\u00e4v\u00e4n saunan. Uima-allas, saunat ja nelj\u00e4 poreallasta varmistavat, ett\u00e4 sin\u00e4 ja kollegasi rentoudutte varmasti ty\u00f6teli\u00e4\u00e4n p\u00e4iv\u00e4n j\u00e4lkeen.<\/p>\n","protected":false},"excerpt":{"rendered":"<p>Jo ennen vanhaan tiedettiin sanoa \u201densin ty\u00f6, sitten huvi\u201d, ja niinp\u00e4 tehokkaan ty\u00f6p\u00e4iv\u00e4n j\u00e4lkeen onkin hyv\u00e4 nauttia vedest\u00e4 ja saunoista kerrosta alempana sijaitsevassa kylpyl\u00e4keskuksessa. Ei ole v\u00e4li\u00e4, pid\u00e4tk\u00f6 enemm\u00e4n perinteisen suomalaisen saunan kuumista ja kuivista l\u00f6ylyist\u00e4 vai aromisaunan miellytt\u00e4v\u00e4n tuoksuista l\u00f6ylyist\u00e4 vai h\u00f6yrysaunan hell\u00e4st\u00e4 l\u00e4mm\u00f6st\u00e4, sill\u00e4 meill\u00e4 voit valita juuri sinun kehollesi ja mielellesi sopivan [&hellip;]<\/p>\n","protected":false},"author":12,"featured_media":0,"parent":1381,"menu_order":102,"comment_status":"closed","ping_status":"closed","template":"template-single-spa.php","meta":{"footnotes":""},"class_list":["post-1419","page","type-page","status-publish","hentry"],"yoast_head":"<!-- This site is optimized with the Yoast SEO plugin v27.3 - https:\/\/yoast.com\/product\/yoast-seo-wordpress\/ -->\n<title>ENSIN TY\u00d6, SITTEN (VESI)HUVIT - Metropol Hotel<\/title>\n<meta name=\"description\" content=\"Jo ennen vanhaan tiedettiin sanoa \u201densin ty\u00f6, sitten huvi\u201d, ja niinp\u00e4 tehokkaan ty\u00f6p\u00e4iv\u00e4n j\u00e4lkeen onkin hyv\u00e4 nauttia vedest\u00e4 ja saunoista kerrosta alempana sijaitsevassa kylpyl\u00e4keskuksessa.  Ei ole v\u00e4li\u00e4, pid\u00e4tk\u00f6 enemm\u00e4n perinteisen suomalaisen saunan kuumista ja kuivista l\u00f6ylyist\u00e4 vai aromisaunan miellytt\u00e4v\u00e4n tuoksuista l\u00f6ylyist\u00e4 vai h\u00f6yrysaunan hell\u00e4st\u00e4 l\u00e4mm\u00f6st\u00e4, sill\u00e4 meill\u00e4 voit valita juuri sinun kehollesi ja mielellesi sopivan virkist\u00e4v\u00e4n saunan. Uima-allas, saunat ja nelj\u00e4 poreallasta varmistavat, ett\u00e4 sin\u00e4 ja kollegasi rentoudutte varmasti ty\u00f6teli\u00e4\u00e4n p\u00e4iv\u00e4n j\u00e4lkeen.\" \/>\n<meta name=\"robots\" content=\"index, follow, max-snippet:-1, max-image-preview:large, max-video-preview:-1\" \/>\n<link rel=\"canonical\" href=\"https:\/\/www.metropolhotel.ee\/fi\/kokoustilat\/ensin-tyo-sitten-vesihuvit\/\" \/>\n<meta property=\"og:locale\" content=\"fi_FI\" \/>\n<meta property=\"og:type\" content=\"article\" \/>\n<meta property=\"og:title\" content=\"ENSIN TY\u00d6, SITTEN (VESI)HUVIT - Metropol Hotel\" \/>\n<meta property=\"og:description\" content=\"Jo ennen vanhaan tiedettiin sanoa \u201densin ty\u00f6, sitten huvi\u201d, ja niinp\u00e4 tehokkaan ty\u00f6p\u00e4iv\u00e4n j\u00e4lkeen onkin hyv\u00e4 nauttia vedest\u00e4 ja saunoista kerrosta alempana sijaitsevassa kylpyl\u00e4keskuksessa.  Ei ole v\u00e4li\u00e4, pid\u00e4tk\u00f6 enemm\u00e4n perinteisen suomalaisen saunan kuumista ja kuivista l\u00f6ylyist\u00e4 vai aromisaunan miellytt\u00e4v\u00e4n tuoksuista l\u00f6ylyist\u00e4 vai h\u00f6yrysaunan hell\u00e4st\u00e4 l\u00e4mm\u00f6st\u00e4, sill\u00e4 meill\u00e4 voit valita juuri sinun kehollesi ja mielellesi sopivan virkist\u00e4v\u00e4n saunan. Uima-allas, saunat ja nelj\u00e4 poreallasta varmistavat, ett\u00e4 sin\u00e4 ja kollegasi rentoudutte varmasti ty\u00f6teli\u00e4\u00e4n p\u00e4iv\u00e4n j\u00e4lkeen.\" \/>\n<meta property=\"og:url\" content=\"https:\/\/www.metropolhotel.ee\/fi\/kokoustilat\/ensin-tyo-sitten-vesihuvit\/\" \/>\n<meta property=\"og:site_name\" content=\"Metropol Hotel\" \/>\n<meta property=\"article:publisher\" content=\"https:\/\/www.facebook.com\/MetropolSpaHotel\/\" \/>\n<meta property=\"article:modified_time\" content=\"2025-03-31T11:52:11+00:00\" \/>\n<meta property=\"og:image\" content=\"https:\/\/www.metropolhotel.ee\/wp-content\/uploads\/sites\/160\/2023\/08\/metropole_spa_hotel_slide_02.jpg\" \/>\n\t<meta property=\"og:image:width\" content=\"2200\" \/>\n\t<meta property=\"og:image:height\" content=\"1200\" \/>\n\t<meta property=\"og:image:type\" content=\"image\/jpeg\" \/>\n<meta name=\"twitter:card\" content=\"summary_large_image\" \/>\n<meta name=\"twitter:label1\" content=\"Arvioitu lukuaika\" \/>\n\t<meta name=\"twitter:data1\" content=\"1 minuutti\" \/>\n<script type=\"application\/ld+json\" class=\"yoast-schema-graph\">{\"@context\":\"https:\\\/\\\/schema.org\",\"@graph\":[{\"@type\":\"WebPage\",\"@id\":\"https:\\\/\\\/www.metropolhotel.ee\\\/fi\\\/kokoustilat\\\/ensin-tyo-sitten-vesihuvit\\\/\",\"url\":\"https:\\\/\\\/www.metropolhotel.ee\\\/fi\\\/kokoustilat\\\/ensin-tyo-sitten-vesihuvit\\\/\",\"name\":\"ENSIN TY\u00d6, SITTEN (VESI)HUVIT - Metropol Hotel\",\"isPartOf\":{\"@id\":\"https:\\\/\\\/www.metropolhotel.ee\\\/fi\\\/#website\"},\"datePublished\":\"2024-03-06T14:05:36+00:00\",\"dateModified\":\"2025-03-31T11:52:11+00:00\",\"description\":\"Jo ennen vanhaan tiedettiin sanoa \u201densin ty\u00f6, sitten huvi\u201d, ja niinp\u00e4 tehokkaan ty\u00f6p\u00e4iv\u00e4n j\u00e4lkeen onkin hyv\u00e4 nauttia vedest\u00e4 ja saunoista kerrosta alempana sijaitsevassa kylpyl\u00e4keskuksessa. Ei ole v\u00e4li\u00e4, pid\u00e4tk\u00f6 enemm\u00e4n perinteisen suomalaisen saunan kuumista ja kuivista l\u00f6ylyist\u00e4 vai aromisaunan miellytt\u00e4v\u00e4n tuoksuista l\u00f6ylyist\u00e4 vai h\u00f6yrysaunan hell\u00e4st\u00e4 l\u00e4mm\u00f6st\u00e4, sill\u00e4 meill\u00e4 voit valita juuri sinun kehollesi ja mielellesi sopivan virkist\u00e4v\u00e4n saunan. Uima-allas, saunat ja nelj\u00e4 poreallasta varmistavat, ett\u00e4 sin\u00e4 ja kollegasi rentoudutte varmasti ty\u00f6teli\u00e4\u00e4n p\u00e4iv\u00e4n j\u00e4lkeen.\",\"breadcrumb\":{\"@id\":\"https:\\\/\\\/www.metropolhotel.ee\\\/fi\\\/kokoustilat\\\/ensin-tyo-sitten-vesihuvit\\\/#breadcrumb\"},\"inLanguage\":\"fi\",\"potentialAction\":[{\"@type\":\"ReadAction\",\"target\":[\"https:\\\/\\\/www.metropolhotel.ee\\\/fi\\\/kokoustilat\\\/ensin-tyo-sitten-vesihuvit\\\/\"]}]},{\"@type\":\"BreadcrumbList\",\"@id\":\"https:\\\/\\\/www.metropolhotel.ee\\\/fi\\\/kokoustilat\\\/ensin-tyo-sitten-vesihuvit\\\/#breadcrumb\",\"itemListElement\":[{\"@type\":\"ListItem\",\"position\":1,\"name\":\"Kokoustilat\",\"item\":\"https:\\\/\\\/www.metropolhotel.ee\\\/fi\\\/kokoustilat\\\/\"},{\"@type\":\"ListItem\",\"position\":2,\"name\":\"ENSIN TY\u00d6, SITTEN (VESI)HUVIT\"}]},{\"@type\":\"WebSite\",\"@id\":\"https:\\\/\\\/www.metropolhotel.ee\\\/fi\\\/#website\",\"url\":\"https:\\\/\\\/www.metropolhotel.ee\\\/fi\\\/\",\"name\":\"Metropol Hotel\",\"description\":\"Metropol Hotels pakub unikaalset hotellielamust Tallinna uues linnas\u00fcdames. Ideaalne valik \u00e4ri-, konverentsi- v\u00f5i puhkusereisiks!\",\"publisher\":{\"@id\":\"https:\\\/\\\/www.metropolhotel.ee\\\/fi\\\/#organization\"},\"alternateName\":\"Metropol Hotel\",\"potentialAction\":[{\"@type\":\"SearchAction\",\"target\":{\"@type\":\"EntryPoint\",\"urlTemplate\":\"https:\\\/\\\/www.metropolhotel.ee\\\/fi\\\/?s={search_term_string}\"},\"query-input\":{\"@type\":\"PropertyValueSpecification\",\"valueRequired\":true,\"valueName\":\"search_term_string\"}}],\"inLanguage\":\"fi\"},{\"@type\":\"Organization\",\"@id\":\"https:\\\/\\\/www.metropolhotel.ee\\\/fi\\\/#organization\",\"name\":\"Metropol Hotel\",\"alternateName\":\"Metropol Hotel\",\"url\":\"https:\\\/\\\/www.metropolhotel.ee\\\/fi\\\/\",\"logo\":{\"@type\":\"ImageObject\",\"inLanguage\":\"fi\",\"@id\":\"https:\\\/\\\/www.metropolhotel.ee\\\/fi\\\/#\\\/schema\\\/logo\\\/image\\\/\",\"url\":\"https:\\\/\\\/metropol-hotel-new.ms2.decms.eu\\\/wp-content\\\/uploads\\\/sites\\\/160\\\/2024\\\/09\\\/Metropol_Hotel_hor_.png\",\"contentUrl\":\"https:\\\/\\\/metropol-hotel-new.ms2.decms.eu\\\/wp-content\\\/uploads\\\/sites\\\/160\\\/2024\\\/09\\\/Metropol_Hotel_hor_.png\",\"width\":230,\"height\":82,\"caption\":\"Metropol Hotel\"},\"image\":{\"@id\":\"https:\\\/\\\/www.metropolhotel.ee\\\/fi\\\/#\\\/schema\\\/logo\\\/image\\\/\"},\"sameAs\":[\"https:\\\/\\\/www.facebook.com\\\/MetropolSpaHotel\\\/\",\"https:\\\/\\\/www.youtube.com\\\/@metropolhotels4972\"]}]}<\/script>\n<!-- \/ Yoast SEO plugin. -->","yoast_head_json":{"title":"ENSIN TY\u00d6, SITTEN (VESI)HUVIT - Metropol Hotel","description":"Jo ennen vanhaan tiedettiin sanoa \u201densin ty\u00f6, sitten huvi\u201d, ja niinp\u00e4 tehokkaan ty\u00f6p\u00e4iv\u00e4n j\u00e4lkeen onkin hyv\u00e4 nauttia vedest\u00e4 ja saunoista kerrosta alempana sijaitsevassa kylpyl\u00e4keskuksessa.  Ei ole v\u00e4li\u00e4, pid\u00e4tk\u00f6 enemm\u00e4n perinteisen suomalaisen saunan kuumista ja kuivista l\u00f6ylyist\u00e4 vai aromisaunan miellytt\u00e4v\u00e4n tuoksuista l\u00f6ylyist\u00e4 vai h\u00f6yrysaunan hell\u00e4st\u00e4 l\u00e4mm\u00f6st\u00e4, sill\u00e4 meill\u00e4 voit valita juuri sinun kehollesi ja mielellesi sopivan virkist\u00e4v\u00e4n saunan. Uima-allas, saunat ja nelj\u00e4 poreallasta varmistavat, ett\u00e4 sin\u00e4 ja kollegasi rentoudutte varmasti ty\u00f6teli\u00e4\u00e4n p\u00e4iv\u00e4n j\u00e4lkeen.","robots":{"index":"index","follow":"follow","max-snippet":"max-snippet:-1","max-image-preview":"max-image-preview:large","max-video-preview":"max-video-preview:-1"},"canonical":"https:\/\/www.metropolhotel.ee\/fi\/kokoustilat\/ensin-tyo-sitten-vesihuvit\/","og_locale":"fi_FI","og_type":"article","og_title":"ENSIN TY\u00d6, SITTEN (VESI)HUVIT - Metropol Hotel","og_description":"Jo ennen vanhaan tiedettiin sanoa \u201densin ty\u00f6, sitten huvi\u201d, ja niinp\u00e4 tehokkaan ty\u00f6p\u00e4iv\u00e4n j\u00e4lkeen onkin hyv\u00e4 nauttia vedest\u00e4 ja saunoista kerrosta alempana sijaitsevassa kylpyl\u00e4keskuksessa.  Ei ole v\u00e4li\u00e4, pid\u00e4tk\u00f6 enemm\u00e4n perinteisen suomalaisen saunan kuumista ja kuivista l\u00f6ylyist\u00e4 vai aromisaunan miellytt\u00e4v\u00e4n tuoksuista l\u00f6ylyist\u00e4 vai h\u00f6yrysaunan hell\u00e4st\u00e4 l\u00e4mm\u00f6st\u00e4, sill\u00e4 meill\u00e4 voit valita juuri sinun kehollesi ja mielellesi sopivan virkist\u00e4v\u00e4n saunan. Uima-allas, saunat ja nelj\u00e4 poreallasta varmistavat, ett\u00e4 sin\u00e4 ja kollegasi rentoudutte varmasti ty\u00f6teli\u00e4\u00e4n p\u00e4iv\u00e4n j\u00e4lkeen.","og_url":"https:\/\/www.metropolhotel.ee\/fi\/kokoustilat\/ensin-tyo-sitten-vesihuvit\/","og_site_name":"Metropol Hotel","article_publisher":"https:\/\/www.facebook.com\/MetropolSpaHotel\/","article_modified_time":"2025-03-31T11:52:11+00:00","og_image":[{"width":2200,"height":1200,"url":"https:\/\/www.metropolhotel.ee\/wp-content\/uploads\/sites\/160\/2023\/08\/metropole_spa_hotel_slide_02.jpg","type":"image\/jpeg"}],"twitter_card":"summary_large_image","twitter_misc":{"Arvioitu lukuaika":"1 minuutti"},"schema":{"@context":"https:\/\/schema.org","@graph":[{"@type":"WebPage","@id":"https:\/\/www.metropolhotel.ee\/fi\/kokoustilat\/ensin-tyo-sitten-vesihuvit\/","url":"https:\/\/www.metropolhotel.ee\/fi\/kokoustilat\/ensin-tyo-sitten-vesihuvit\/","name":"ENSIN TY\u00d6, SITTEN (VESI)HUVIT - Metropol Hotel","isPartOf":{"@id":"https:\/\/www.metropolhotel.ee\/fi\/#website"},"datePublished":"2024-03-06T14:05:36+00:00","dateModified":"2025-03-31T11:52:11+00:00","description":"Jo ennen vanhaan tiedettiin sanoa \u201densin ty\u00f6, sitten huvi\u201d, ja niinp\u00e4 tehokkaan ty\u00f6p\u00e4iv\u00e4n j\u00e4lkeen onkin hyv\u00e4 nauttia vedest\u00e4 ja saunoista kerrosta alempana sijaitsevassa kylpyl\u00e4keskuksessa. Ei ole v\u00e4li\u00e4, pid\u00e4tk\u00f6 enemm\u00e4n perinteisen suomalaisen saunan kuumista ja kuivista l\u00f6ylyist\u00e4 vai aromisaunan miellytt\u00e4v\u00e4n tuoksuista l\u00f6ylyist\u00e4 vai h\u00f6yrysaunan hell\u00e4st\u00e4 l\u00e4mm\u00f6st\u00e4, sill\u00e4 meill\u00e4 voit valita juuri sinun kehollesi ja mielellesi sopivan virkist\u00e4v\u00e4n saunan. Uima-allas, saunat ja nelj\u00e4 poreallasta varmistavat, ett\u00e4 sin\u00e4 ja kollegasi rentoudutte varmasti ty\u00f6teli\u00e4\u00e4n p\u00e4iv\u00e4n j\u00e4lkeen.","breadcrumb":{"@id":"https:\/\/www.metropolhotel.ee\/fi\/kokoustilat\/ensin-tyo-sitten-vesihuvit\/#breadcrumb"},"inLanguage":"fi","potentialAction":[{"@type":"ReadAction","target":["https:\/\/www.metropolhotel.ee\/fi\/kokoustilat\/ensin-tyo-sitten-vesihuvit\/"]}]},{"@type":"BreadcrumbList","@id":"https:\/\/www.metropolhotel.ee\/fi\/kokoustilat\/ensin-tyo-sitten-vesihuvit\/#breadcrumb","itemListElement":[{"@type":"ListItem","position":1,"name":"Kokoustilat","item":"https:\/\/www.metropolhotel.ee\/fi\/kokoustilat\/"},{"@type":"ListItem","position":2,"name":"ENSIN TY\u00d6, SITTEN (VESI)HUVIT"}]},{"@type":"WebSite","@id":"https:\/\/www.metropolhotel.ee\/fi\/#website","url":"https:\/\/www.metropolhotel.ee\/fi\/","name":"Metropol Hotel","description":"Metropol Hotels pakub unikaalset hotellielamust Tallinna uues linnas\u00fcdames. Ideaalne valik \u00e4ri-, konverentsi- v\u00f5i puhkusereisiks!","publisher":{"@id":"https:\/\/www.metropolhotel.ee\/fi\/#organization"},"alternateName":"Metropol Hotel","potentialAction":[{"@type":"SearchAction","target":{"@type":"EntryPoint","urlTemplate":"https:\/\/www.metropolhotel.ee\/fi\/?s={search_term_string}"},"query-input":{"@type":"PropertyValueSpecification","valueRequired":true,"valueName":"search_term_string"}}],"inLanguage":"fi"},{"@type":"Organization","@id":"https:\/\/www.metropolhotel.ee\/fi\/#organization","name":"Metropol Hotel","alternateName":"Metropol Hotel","url":"https:\/\/www.metropolhotel.ee\/fi\/","logo":{"@type":"ImageObject","inLanguage":"fi","@id":"https:\/\/www.metropolhotel.ee\/fi\/#\/schema\/logo\/image\/","url":"https:\/\/metropol-hotel-new.ms2.decms.eu\/wp-content\/uploads\/sites\/160\/2024\/09\/Metropol_Hotel_hor_.png","contentUrl":"https:\/\/metropol-hotel-new.ms2.decms.eu\/wp-content\/uploads\/sites\/160\/2024\/09\/Metropol_Hotel_hor_.png","width":230,"height":82,"caption":"Metropol Hotel"},"image":{"@id":"https:\/\/www.metropolhotel.ee\/fi\/#\/schema\/logo\/image\/"},"sameAs":["https:\/\/www.facebook.com\/MetropolSpaHotel\/","https:\/\/www.youtube.com\/@metropolhotels4972"]}]}},"acf":[],"_links":{"self":[{"href":"https:\/\/www.metropolhotel.ee\/fi\/wp-json\/wp\/v2\/pages\/1419","targetHints":{"allow":["GET"]}}],"collection":[{"href":"https:\/\/www.metropolhotel.ee\/fi\/wp-json\/wp\/v2\/pages"}],"about":[{"href":"https:\/\/www.metropolhotel.ee\/fi\/wp-json\/wp\/v2\/types\/page"}],"author":[{"embeddable":true,"href":"https:\/\/www.metropolhotel.ee\/fi\/wp-json\/wp\/v2\/users\/12"}],"replies":[{"embeddable":true,"href":"https:\/\/www.metropolhotel.ee\/fi\/wp-json\/wp\/v2\/comments?post=1419"}],"version-history":[{"count":0,"href":"https:\/\/www.metropolhotel.ee\/fi\/wp-json\/wp\/v2\/pages\/1419\/revisions"}],"up":[{"embeddable":true,"href":"https:\/\/www.metropolhotel.ee\/fi\/wp-json\/wp\/v2\/pages\/1381"}],"wp:attachment":[{"href":"https:\/\/www.metropolhotel.ee\/fi\/wp-json\/wp\/v2\/media?parent=1419"}],"curies":[{"name":"wp","href":"https:\/\/api.w.org\/{rel}","templated":true}]}}