{"id":1423,"date":"2024-03-06T14:06:37","date_gmt":"2024-03-06T14:06:37","guid":{"rendered":"https:\/\/metropol-hotel-new.ms2.decms.eu\/?page_id=1423"},"modified":"2025-03-24T13:40:38","modified_gmt":"2025-03-24T13:40:38","slug":"ajattele-laatikon-ulkopuolelle","status":"publish","type":"page","link":"https:\/\/www.metropolhotel.ee\/fi\/kokoustilat\/ajattele-laatikon-ulkopuolelle\/","title":{"rendered":"AJATTELE LAATIKON ULKOPUOLELLE"},"content":{"rendered":"<p class=\"p1\">V\u00e4lill\u00e4 kannattaa vilkaista laatikon ulkopuolelle ja j\u00e4rjest\u00e4\u00e4 kokous kylpyl\u00e4- ja saunakeskuksemme yksityistiloissa.<\/p>\n<p class=\"p1\">Kun siirryt pois tavanomaisesta ymp\u00e4rist\u00f6st\u00e4, my\u00f6s uusia ideoita ja ratkaisuja alkaa l\u00f6yty\u00e4, ja tietysti kirsikkana kakussa on mahdollisuus rentoutua porealtaissa ja saunoissa ja ladata akut t\u00e4yteen uusia haasteita varten.<\/p>\n","protected":false},"excerpt":{"rendered":"<p>V\u00e4lill\u00e4 kannattaa vilkaista laatikon ulkopuolelle ja j\u00e4rjest\u00e4\u00e4 kokous kylpyl\u00e4- ja saunakeskuksemme yksityistiloissa. Kun siirryt pois tavanomaisesta ymp\u00e4rist\u00f6st\u00e4, my\u00f6s uusia ideoita ja ratkaisuja alkaa l\u00f6yty\u00e4, ja tietysti kirsikkana kakussa on mahdollisuus rentoutua porealtaissa ja saunoissa ja ladata akut t\u00e4yteen uusia haasteita varten.<\/p>\n","protected":false},"author":12,"featured_media":0,"parent":1381,"menu_order":103,"comment_status":"closed","ping_status":"closed","template":"template-single-spa.php","meta":{"footnotes":""},"yoast_head":"<!-- This site is optimized with the Yoast SEO plugin v22.3 - https:\/\/yoast.com\/wordpress\/plugins\/seo\/ -->\n<title>AJATTELE LAATIKON ULKOPUOLELLE - Metropol Hotel<\/title>\n<meta name=\"description\" content=\"V\u00e4lill\u00e4 kannattaa vilkaista laatikon ulkopuolelle ja j\u00e4rjest\u00e4\u00e4 kokous kylpyl\u00e4- ja saunakeskuksemme yksityistiloissa. Kun siirryt pois tavanomaisesta ymp\u00e4rist\u00f6st\u00e4, my\u00f6s uusia ideoita ja ratkaisuja alkaa l\u00f6yty\u00e4, ja tietysti kirsikkana kakussa on mahdollisuus rentoutua porealtaissa ja saunoissa ja ladata akut t\u00e4yteen uusia haasteita varten..\" \/>\n<meta name=\"robots\" content=\"index, follow, max-snippet:-1, max-image-preview:large, max-video-preview:-1\" \/>\n<link rel=\"canonical\" href=\"https:\/\/www.metropolhotel.ee\/fi\/kokoustilat\/ajattele-laatikon-ulkopuolelle\/\" \/>\n<meta property=\"og:locale\" content=\"fi_FI\" \/>\n<meta property=\"og:type\" content=\"article\" \/>\n<meta property=\"og:title\" content=\"AJATTELE LAATIKON ULKOPUOLELLE - Metropol Hotel\" \/>\n<meta property=\"og:description\" content=\"V\u00e4lill\u00e4 kannattaa vilkaista laatikon ulkopuolelle ja j\u00e4rjest\u00e4\u00e4 kokous kylpyl\u00e4- ja saunakeskuksemme yksityistiloissa. Kun siirryt pois tavanomaisesta ymp\u00e4rist\u00f6st\u00e4, my\u00f6s uusia ideoita ja ratkaisuja alkaa l\u00f6yty\u00e4, ja tietysti kirsikkana kakussa on mahdollisuus rentoutua porealtaissa ja saunoissa ja ladata akut t\u00e4yteen uusia haasteita varten..\" \/>\n<meta property=\"og:url\" content=\"https:\/\/www.metropolhotel.ee\/fi\/kokoustilat\/ajattele-laatikon-ulkopuolelle\/\" \/>\n<meta property=\"og:site_name\" content=\"Metropol Hotel\" \/>\n<meta property=\"article:publisher\" content=\"https:\/\/www.facebook.com\/MetropolSpaHotel\/\" \/>\n<meta property=\"article:modified_time\" content=\"2025-03-24T13:40:38+00:00\" \/>\n<meta property=\"og:image\" content=\"https:\/\/www.metropolhotel.ee\/wp-content\/uploads\/sites\/160\/2023\/08\/metropole_spa_hotel_slide_02.jpg\" \/>\n\t<meta property=\"og:image:width\" content=\"2200\" \/>\n\t<meta property=\"og:image:height\" content=\"1200\" \/>\n\t<meta property=\"og:image:type\" content=\"image\/jpeg\" \/>\n<meta name=\"twitter:card\" content=\"summary_large_image\" \/>\n<meta name=\"twitter:label1\" content=\"Arvioitu lukuaika\" \/>\n\t<meta name=\"twitter:data1\" content=\"1 minuutti\" \/>\n<script type=\"application\/ld+json\" class=\"yoast-schema-graph\">{\"@context\":\"https:\/\/schema.org\",\"@graph\":[{\"@type\":\"WebPage\",\"@id\":\"https:\/\/www.metropolhotel.ee\/fi\/kokoustilat\/ajattele-laatikon-ulkopuolelle\/\",\"url\":\"https:\/\/www.metropolhotel.ee\/fi\/kokoustilat\/ajattele-laatikon-ulkopuolelle\/\",\"name\":\"AJATTELE LAATIKON ULKOPUOLELLE - Metropol Hotel\",\"isPartOf\":{\"@id\":\"https:\/\/www.metropolhotel.ee\/fi\/#website\"},\"datePublished\":\"2024-03-06T14:06:37+00:00\",\"dateModified\":\"2025-03-24T13:40:38+00:00\",\"description\":\"V\u00e4lill\u00e4 kannattaa vilkaista laatikon ulkopuolelle ja j\u00e4rjest\u00e4\u00e4 kokous kylpyl\u00e4- ja saunakeskuksemme yksityistiloissa. Kun siirryt pois tavanomaisesta ymp\u00e4rist\u00f6st\u00e4, my\u00f6s uusia ideoita ja ratkaisuja alkaa l\u00f6yty\u00e4, ja tietysti kirsikkana kakussa on mahdollisuus rentoutua porealtaissa ja saunoissa ja ladata akut t\u00e4yteen uusia haasteita varten. .\",\"breadcrumb\":{\"@id\":\"https:\/\/www.metropolhotel.ee\/fi\/kokoustilat\/ajattele-laatikon-ulkopuolelle\/#breadcrumb\"},\"inLanguage\":\"fi\",\"potentialAction\":[{\"@type\":\"ReadAction\",\"target\":[\"https:\/\/www.metropolhotel.ee\/fi\/kokoustilat\/ajattele-laatikon-ulkopuolelle\/\"]}]},{\"@type\":\"BreadcrumbList\",\"@id\":\"https:\/\/www.metropolhotel.ee\/fi\/kokoustilat\/ajattele-laatikon-ulkopuolelle\/#breadcrumb\",\"itemListElement\":[{\"@type\":\"ListItem\",\"position\":1,\"name\":\"Kokoustilat\",\"item\":\"https:\/\/www.metropolhotel.ee\/fi\/kokoustilat\/\"},{\"@type\":\"ListItem\",\"position\":2,\"name\":\"AJATTELE LAATIKON ULKOPUOLELLE\"}]},{\"@type\":\"WebSite\",\"@id\":\"https:\/\/www.metropolhotel.ee\/fi\/#website\",\"url\":\"https:\/\/www.metropolhotel.ee\/fi\/\",\"name\":\"Metropol Hotel\",\"description\":\"Metropol Hotels pakub unikaalset hotellielamust Tallinna uues linnas\u00fcdames. Ideaalne valik \u00e4ri-, konverentsi- v\u00f5i puhkusereisiks!\",\"publisher\":{\"@id\":\"https:\/\/www.metropolhotel.ee\/fi\/#organization\"},\"alternateName\":\"Metropol Hotel\",\"potentialAction\":[{\"@type\":\"SearchAction\",\"target\":{\"@type\":\"EntryPoint\",\"urlTemplate\":\"https:\/\/www.metropolhotel.ee\/fi\/?s={search_term_string}\"},\"query-input\":\"required name=search_term_string\"}],\"inLanguage\":\"fi\"},{\"@type\":\"Organization\",\"@id\":\"https:\/\/www.metropolhotel.ee\/fi\/#organization\",\"name\":\"Metropol Hotel\",\"alternateName\":\"Metropol Hotel\",\"url\":\"https:\/\/www.metropolhotel.ee\/fi\/\",\"logo\":{\"@type\":\"ImageObject\",\"inLanguage\":\"fi\",\"@id\":\"https:\/\/www.metropolhotel.ee\/fi\/#\/schema\/logo\/image\/\",\"url\":\"https:\/\/metropol-hotel-new.ms2.decms.eu\/wp-content\/uploads\/sites\/160\/2024\/09\/Metropol_Hotel_hor_.png\",\"contentUrl\":\"https:\/\/metropol-hotel-new.ms2.decms.eu\/wp-content\/uploads\/sites\/160\/2024\/09\/Metropol_Hotel_hor_.png\",\"width\":230,\"height\":82,\"caption\":\"Metropol Hotel\"},\"image\":{\"@id\":\"https:\/\/www.metropolhotel.ee\/fi\/#\/schema\/logo\/image\/\"},\"sameAs\":[\"https:\/\/www.facebook.com\/MetropolSpaHotel\/\",\"https:\/\/www.youtube.com\/@metropolhotels4972\"]}]}<\/script>\n<!-- \/ Yoast SEO plugin. -->","yoast_head_json":{"title":"AJATTELE LAATIKON ULKOPUOLELLE - Metropol Hotel","description":"V\u00e4lill\u00e4 kannattaa vilkaista laatikon ulkopuolelle ja j\u00e4rjest\u00e4\u00e4 kokous kylpyl\u00e4- ja saunakeskuksemme yksityistiloissa. Kun siirryt pois tavanomaisesta ymp\u00e4rist\u00f6st\u00e4, my\u00f6s uusia ideoita ja ratkaisuja alkaa l\u00f6yty\u00e4, ja tietysti kirsikkana kakussa on mahdollisuus rentoutua porealtaissa ja saunoissa ja ladata akut t\u00e4yteen uusia haasteita varten..","robots":{"index":"index","follow":"follow","max-snippet":"max-snippet:-1","max-image-preview":"max-image-preview:large","max-video-preview":"max-video-preview:-1"},"canonical":"https:\/\/www.metropolhotel.ee\/fi\/kokoustilat\/ajattele-laatikon-ulkopuolelle\/","og_locale":"fi_FI","og_type":"article","og_title":"AJATTELE LAATIKON ULKOPUOLELLE - Metropol Hotel","og_description":"V\u00e4lill\u00e4 kannattaa vilkaista laatikon ulkopuolelle ja j\u00e4rjest\u00e4\u00e4 kokous kylpyl\u00e4- ja saunakeskuksemme yksityistiloissa. Kun siirryt pois tavanomaisesta ymp\u00e4rist\u00f6st\u00e4, my\u00f6s uusia ideoita ja ratkaisuja alkaa l\u00f6yty\u00e4, ja tietysti kirsikkana kakussa on mahdollisuus rentoutua porealtaissa ja saunoissa ja ladata akut t\u00e4yteen uusia haasteita varten..","og_url":"https:\/\/www.metropolhotel.ee\/fi\/kokoustilat\/ajattele-laatikon-ulkopuolelle\/","og_site_name":"Metropol Hotel","article_publisher":"https:\/\/www.facebook.com\/MetropolSpaHotel\/","article_modified_time":"2025-03-24T13:40:38+00:00","og_image":[{"width":2200,"height":1200,"url":"https:\/\/www.metropolhotel.ee\/wp-content\/uploads\/sites\/160\/2023\/08\/metropole_spa_hotel_slide_02.jpg","type":"image\/jpeg"}],"twitter_card":"summary_large_image","twitter_misc":{"Arvioitu lukuaika":"1 minuutti"},"schema":{"@context":"https:\/\/schema.org","@graph":[{"@type":"WebPage","@id":"https:\/\/www.metropolhotel.ee\/fi\/kokoustilat\/ajattele-laatikon-ulkopuolelle\/","url":"https:\/\/www.metropolhotel.ee\/fi\/kokoustilat\/ajattele-laatikon-ulkopuolelle\/","name":"AJATTELE LAATIKON ULKOPUOLELLE - Metropol Hotel","isPartOf":{"@id":"https:\/\/www.metropolhotel.ee\/fi\/#website"},"datePublished":"2024-03-06T14:06:37+00:00","dateModified":"2025-03-24T13:40:38+00:00","description":"V\u00e4lill\u00e4 kannattaa vilkaista laatikon ulkopuolelle ja j\u00e4rjest\u00e4\u00e4 kokous kylpyl\u00e4- ja saunakeskuksemme yksityistiloissa. Kun siirryt pois tavanomaisesta ymp\u00e4rist\u00f6st\u00e4, my\u00f6s uusia ideoita ja ratkaisuja alkaa l\u00f6yty\u00e4, ja tietysti kirsikkana kakussa on mahdollisuus rentoutua porealtaissa ja saunoissa ja ladata akut t\u00e4yteen uusia haasteita varten. .","breadcrumb":{"@id":"https:\/\/www.metropolhotel.ee\/fi\/kokoustilat\/ajattele-laatikon-ulkopuolelle\/#breadcrumb"},"inLanguage":"fi","potentialAction":[{"@type":"ReadAction","target":["https:\/\/www.metropolhotel.ee\/fi\/kokoustilat\/ajattele-laatikon-ulkopuolelle\/"]}]},{"@type":"BreadcrumbList","@id":"https:\/\/www.metropolhotel.ee\/fi\/kokoustilat\/ajattele-laatikon-ulkopuolelle\/#breadcrumb","itemListElement":[{"@type":"ListItem","position":1,"name":"Kokoustilat","item":"https:\/\/www.metropolhotel.ee\/fi\/kokoustilat\/"},{"@type":"ListItem","position":2,"name":"AJATTELE LAATIKON ULKOPUOLELLE"}]},{"@type":"WebSite","@id":"https:\/\/www.metropolhotel.ee\/fi\/#website","url":"https:\/\/www.metropolhotel.ee\/fi\/","name":"Metropol Hotel","description":"Metropol Hotels pakub unikaalset hotellielamust Tallinna uues linnas\u00fcdames. Ideaalne valik \u00e4ri-, konverentsi- v\u00f5i puhkusereisiks!","publisher":{"@id":"https:\/\/www.metropolhotel.ee\/fi\/#organization"},"alternateName":"Metropol Hotel","potentialAction":[{"@type":"SearchAction","target":{"@type":"EntryPoint","urlTemplate":"https:\/\/www.metropolhotel.ee\/fi\/?s={search_term_string}"},"query-input":"required name=search_term_string"}],"inLanguage":"fi"},{"@type":"Organization","@id":"https:\/\/www.metropolhotel.ee\/fi\/#organization","name":"Metropol Hotel","alternateName":"Metropol Hotel","url":"https:\/\/www.metropolhotel.ee\/fi\/","logo":{"@type":"ImageObject","inLanguage":"fi","@id":"https:\/\/www.metropolhotel.ee\/fi\/#\/schema\/logo\/image\/","url":"https:\/\/metropol-hotel-new.ms2.decms.eu\/wp-content\/uploads\/sites\/160\/2024\/09\/Metropol_Hotel_hor_.png","contentUrl":"https:\/\/metropol-hotel-new.ms2.decms.eu\/wp-content\/uploads\/sites\/160\/2024\/09\/Metropol_Hotel_hor_.png","width":230,"height":82,"caption":"Metropol Hotel"},"image":{"@id":"https:\/\/www.metropolhotel.ee\/fi\/#\/schema\/logo\/image\/"},"sameAs":["https:\/\/www.facebook.com\/MetropolSpaHotel\/","https:\/\/www.youtube.com\/@metropolhotels4972"]}]}},"acf":[],"_links":{"self":[{"href":"https:\/\/www.metropolhotel.ee\/fi\/wp-json\/wp\/v2\/pages\/1423"}],"collection":[{"href":"https:\/\/www.metropolhotel.ee\/fi\/wp-json\/wp\/v2\/pages"}],"about":[{"href":"https:\/\/www.metropolhotel.ee\/fi\/wp-json\/wp\/v2\/types\/page"}],"author":[{"embeddable":true,"href":"https:\/\/www.metropolhotel.ee\/fi\/wp-json\/wp\/v2\/users\/12"}],"replies":[{"embeddable":true,"href":"https:\/\/www.metropolhotel.ee\/fi\/wp-json\/wp\/v2\/comments?post=1423"}],"version-history":[{"count":0,"href":"https:\/\/www.metropolhotel.ee\/fi\/wp-json\/wp\/v2\/pages\/1423\/revisions"}],"up":[{"embeddable":true,"href":"https:\/\/www.metropolhotel.ee\/fi\/wp-json\/wp\/v2\/pages\/1381"}],"wp:attachment":[{"href":"https:\/\/www.metropolhotel.ee\/fi\/wp-json\/wp\/v2\/media?parent=1423"}],"curies":[{"name":"wp","href":"https:\/\/api.w.org\/{rel}","templated":true}]}}