{"id":1459,"date":"2024-03-25T08:08:33","date_gmt":"2024-03-25T08:08:33","guid":{"rendered":"https:\/\/metropol-hotel-new.ms2.decms.eu\/?page_id=1459"},"modified":"2026-04-13T06:25:02","modified_gmt":"2026-04-13T06:25:02","slug":"kylpylan-saannot","status":"publish","type":"page","link":"https:\/\/www.metropolhotel.ee\/fi\/kylpylan-saannot\/","title":{"rendered":"Kylpyl\u00e4n s\u00e4\u00e4nn\u00f6t"},"content":{"rendered":"<h3 style=\"text-align: center\"><strong>Hyv\u00e4 vieraamme!<\/strong><\/h3>\n<h4 style=\"text-align: center\"><strong>Meill\u00e4 on ilo toivottaa teid\u00e4t tervetulleeksi Metropol Spa Hotel -hotellin spa-osastolle!<\/strong><\/h4>\n<p style=\"text-align: center\"><strong>Saapumisesi spa-osastolle katsotaan vahvistukseksi siit\u00e4, ett\u00e4 olet lukenut s\u00e4\u00e4nn\u00f6t.<\/strong><\/p>\n<ul>\n<li style=\"text-align: left\">Spa-osaston k\u00e4ytt\u00f6 edellytt\u00e4\u00e4, ett\u00e4 terveydentilasi on sellainen, ett\u00e4 voit k\u00e4ytt\u00e4\u00e4 erilaisia saunoja, porealtaita ja uima-altaita.<\/li>\n<li style=\"text-align: left\"><strong>Suihkussa ON k\u00e4yt\u00e4v\u00e4 ennen spa-tiloihin siirtymist\u00e4.<\/strong><\/li>\n<li style=\"text-align: left\">\u00c4l\u00e4 ui hiukset auki vaan laita hiuksesi ponnarille.<\/li>\n<li style=\"text-align: left\">Hiusten v\u00e4rj\u00e4ys, parranajo, kynsienlakkaus ja vastaavat toimet on kielletty spa-osastolla ja suihku- ja pukuhuoneissa.<\/li>\n<li style=\"text-align: left\">Uima-asua (uimapuku, uimahousut tai bikinit) on k\u00e4ytett\u00e4v\u00e4 spa-osastolla. Alusvaatteissa tai alasti viipyminen spa-osastolla on kielletty.<\/li>\n<li style=\"text-align: left\">Viivyt spa-osastolla omalla vastuullasi. Seuraa tilojen opasteita ja merkkej\u00e4.<\/li>\n<li style=\"text-align: left\"><strong>Spa-osaston lattia voi olla liukas<\/strong>, joten ole varovainen, \u00e4l\u00e4k\u00e4 juokse tai hypp\u00e4\u00e4 altaaseen. Hotelli ei vastaa asiakkaille aiheutuneista vammoista tai muista terveyshaitoista eik\u00e4 korvaa niist\u00e4 aiheutuvia vahinkoja. \u00c4l\u00e4 liiku spa-osastolle paljain jaloin tai spa-sandaalit jalassa. Uima- asuja voi ostaa kylpyl\u00e4n vastaanotosta.<\/li>\n<li style=\"text-align: left\">Hotelli ei ole vastuussa henkil\u00f6kohtaisista tavaroistasi.<\/li>\n<li style=\"text-align: left\">Purukumin pureskelu ja nuuskan k\u00e4ytt\u00f6 altaissa ja porealtaissa on kielletty.<\/li>\n<li style=\"text-align: left\"><strong>Spa-osastollamme ei ole uimavalvojia.<\/strong><\/li>\n<li style=\"text-align: left\">Alle 14-vuotiaiden lasten mukana on oltava v\u00e4hint\u00e4\u00e4n 18-vuotias henkil\u00f6, joka on vastuussa kanssaan saapuvien lasten valvonnasta ja turvallisuudesta. Alle 2-vuotiaita lapsia pyydet\u00e4\u00e4n k\u00e4ytt\u00e4m\u00e4\u00e4n uimavaippoja (saa my\u00f6s spa-osaston vastaanotosta).<\/li>\n<li style=\"text-align: left\">Spa-osastolle ei saa tuoda omia ruokia ja juomia. Spa-osaston baarista voi ostaa juomia ja pient\u00e4 sy\u00f6t\u00e4v\u00e4\u00e4. Omien ruokien ja juomien nauttiminen spa-osastolla on ehdottomasti kielletty. S\u00e4\u00e4nt\u00f6jen rikkomisesta seuraa 300 euron sakko.<\/li>\n<li style=\"text-align: left\"><strong>Tupakointi on ehdottomasti kielletty<\/strong> spa-osastolla ja wellness-keskuksessa.<\/li>\n<li style=\"text-align: left\">Odotamme kaikkien asiakkaidemme kunnioittavan muita vieraita ja henkil\u00f6kuntaamme. Jos spa-osaston s\u00e4\u00e4nt\u00f6j\u00e4 rikotaan, henkil\u00f6kunnalla on oikeus huomauttaa t\u00e4st\u00e4 asiakkaalle ja tarvittaessa pyyt\u00e4\u00e4 h\u00e4nt\u00e4 poistumaan (maksettua p\u00e4\u00e4sylippua ei palauteta).<\/li>\n<li style=\"text-align: left\">Hotellilla on oikeus kielt\u00e4yty\u00e4 myym\u00e4st\u00e4 alkoholia asiakkaalle spa-osaston baarissa.<\/li>\n<li style=\"text-align: left\"><strong>Spa-osastolle<\/strong> p\u00e4\u00e4see klo <strong>20.00<\/strong> saakka.<\/li>\n<li style=\"text-align: left\">Muista, ett\u00e4 voit viipy\u00e4 spa-osastolla enint\u00e4\u00e4n <strong>3 tuntia<\/strong>. Ajan ylityksest\u00e4 perit\u00e4\u00e4n lis\u00e4maksu 0,10 euroa\/minuutti. (<strong>Metropol Spa Hotel -hotelissa<\/strong> majoittuminen oikeuttaa <strong>rajoittamattomaan<\/strong> p\u00e4\u00e4syyn spa-osastolle sen aukioloaikoina)<\/li>\n<\/ul>\n<p style=\"text-align: left\"><strong>\u00a0<\/strong><\/p>\n<p style=\"text-align: left\">Jos sinulla on kysytt\u00e4v\u00e4\u00e4, ota yhteytt\u00e4 spa-osastomme vastaanottoon<\/p>\n<p style=\"text-align: left\"><strong>Toivotamme sinulle ikimuistoista lomaa!<\/strong><\/p>\n","protected":false},"excerpt":{"rendered":"<p>Hyv\u00e4 vieraamme! Meill\u00e4 on ilo toivottaa teid\u00e4t tervetulleeksi Metropol Spa Hotel -hotellin spa-osastolle! Saapumisesi spa-osastolle katsotaan vahvistukseksi siit\u00e4, ett\u00e4 olet lukenut s\u00e4\u00e4nn\u00f6t. Spa-osaston k\u00e4ytt\u00f6 edellytt\u00e4\u00e4, ett\u00e4 terveydentilasi on sellainen, ett\u00e4 voit k\u00e4ytt\u00e4\u00e4 erilaisia saunoja, porealtaita ja uima-altaita. Suihkussa ON k\u00e4yt\u00e4v\u00e4 ennen spa-tiloihin siirtymist\u00e4. \u00c4l\u00e4 ui hiukset auki vaan laita hiuksesi ponnarille. Hiusten v\u00e4rj\u00e4ys, parranajo, kynsienlakkaus [&hellip;]<\/p>\n","protected":false},"author":12,"featured_media":0,"parent":0,"menu_order":0,"comment_status":"closed","ping_status":"closed","template":"","meta":{"footnotes":""},"yoast_head":"<!-- This site is optimized with the Yoast SEO plugin v22.3 - https:\/\/yoast.com\/wordpress\/plugins\/seo\/ -->\n<title>Kylpyl\u00e4n s\u00e4\u00e4nn\u00f6t - Metropol Hotel<\/title>\n<meta name=\"description\" content=\"Hyv\u00e4 vieraamme! Meill\u00e4 on ilo toivottaa teid\u00e4t tervetulleeksi Metropol Spa Hotel -hotellin spa-osastolle! Saapumisesi spa-osastolle katsotaan vahvistukseksi siit\u00e4, ett\u00e4 olet lukenut s\u00e4\u00e4nn\u00f6t.    Spa-osaston k\u00e4ytt\u00f6 edellytt\u00e4\u00e4, ett\u00e4 terveydentilasi on sellainen, ett\u00e4 voit k\u00e4ytt\u00e4\u00e4 erilaisia saunoja, porealtaita ja uima-altaita.  Suihkussa ON k\u00e4yt\u00e4v\u00e4 ennen spa-tiloihin siirtymist\u00e4.  \u00c4l\u00e4 ui hiukset auki vaan laita hiuksesi ponnarille.  Hiusten v\u00e4rj\u00e4ys, parranajo, kynsienlakkaus ja vastaavat toimet on kielletty spa-osastolla ja suihku- ja pukuhuoneissa.  Uima-asua (uimapuku, uimahousut tai bikinit) on k\u00e4ytett\u00e4v\u00e4 spa-osastolla. Alusvaatteissa tai alasti viipyminen spa-osastolla on kielletty.  Viivyt spa-osastolla omalla vastuullasi\" \/>\n<meta name=\"robots\" content=\"index, follow, max-snippet:-1, max-image-preview:large, max-video-preview:-1\" \/>\n<link rel=\"canonical\" href=\"https:\/\/www.metropolhotel.ee\/fi\/kylpylan-saannot\/\" \/>\n<meta property=\"og:locale\" content=\"fi_FI\" \/>\n<meta property=\"og:type\" content=\"article\" \/>\n<meta property=\"og:title\" content=\"Kylpyl\u00e4n s\u00e4\u00e4nn\u00f6t - Metropol Hotel\" \/>\n<meta property=\"og:description\" content=\"Hyv\u00e4 vieraamme! Meill\u00e4 on ilo toivottaa teid\u00e4t tervetulleeksi Metropol Spa Hotel -hotellin spa-osastolle! Saapumisesi spa-osastolle katsotaan vahvistukseksi siit\u00e4, ett\u00e4 olet lukenut s\u00e4\u00e4nn\u00f6t.    Spa-osaston k\u00e4ytt\u00f6 edellytt\u00e4\u00e4, ett\u00e4 terveydentilasi on sellainen, ett\u00e4 voit k\u00e4ytt\u00e4\u00e4 erilaisia saunoja, porealtaita ja uima-altaita.  Suihkussa ON k\u00e4yt\u00e4v\u00e4 ennen spa-tiloihin siirtymist\u00e4.  \u00c4l\u00e4 ui hiukset auki vaan laita hiuksesi ponnarille.  Hiusten v\u00e4rj\u00e4ys, parranajo, kynsienlakkaus ja vastaavat toimet on kielletty spa-osastolla ja suihku- ja pukuhuoneissa.  Uima-asua (uimapuku, uimahousut tai bikinit) on k\u00e4ytett\u00e4v\u00e4 spa-osastolla. Alusvaatteissa tai alasti viipyminen spa-osastolla on kielletty.  Viivyt spa-osastolla omalla vastuullasi\" \/>\n<meta property=\"og:url\" content=\"https:\/\/www.metropolhotel.ee\/fi\/kylpylan-saannot\/\" \/>\n<meta property=\"og:site_name\" content=\"Metropol Hotel\" \/>\n<meta property=\"article:publisher\" content=\"https:\/\/www.facebook.com\/MetropolSpaHotel\/\" \/>\n<meta property=\"article:modified_time\" content=\"2026-04-13T06:25:02+00:00\" \/>\n<meta property=\"og:image\" content=\"https:\/\/www.metropolhotel.ee\/wp-content\/uploads\/sites\/160\/2023\/08\/metropole_spa_hotel_slide_02.jpg\" \/>\n\t<meta property=\"og:image:width\" content=\"2200\" \/>\n\t<meta property=\"og:image:height\" content=\"1200\" \/>\n\t<meta property=\"og:image:type\" content=\"image\/jpeg\" \/>\n<meta name=\"twitter:card\" content=\"summary_large_image\" \/>\n<meta name=\"twitter:label1\" content=\"Arvioitu lukuaika\" \/>\n\t<meta name=\"twitter:data1\" content=\"2 minuuttia\" \/>\n<script type=\"application\/ld+json\" class=\"yoast-schema-graph\">{\"@context\":\"https:\/\/schema.org\",\"@graph\":[{\"@type\":\"WebPage\",\"@id\":\"https:\/\/www.metropolhotel.ee\/fi\/kylpylan-saannot\/\",\"url\":\"https:\/\/www.metropolhotel.ee\/fi\/kylpylan-saannot\/\",\"name\":\"Kylpyl\u00e4n s\u00e4\u00e4nn\u00f6t - Metropol Hotel\",\"isPartOf\":{\"@id\":\"https:\/\/www.metropolhotel.ee\/fi\/#website\"},\"datePublished\":\"2024-03-25T08:08:33+00:00\",\"dateModified\":\"2026-04-13T06:25:02+00:00\",\"description\":\"Hyv\u00e4 vieraamme! Meill\u00e4 on ilo toivottaa teid\u00e4t tervetulleeksi Metropol Spa Hotel -hotellin spa-osastolle! Saapumisesi spa-osastolle katsotaan vahvistukseksi siit\u00e4, ett\u00e4 olet lukenut s\u00e4\u00e4nn\u00f6t. \u2022 Spa-osaston k\u00e4ytt\u00f6 edellytt\u00e4\u00e4, ett\u00e4 terveydentilasi on sellainen, ett\u00e4 voit k\u00e4ytt\u00e4\u00e4 erilaisia saunoja, porealtaita ja uima-altaita. \u2022 Suihkussa ON k\u00e4yt\u00e4v\u00e4 ennen spa-tiloihin siirtymist\u00e4. \u2022 \u00c4l\u00e4 ui hiukset auki vaan laita hiuksesi ponnarille. \u2022 Hiusten v\u00e4rj\u00e4ys, parranajo, kynsienlakkaus ja vastaavat toimet on kielletty spa-osastolla ja suihku- ja pukuhuoneissa. \u2022 Uima-asua (uimapuku, uimahousut tai bikinit) on k\u00e4ytett\u00e4v\u00e4 spa-osastolla. Alusvaatteissa tai alasti viipyminen spa-osastolla on kielletty. \u2022 Viivyt spa-osastolla omalla vastuullasi\",\"inLanguage\":\"fi\",\"potentialAction\":[{\"@type\":\"ReadAction\",\"target\":[\"https:\/\/www.metropolhotel.ee\/fi\/kylpylan-saannot\/\"]}]},{\"@type\":\"WebSite\",\"@id\":\"https:\/\/www.metropolhotel.ee\/fi\/#website\",\"url\":\"https:\/\/www.metropolhotel.ee\/fi\/\",\"name\":\"Metropol Hotel\",\"description\":\"Metropol Hotels pakub unikaalset hotellielamust Tallinna uues linnas\u00fcdames. Ideaalne valik \u00e4ri-, konverentsi- v\u00f5i puhkusereisiks!\",\"publisher\":{\"@id\":\"https:\/\/www.metropolhotel.ee\/fi\/#organization\"},\"alternateName\":\"Metropol Hotel\",\"potentialAction\":[{\"@type\":\"SearchAction\",\"target\":{\"@type\":\"EntryPoint\",\"urlTemplate\":\"https:\/\/www.metropolhotel.ee\/fi\/?s={search_term_string}\"},\"query-input\":\"required name=search_term_string\"}],\"inLanguage\":\"fi\"},{\"@type\":\"Organization\",\"@id\":\"https:\/\/www.metropolhotel.ee\/fi\/#organization\",\"name\":\"Metropol Hotel\",\"alternateName\":\"Metropol Hotel\",\"url\":\"https:\/\/www.metropolhotel.ee\/fi\/\",\"logo\":{\"@type\":\"ImageObject\",\"inLanguage\":\"fi\",\"@id\":\"https:\/\/www.metropolhotel.ee\/fi\/#\/schema\/logo\/image\/\",\"url\":\"https:\/\/metropol-hotel-new.ms2.decms.eu\/wp-content\/uploads\/sites\/160\/2024\/09\/Metropol_Hotel_hor_.png\",\"contentUrl\":\"https:\/\/metropol-hotel-new.ms2.decms.eu\/wp-content\/uploads\/sites\/160\/2024\/09\/Metropol_Hotel_hor_.png\",\"width\":230,\"height\":82,\"caption\":\"Metropol Hotel\"},\"image\":{\"@id\":\"https:\/\/www.metropolhotel.ee\/fi\/#\/schema\/logo\/image\/\"},\"sameAs\":[\"https:\/\/www.facebook.com\/MetropolSpaHotel\/\",\"https:\/\/www.youtube.com\/@metropolhotels4972\"]}]}<\/script>\n<!-- \/ Yoast SEO plugin. -->","yoast_head_json":{"title":"Kylpyl\u00e4n s\u00e4\u00e4nn\u00f6t - Metropol Hotel","description":"Hyv\u00e4 vieraamme! Meill\u00e4 on ilo toivottaa teid\u00e4t tervetulleeksi Metropol Spa Hotel -hotellin spa-osastolle! Saapumisesi spa-osastolle katsotaan vahvistukseksi siit\u00e4, ett\u00e4 olet lukenut s\u00e4\u00e4nn\u00f6t.    Spa-osaston k\u00e4ytt\u00f6 edellytt\u00e4\u00e4, ett\u00e4 terveydentilasi on sellainen, ett\u00e4 voit k\u00e4ytt\u00e4\u00e4 erilaisia saunoja, porealtaita ja uima-altaita.  Suihkussa ON k\u00e4yt\u00e4v\u00e4 ennen spa-tiloihin siirtymist\u00e4.  \u00c4l\u00e4 ui hiukset auki vaan laita hiuksesi ponnarille.  Hiusten v\u00e4rj\u00e4ys, parranajo, kynsienlakkaus ja vastaavat toimet on kielletty spa-osastolla ja suihku- ja pukuhuoneissa.  Uima-asua (uimapuku, uimahousut tai bikinit) on k\u00e4ytett\u00e4v\u00e4 spa-osastolla. Alusvaatteissa tai alasti viipyminen spa-osastolla on kielletty.  Viivyt spa-osastolla omalla vastuullasi","robots":{"index":"index","follow":"follow","max-snippet":"max-snippet:-1","max-image-preview":"max-image-preview:large","max-video-preview":"max-video-preview:-1"},"canonical":"https:\/\/www.metropolhotel.ee\/fi\/kylpylan-saannot\/","og_locale":"fi_FI","og_type":"article","og_title":"Kylpyl\u00e4n s\u00e4\u00e4nn\u00f6t - Metropol Hotel","og_description":"Hyv\u00e4 vieraamme! Meill\u00e4 on ilo toivottaa teid\u00e4t tervetulleeksi Metropol Spa Hotel -hotellin spa-osastolle! Saapumisesi spa-osastolle katsotaan vahvistukseksi siit\u00e4, ett\u00e4 olet lukenut s\u00e4\u00e4nn\u00f6t.    Spa-osaston k\u00e4ytt\u00f6 edellytt\u00e4\u00e4, ett\u00e4 terveydentilasi on sellainen, ett\u00e4 voit k\u00e4ytt\u00e4\u00e4 erilaisia saunoja, porealtaita ja uima-altaita.  Suihkussa ON k\u00e4yt\u00e4v\u00e4 ennen spa-tiloihin siirtymist\u00e4.  \u00c4l\u00e4 ui hiukset auki vaan laita hiuksesi ponnarille.  Hiusten v\u00e4rj\u00e4ys, parranajo, kynsienlakkaus ja vastaavat toimet on kielletty spa-osastolla ja suihku- ja pukuhuoneissa.  Uima-asua (uimapuku, uimahousut tai bikinit) on k\u00e4ytett\u00e4v\u00e4 spa-osastolla. Alusvaatteissa tai alasti viipyminen spa-osastolla on kielletty.  Viivyt spa-osastolla omalla vastuullasi","og_url":"https:\/\/www.metropolhotel.ee\/fi\/kylpylan-saannot\/","og_site_name":"Metropol Hotel","article_publisher":"https:\/\/www.facebook.com\/MetropolSpaHotel\/","article_modified_time":"2026-04-13T06:25:02+00:00","og_image":[{"width":2200,"height":1200,"url":"https:\/\/www.metropolhotel.ee\/wp-content\/uploads\/sites\/160\/2023\/08\/metropole_spa_hotel_slide_02.jpg","type":"image\/jpeg"}],"twitter_card":"summary_large_image","twitter_misc":{"Arvioitu lukuaika":"2 minuuttia"},"schema":{"@context":"https:\/\/schema.org","@graph":[{"@type":"WebPage","@id":"https:\/\/www.metropolhotel.ee\/fi\/kylpylan-saannot\/","url":"https:\/\/www.metropolhotel.ee\/fi\/kylpylan-saannot\/","name":"Kylpyl\u00e4n s\u00e4\u00e4nn\u00f6t - Metropol Hotel","isPartOf":{"@id":"https:\/\/www.metropolhotel.ee\/fi\/#website"},"datePublished":"2024-03-25T08:08:33+00:00","dateModified":"2026-04-13T06:25:02+00:00","description":"Hyv\u00e4 vieraamme! Meill\u00e4 on ilo toivottaa teid\u00e4t tervetulleeksi Metropol Spa Hotel -hotellin spa-osastolle! Saapumisesi spa-osastolle katsotaan vahvistukseksi siit\u00e4, ett\u00e4 olet lukenut s\u00e4\u00e4nn\u00f6t. \u2022 Spa-osaston k\u00e4ytt\u00f6 edellytt\u00e4\u00e4, ett\u00e4 terveydentilasi on sellainen, ett\u00e4 voit k\u00e4ytt\u00e4\u00e4 erilaisia saunoja, porealtaita ja uima-altaita. \u2022 Suihkussa ON k\u00e4yt\u00e4v\u00e4 ennen spa-tiloihin siirtymist\u00e4. \u2022 \u00c4l\u00e4 ui hiukset auki vaan laita hiuksesi ponnarille. \u2022 Hiusten v\u00e4rj\u00e4ys, parranajo, kynsienlakkaus ja vastaavat toimet on kielletty spa-osastolla ja suihku- ja pukuhuoneissa. \u2022 Uima-asua (uimapuku, uimahousut tai bikinit) on k\u00e4ytett\u00e4v\u00e4 spa-osastolla. Alusvaatteissa tai alasti viipyminen spa-osastolla on kielletty. \u2022 Viivyt spa-osastolla omalla vastuullasi","inLanguage":"fi","potentialAction":[{"@type":"ReadAction","target":["https:\/\/www.metropolhotel.ee\/fi\/kylpylan-saannot\/"]}]},{"@type":"WebSite","@id":"https:\/\/www.metropolhotel.ee\/fi\/#website","url":"https:\/\/www.metropolhotel.ee\/fi\/","name":"Metropol Hotel","description":"Metropol Hotels pakub unikaalset hotellielamust Tallinna uues linnas\u00fcdames. Ideaalne valik \u00e4ri-, konverentsi- v\u00f5i puhkusereisiks!","publisher":{"@id":"https:\/\/www.metropolhotel.ee\/fi\/#organization"},"alternateName":"Metropol Hotel","potentialAction":[{"@type":"SearchAction","target":{"@type":"EntryPoint","urlTemplate":"https:\/\/www.metropolhotel.ee\/fi\/?s={search_term_string}"},"query-input":"required name=search_term_string"}],"inLanguage":"fi"},{"@type":"Organization","@id":"https:\/\/www.metropolhotel.ee\/fi\/#organization","name":"Metropol Hotel","alternateName":"Metropol Hotel","url":"https:\/\/www.metropolhotel.ee\/fi\/","logo":{"@type":"ImageObject","inLanguage":"fi","@id":"https:\/\/www.metropolhotel.ee\/fi\/#\/schema\/logo\/image\/","url":"https:\/\/metropol-hotel-new.ms2.decms.eu\/wp-content\/uploads\/sites\/160\/2024\/09\/Metropol_Hotel_hor_.png","contentUrl":"https:\/\/metropol-hotel-new.ms2.decms.eu\/wp-content\/uploads\/sites\/160\/2024\/09\/Metropol_Hotel_hor_.png","width":230,"height":82,"caption":"Metropol Hotel"},"image":{"@id":"https:\/\/www.metropolhotel.ee\/fi\/#\/schema\/logo\/image\/"},"sameAs":["https:\/\/www.facebook.com\/MetropolSpaHotel\/","https:\/\/www.youtube.com\/@metropolhotels4972"]}]}},"acf":[],"_links":{"self":[{"href":"https:\/\/www.metropolhotel.ee\/fi\/wp-json\/wp\/v2\/pages\/1459"}],"collection":[{"href":"https:\/\/www.metropolhotel.ee\/fi\/wp-json\/wp\/v2\/pages"}],"about":[{"href":"https:\/\/www.metropolhotel.ee\/fi\/wp-json\/wp\/v2\/types\/page"}],"author":[{"embeddable":true,"href":"https:\/\/www.metropolhotel.ee\/fi\/wp-json\/wp\/v2\/users\/12"}],"replies":[{"embeddable":true,"href":"https:\/\/www.metropolhotel.ee\/fi\/wp-json\/wp\/v2\/comments?post=1459"}],"version-history":[{"count":0,"href":"https:\/\/www.metropolhotel.ee\/fi\/wp-json\/wp\/v2\/pages\/1459\/revisions"}],"wp:attachment":[{"href":"https:\/\/www.metropolhotel.ee\/fi\/wp-json\/wp\/v2\/media?parent=1459"}],"curies":[{"name":"wp","href":"https:\/\/api.w.org\/{rel}","templated":true}]}}