{"id":1467,"date":"2024-06-11T11:49:47","date_gmt":"2024-06-11T11:49:47","guid":{"rendered":"https:\/\/metropol-hotel-new.ms2.decms.eu\/?page_id=1467"},"modified":"2025-03-19T08:35:37","modified_gmt":"2025-03-19T08:35:37","slug":"tallinnan-tv-torni","status":"publish","type":"page","link":"https:\/\/www.metropolhotel.ee\/fi\/mita-tehda-tallinnassa\/tallinnan-tv-torni\/","title":{"rendered":"Tallinnan TV-torni"},"content":{"rendered":"<p style=\"text-align: center\">Edess\u00e4si odottaa Pohjoismaiden korkein avoin n\u00e4k\u00f6alatasanne, 175 metri\u00e4 korkea maamerkki, joka tarjoaa Tallinnan panoraman\u00e4kym\u00e4t. Jos TV-torni olisi kerrostalo, se olisi 65 kerrosta korkea. Hissimatka 21. kerrokseen, josta avautuu 360 asteen n\u00e4kym\u00e4 Tallinnaan ja sen l\u00e4hiymp\u00e4rist\u00f6\u00f6n, kest\u00e4\u00e4 56 sekuntia.<\/p>\n<p style=\"text-align: center\">Historia, kulttuuri ja virolaiset herkut odottavat sinua, ja voit maustaa el\u00e4myksi\u00e4si \u00e4\u00e4rimm\u00e4isell\u00e4 reunak\u00e4velyll\u00e4.<\/p>\n<p style=\"text-align: center\"><strong>Tallinnan TV-torni &#8211; maamerkki, joka muuttaa n\u00e4k\u00f6kulmaa ja luo unohtumattomia el\u00e4myksi\u00e4.<\/strong><\/p>\n","protected":false},"excerpt":{"rendered":"<p>Edess\u00e4si odottaa Pohjoismaiden korkein avoin n\u00e4k\u00f6alatasanne, 175 metri\u00e4 korkea maamerkki, joka tarjoaa Tallinnan panoraman\u00e4kym\u00e4t. Jos TV-torni olisi kerrostalo, se olisi 65 kerrosta korkea. Hissimatka 21. kerrokseen, josta avautuu 360 asteen n\u00e4kym\u00e4 Tallinnaan ja sen l\u00e4hiymp\u00e4rist\u00f6\u00f6n, kest\u00e4\u00e4 56 sekuntia. Historia, kulttuuri ja virolaiset herkut odottavat sinua, ja voit maustaa el\u00e4myksi\u00e4si \u00e4\u00e4rimm\u00e4isell\u00e4 reunak\u00e4velyll\u00e4. Tallinnan TV-torni &#8211; maamerkki, [&hellip;]<\/p>\n","protected":false},"author":12,"featured_media":0,"parent":1464,"menu_order":0,"comment_status":"closed","ping_status":"closed","template":"template-default-2.php","meta":{"footnotes":""},"class_list":["post-1467","page","type-page","status-publish","hentry"],"yoast_head":"<!-- This site is optimized with the Yoast SEO plugin v27.3 - https:\/\/yoast.com\/product\/yoast-seo-wordpress\/ -->\n<title>Tallinnan TV-torni - Metropol Hotel<\/title>\n<meta name=\"description\" content=\"Edess\u00e4si odottaa Pohjoismaiden korkein avoin n\u00e4k\u00f6alatasanne, 175 metri\u00e4 korkea maamerkki, joka tarjoaa Tallinnan panoraman\u00e4kym\u00e4t. Jos TV-torni olisi kerrostalo, se olisi 65 kerrosta korkea\" \/>\n<meta name=\"robots\" content=\"index, follow, max-snippet:-1, max-image-preview:large, max-video-preview:-1\" \/>\n<link rel=\"canonical\" href=\"https:\/\/www.metropolhotel.ee\/fi\/mita-tehda-tallinnassa\/tallinnan-tv-torni\/\" \/>\n<meta property=\"og:locale\" content=\"fi_FI\" \/>\n<meta property=\"og:type\" content=\"article\" \/>\n<meta property=\"og:title\" content=\"Tallinnan TV-torni - Metropol Hotel\" \/>\n<meta property=\"og:description\" content=\"Edess\u00e4si odottaa Pohjoismaiden korkein avoin n\u00e4k\u00f6alatasanne, 175 metri\u00e4 korkea maamerkki, joka tarjoaa Tallinnan panoraman\u00e4kym\u00e4t. Jos TV-torni olisi kerrostalo, se olisi 65 kerrosta korkea\" \/>\n<meta property=\"og:url\" content=\"https:\/\/www.metropolhotel.ee\/fi\/mita-tehda-tallinnassa\/tallinnan-tv-torni\/\" \/>\n<meta property=\"og:site_name\" content=\"Metropol Hotel\" \/>\n<meta property=\"article:publisher\" content=\"https:\/\/www.facebook.com\/MetropolSpaHotel\/\" \/>\n<meta property=\"article:modified_time\" content=\"2025-03-19T08:35:37+00:00\" \/>\n<meta property=\"og:image\" content=\"https:\/\/www.metropolhotel.ee\/wp-content\/uploads\/sites\/160\/2023\/08\/metropole_spa_hotel_slide_02.jpg\" \/>\n\t<meta property=\"og:image:width\" content=\"2200\" \/>\n\t<meta property=\"og:image:height\" content=\"1200\" \/>\n\t<meta property=\"og:image:type\" content=\"image\/jpeg\" \/>\n<meta name=\"twitter:card\" content=\"summary_large_image\" \/>\n<meta name=\"twitter:label1\" content=\"Arvioitu lukuaika\" \/>\n\t<meta name=\"twitter:data1\" content=\"1 minuutti\" \/>\n<script type=\"application\/ld+json\" class=\"yoast-schema-graph\">{\"@context\":\"https:\\\/\\\/schema.org\",\"@graph\":[{\"@type\":\"WebPage\",\"@id\":\"https:\\\/\\\/www.metropolhotel.ee\\\/fi\\\/mita-tehda-tallinnassa\\\/tallinnan-tv-torni\\\/\",\"url\":\"https:\\\/\\\/www.metropolhotel.ee\\\/fi\\\/mita-tehda-tallinnassa\\\/tallinnan-tv-torni\\\/\",\"name\":\"Tallinnan TV-torni - Metropol Hotel\",\"isPartOf\":{\"@id\":\"https:\\\/\\\/www.metropolhotel.ee\\\/fi\\\/#website\"},\"datePublished\":\"2024-06-11T11:49:47+00:00\",\"dateModified\":\"2025-03-19T08:35:37+00:00\",\"description\":\"Edess\u00e4si odottaa Pohjoismaiden korkein avoin n\u00e4k\u00f6alatasanne, 175 metri\u00e4 korkea maamerkki, joka tarjoaa Tallinnan panoraman\u00e4kym\u00e4t. Jos TV-torni olisi kerrostalo, se olisi 65 kerrosta korkea\",\"breadcrumb\":{\"@id\":\"https:\\\/\\\/www.metropolhotel.ee\\\/fi\\\/mita-tehda-tallinnassa\\\/tallinnan-tv-torni\\\/#breadcrumb\"},\"inLanguage\":\"fi\",\"potentialAction\":[{\"@type\":\"ReadAction\",\"target\":[\"https:\\\/\\\/www.metropolhotel.ee\\\/fi\\\/mita-tehda-tallinnassa\\\/tallinnan-tv-torni\\\/\"]}]},{\"@type\":\"BreadcrumbList\",\"@id\":\"https:\\\/\\\/www.metropolhotel.ee\\\/fi\\\/mita-tehda-tallinnassa\\\/tallinnan-tv-torni\\\/#breadcrumb\",\"itemListElement\":[{\"@type\":\"ListItem\",\"position\":1,\"name\":\"Mit\u00e4 tehd\u00e4 Tallinnassa?\",\"item\":\"https:\\\/\\\/www.metropolhotel.ee\\\/fi\\\/mita-tehda-tallinnassa\\\/\"},{\"@type\":\"ListItem\",\"position\":2,\"name\":\"Tallinnan TV-torni\"}]},{\"@type\":\"WebSite\",\"@id\":\"https:\\\/\\\/www.metropolhotel.ee\\\/fi\\\/#website\",\"url\":\"https:\\\/\\\/www.metropolhotel.ee\\\/fi\\\/\",\"name\":\"Metropol Hotel\",\"description\":\"Metropol Hotels pakub unikaalset hotellielamust Tallinna uues linnas\u00fcdames. Ideaalne valik \u00e4ri-, konverentsi- v\u00f5i puhkusereisiks!\",\"publisher\":{\"@id\":\"https:\\\/\\\/www.metropolhotel.ee\\\/fi\\\/#organization\"},\"alternateName\":\"Metropol Hotel\",\"potentialAction\":[{\"@type\":\"SearchAction\",\"target\":{\"@type\":\"EntryPoint\",\"urlTemplate\":\"https:\\\/\\\/www.metropolhotel.ee\\\/fi\\\/?s={search_term_string}\"},\"query-input\":{\"@type\":\"PropertyValueSpecification\",\"valueRequired\":true,\"valueName\":\"search_term_string\"}}],\"inLanguage\":\"fi\"},{\"@type\":\"Organization\",\"@id\":\"https:\\\/\\\/www.metropolhotel.ee\\\/fi\\\/#organization\",\"name\":\"Metropol Hotel\",\"alternateName\":\"Metropol Hotel\",\"url\":\"https:\\\/\\\/www.metropolhotel.ee\\\/fi\\\/\",\"logo\":{\"@type\":\"ImageObject\",\"inLanguage\":\"fi\",\"@id\":\"https:\\\/\\\/www.metropolhotel.ee\\\/fi\\\/#\\\/schema\\\/logo\\\/image\\\/\",\"url\":\"https:\\\/\\\/metropol-hotel-new.ms2.decms.eu\\\/wp-content\\\/uploads\\\/sites\\\/160\\\/2024\\\/09\\\/Metropol_Hotel_hor_.png\",\"contentUrl\":\"https:\\\/\\\/metropol-hotel-new.ms2.decms.eu\\\/wp-content\\\/uploads\\\/sites\\\/160\\\/2024\\\/09\\\/Metropol_Hotel_hor_.png\",\"width\":230,\"height\":82,\"caption\":\"Metropol Hotel\"},\"image\":{\"@id\":\"https:\\\/\\\/www.metropolhotel.ee\\\/fi\\\/#\\\/schema\\\/logo\\\/image\\\/\"},\"sameAs\":[\"https:\\\/\\\/www.facebook.com\\\/MetropolSpaHotel\\\/\",\"https:\\\/\\\/www.youtube.com\\\/@metropolhotels4972\"]}]}<\/script>\n<!-- \/ Yoast SEO plugin. -->","yoast_head_json":{"title":"Tallinnan TV-torni - Metropol Hotel","description":"Edess\u00e4si odottaa Pohjoismaiden korkein avoin n\u00e4k\u00f6alatasanne, 175 metri\u00e4 korkea maamerkki, joka tarjoaa Tallinnan panoraman\u00e4kym\u00e4t. Jos TV-torni olisi kerrostalo, se olisi 65 kerrosta korkea","robots":{"index":"index","follow":"follow","max-snippet":"max-snippet:-1","max-image-preview":"max-image-preview:large","max-video-preview":"max-video-preview:-1"},"canonical":"https:\/\/www.metropolhotel.ee\/fi\/mita-tehda-tallinnassa\/tallinnan-tv-torni\/","og_locale":"fi_FI","og_type":"article","og_title":"Tallinnan TV-torni - Metropol Hotel","og_description":"Edess\u00e4si odottaa Pohjoismaiden korkein avoin n\u00e4k\u00f6alatasanne, 175 metri\u00e4 korkea maamerkki, joka tarjoaa Tallinnan panoraman\u00e4kym\u00e4t. Jos TV-torni olisi kerrostalo, se olisi 65 kerrosta korkea","og_url":"https:\/\/www.metropolhotel.ee\/fi\/mita-tehda-tallinnassa\/tallinnan-tv-torni\/","og_site_name":"Metropol Hotel","article_publisher":"https:\/\/www.facebook.com\/MetropolSpaHotel\/","article_modified_time":"2025-03-19T08:35:37+00:00","og_image":[{"width":2200,"height":1200,"url":"https:\/\/www.metropolhotel.ee\/wp-content\/uploads\/sites\/160\/2023\/08\/metropole_spa_hotel_slide_02.jpg","type":"image\/jpeg"}],"twitter_card":"summary_large_image","twitter_misc":{"Arvioitu lukuaika":"1 minuutti"},"schema":{"@context":"https:\/\/schema.org","@graph":[{"@type":"WebPage","@id":"https:\/\/www.metropolhotel.ee\/fi\/mita-tehda-tallinnassa\/tallinnan-tv-torni\/","url":"https:\/\/www.metropolhotel.ee\/fi\/mita-tehda-tallinnassa\/tallinnan-tv-torni\/","name":"Tallinnan TV-torni - Metropol Hotel","isPartOf":{"@id":"https:\/\/www.metropolhotel.ee\/fi\/#website"},"datePublished":"2024-06-11T11:49:47+00:00","dateModified":"2025-03-19T08:35:37+00:00","description":"Edess\u00e4si odottaa Pohjoismaiden korkein avoin n\u00e4k\u00f6alatasanne, 175 metri\u00e4 korkea maamerkki, joka tarjoaa Tallinnan panoraman\u00e4kym\u00e4t. Jos TV-torni olisi kerrostalo, se olisi 65 kerrosta korkea","breadcrumb":{"@id":"https:\/\/www.metropolhotel.ee\/fi\/mita-tehda-tallinnassa\/tallinnan-tv-torni\/#breadcrumb"},"inLanguage":"fi","potentialAction":[{"@type":"ReadAction","target":["https:\/\/www.metropolhotel.ee\/fi\/mita-tehda-tallinnassa\/tallinnan-tv-torni\/"]}]},{"@type":"BreadcrumbList","@id":"https:\/\/www.metropolhotel.ee\/fi\/mita-tehda-tallinnassa\/tallinnan-tv-torni\/#breadcrumb","itemListElement":[{"@type":"ListItem","position":1,"name":"Mit\u00e4 tehd\u00e4 Tallinnassa?","item":"https:\/\/www.metropolhotel.ee\/fi\/mita-tehda-tallinnassa\/"},{"@type":"ListItem","position":2,"name":"Tallinnan TV-torni"}]},{"@type":"WebSite","@id":"https:\/\/www.metropolhotel.ee\/fi\/#website","url":"https:\/\/www.metropolhotel.ee\/fi\/","name":"Metropol Hotel","description":"Metropol Hotels pakub unikaalset hotellielamust Tallinna uues linnas\u00fcdames. Ideaalne valik \u00e4ri-, konverentsi- v\u00f5i puhkusereisiks!","publisher":{"@id":"https:\/\/www.metropolhotel.ee\/fi\/#organization"},"alternateName":"Metropol Hotel","potentialAction":[{"@type":"SearchAction","target":{"@type":"EntryPoint","urlTemplate":"https:\/\/www.metropolhotel.ee\/fi\/?s={search_term_string}"},"query-input":{"@type":"PropertyValueSpecification","valueRequired":true,"valueName":"search_term_string"}}],"inLanguage":"fi"},{"@type":"Organization","@id":"https:\/\/www.metropolhotel.ee\/fi\/#organization","name":"Metropol Hotel","alternateName":"Metropol Hotel","url":"https:\/\/www.metropolhotel.ee\/fi\/","logo":{"@type":"ImageObject","inLanguage":"fi","@id":"https:\/\/www.metropolhotel.ee\/fi\/#\/schema\/logo\/image\/","url":"https:\/\/metropol-hotel-new.ms2.decms.eu\/wp-content\/uploads\/sites\/160\/2024\/09\/Metropol_Hotel_hor_.png","contentUrl":"https:\/\/metropol-hotel-new.ms2.decms.eu\/wp-content\/uploads\/sites\/160\/2024\/09\/Metropol_Hotel_hor_.png","width":230,"height":82,"caption":"Metropol Hotel"},"image":{"@id":"https:\/\/www.metropolhotel.ee\/fi\/#\/schema\/logo\/image\/"},"sameAs":["https:\/\/www.facebook.com\/MetropolSpaHotel\/","https:\/\/www.youtube.com\/@metropolhotels4972"]}]}},"acf":[],"_links":{"self":[{"href":"https:\/\/www.metropolhotel.ee\/fi\/wp-json\/wp\/v2\/pages\/1467","targetHints":{"allow":["GET"]}}],"collection":[{"href":"https:\/\/www.metropolhotel.ee\/fi\/wp-json\/wp\/v2\/pages"}],"about":[{"href":"https:\/\/www.metropolhotel.ee\/fi\/wp-json\/wp\/v2\/types\/page"}],"author":[{"embeddable":true,"href":"https:\/\/www.metropolhotel.ee\/fi\/wp-json\/wp\/v2\/users\/12"}],"replies":[{"embeddable":true,"href":"https:\/\/www.metropolhotel.ee\/fi\/wp-json\/wp\/v2\/comments?post=1467"}],"version-history":[{"count":0,"href":"https:\/\/www.metropolhotel.ee\/fi\/wp-json\/wp\/v2\/pages\/1467\/revisions"}],"up":[{"embeddable":true,"href":"https:\/\/www.metropolhotel.ee\/fi\/wp-json\/wp\/v2\/pages\/1464"}],"wp:attachment":[{"href":"https:\/\/www.metropolhotel.ee\/fi\/wp-json\/wp\/v2\/media?parent=1467"}],"curies":[{"name":"wp","href":"https:\/\/api.w.org\/{rel}","templated":true}]}}