{"id":1470,"date":"2023-08-29T13:30:31","date_gmt":"2023-08-29T13:30:31","guid":{"rendered":"https:\/\/metropol-hotel-new.ms2.decms.eu\/?page_id=1470"},"modified":"2025-03-19T08:38:35","modified_gmt":"2025-03-19T08:38:35","slug":"tallinn-card","status":"publish","type":"page","link":"https:\/\/www.metropolhotel.ee\/fi\/mita-tehda-tallinnassa\/tallinn-card\/","title":{"rendered":"Tallinn Card"},"content":{"rendered":"<p style=\"text-align: center\" data-start=\"739\" data-end=\"995\">Tallinn Card on kaikki yhdess\u00e4 -museo- ja n\u00e4ht\u00e4vyyskortti, jonka avulla voit tutustua kaupungin parhaisiin kohteisiin. Kortilla p\u00e4\u00e4set ilmaiseksi yli <strong data-start=\"889\" data-end=\"940\">50 Tallinnan parhaaseen museoon ja n\u00e4ht\u00e4vyyteen<\/strong> sek\u00e4 voit k\u00e4ytt\u00e4\u00e4 rajattomasti julkista liikennett\u00e4. Lis\u00e4ksi kortti tarjoaa alennuksia opastetuista kierroksista, viihdepaikoista, ravintoloista, kahviloista ja kaupoista.<\/p>\n<p style=\"text-align: center\" data-start=\"1119\" data-end=\"1341\">\u00a0Tallinn Cardin on mahdollista ostaa 24, 48 tai 72 tunniksi. Alle 17-vuotiaille lapsille on tarjolla alennettu hinta.<br \/>\nKortinhaltija voi ottaa kaksi alle 7-vuotiasta lasta museoihin ja n\u00e4ht\u00e4vyyksiin veloituksetta mukaan.<\/p>\n<p style=\"text-align: center\" data-start=\"1343\" data-end=\"1447\">Voit ostaa Tallinn Cardin k\u00e4tev\u00e4sti Metropol Spa Hotellin vastaanotosta tai <strong><a href=\"https:\/\/www.visittallinn.ee\/fin\/matkailija\/tallinn-card\/tallinn-card\/verkkokauppa\/partner\/metropolspa\">T\u00c4ST\u00c4 LINKIST\u00c4 &gt;&gt;&gt;<\/a><\/strong><\/p>\n","protected":false},"excerpt":{"rendered":"<p>Tallinn Card on kaikki yhdess\u00e4 -museo- ja n\u00e4ht\u00e4vyyskortti, jonka avulla voit tutustua kaupungin parhaisiin kohteisiin. Kortilla p\u00e4\u00e4set ilmaiseksi yli 50 Tallinnan parhaaseen museoon ja n\u00e4ht\u00e4vyyteen sek\u00e4 voit k\u00e4ytt\u00e4\u00e4 rajattomasti julkista liikennett\u00e4. Lis\u00e4ksi kortti tarjoaa alennuksia opastetuista kierroksista, viihdepaikoista, ravintoloista, kahviloista ja kaupoista. \u00a0Tallinn Cardin on mahdollista ostaa 24, 48 tai 72 tunniksi. Alle 17-vuotiaille lapsille [&hellip;]<\/p>\n","protected":false},"author":12,"featured_media":0,"parent":1464,"menu_order":10,"comment_status":"closed","ping_status":"closed","template":"template-default-2.php","meta":{"footnotes":""},"class_list":["post-1470","page","type-page","status-publish","hentry"],"yoast_head":"<!-- This site is optimized with the Yoast SEO plugin v27.3 - https:\/\/yoast.com\/product\/yoast-seo-wordpress\/ -->\n<title>Tallinn Card - Metropol Hotel<\/title>\n<meta name=\"description\" content=\"Tallinn Card on kaikki yhdess\u00e4 -museo- ja n\u00e4ht\u00e4vyyskortti, jonka avulla voit tutustua kaupungin parhaisiin kohteisiin. Kortilla p\u00e4\u00e4set ilmaiseksi yli 50 Tallinnan parhaaseen museoon ja n\u00e4ht\u00e4vyyteen sek\u00e4 voit k\u00e4ytt\u00e4\u00e4 rajattomasti julkista liikennett\u00e4\" \/>\n<meta name=\"robots\" content=\"index, follow, max-snippet:-1, max-image-preview:large, max-video-preview:-1\" \/>\n<link rel=\"canonical\" href=\"https:\/\/www.metropolhotel.ee\/fi\/mita-tehda-tallinnassa\/tallinn-card\/\" \/>\n<meta property=\"og:locale\" content=\"fi_FI\" \/>\n<meta property=\"og:type\" content=\"article\" \/>\n<meta property=\"og:title\" content=\"Tallinn Card - Metropol Hotel\" \/>\n<meta property=\"og:description\" content=\"Tallinn Card on kaikki yhdess\u00e4 -museo- ja n\u00e4ht\u00e4vyyskortti, jonka avulla voit tutustua kaupungin parhaisiin kohteisiin. Kortilla p\u00e4\u00e4set ilmaiseksi yli 50 Tallinnan parhaaseen museoon ja n\u00e4ht\u00e4vyyteen sek\u00e4 voit k\u00e4ytt\u00e4\u00e4 rajattomasti julkista liikennett\u00e4\" \/>\n<meta property=\"og:url\" content=\"https:\/\/www.metropolhotel.ee\/fi\/mita-tehda-tallinnassa\/tallinn-card\/\" \/>\n<meta property=\"og:site_name\" content=\"Metropol Hotel\" \/>\n<meta property=\"article:publisher\" content=\"https:\/\/www.facebook.com\/MetropolSpaHotel\/\" \/>\n<meta property=\"article:modified_time\" content=\"2025-03-19T08:38:35+00:00\" \/>\n<meta property=\"og:image\" content=\"https:\/\/www.metropolhotel.ee\/wp-content\/uploads\/sites\/160\/2023\/08\/metropole_spa_hotel_slide_02.jpg\" \/>\n\t<meta property=\"og:image:width\" content=\"2200\" \/>\n\t<meta property=\"og:image:height\" content=\"1200\" \/>\n\t<meta property=\"og:image:type\" content=\"image\/jpeg\" \/>\n<meta name=\"twitter:card\" content=\"summary_large_image\" \/>\n<meta name=\"twitter:label1\" content=\"Arvioitu lukuaika\" \/>\n\t<meta name=\"twitter:data1\" content=\"1 minuutti\" \/>\n<script type=\"application\/ld+json\" class=\"yoast-schema-graph\">{\"@context\":\"https:\\\/\\\/schema.org\",\"@graph\":[{\"@type\":\"WebPage\",\"@id\":\"https:\\\/\\\/www.metropolhotel.ee\\\/fi\\\/mita-tehda-tallinnassa\\\/tallinn-card\\\/\",\"url\":\"https:\\\/\\\/www.metropolhotel.ee\\\/fi\\\/mita-tehda-tallinnassa\\\/tallinn-card\\\/\",\"name\":\"Tallinn Card - Metropol Hotel\",\"isPartOf\":{\"@id\":\"https:\\\/\\\/www.metropolhotel.ee\\\/fi\\\/#website\"},\"datePublished\":\"2023-08-29T13:30:31+00:00\",\"dateModified\":\"2025-03-19T08:38:35+00:00\",\"description\":\"Tallinn Card on kaikki yhdess\u00e4 -museo- ja n\u00e4ht\u00e4vyyskortti, jonka avulla voit tutustua kaupungin parhaisiin kohteisiin. Kortilla p\u00e4\u00e4set ilmaiseksi yli 50 Tallinnan parhaaseen museoon ja n\u00e4ht\u00e4vyyteen sek\u00e4 voit k\u00e4ytt\u00e4\u00e4 rajattomasti julkista liikennett\u00e4\",\"breadcrumb\":{\"@id\":\"https:\\\/\\\/www.metropolhotel.ee\\\/fi\\\/mita-tehda-tallinnassa\\\/tallinn-card\\\/#breadcrumb\"},\"inLanguage\":\"fi\",\"potentialAction\":[{\"@type\":\"ReadAction\",\"target\":[\"https:\\\/\\\/www.metropolhotel.ee\\\/fi\\\/mita-tehda-tallinnassa\\\/tallinn-card\\\/\"]}]},{\"@type\":\"BreadcrumbList\",\"@id\":\"https:\\\/\\\/www.metropolhotel.ee\\\/fi\\\/mita-tehda-tallinnassa\\\/tallinn-card\\\/#breadcrumb\",\"itemListElement\":[{\"@type\":\"ListItem\",\"position\":1,\"name\":\"Mit\u00e4 tehd\u00e4 Tallinnassa?\",\"item\":\"https:\\\/\\\/www.metropolhotel.ee\\\/fi\\\/mita-tehda-tallinnassa\\\/\"},{\"@type\":\"ListItem\",\"position\":2,\"name\":\"Tallinn Card\"}]},{\"@type\":\"WebSite\",\"@id\":\"https:\\\/\\\/www.metropolhotel.ee\\\/fi\\\/#website\",\"url\":\"https:\\\/\\\/www.metropolhotel.ee\\\/fi\\\/\",\"name\":\"Metropol Hotel\",\"description\":\"Metropol Hotels pakub unikaalset hotellielamust Tallinna uues linnas\u00fcdames. Ideaalne valik \u00e4ri-, konverentsi- v\u00f5i puhkusereisiks!\",\"publisher\":{\"@id\":\"https:\\\/\\\/www.metropolhotel.ee\\\/fi\\\/#organization\"},\"alternateName\":\"Metropol Hotel\",\"potentialAction\":[{\"@type\":\"SearchAction\",\"target\":{\"@type\":\"EntryPoint\",\"urlTemplate\":\"https:\\\/\\\/www.metropolhotel.ee\\\/fi\\\/?s={search_term_string}\"},\"query-input\":{\"@type\":\"PropertyValueSpecification\",\"valueRequired\":true,\"valueName\":\"search_term_string\"}}],\"inLanguage\":\"fi\"},{\"@type\":\"Organization\",\"@id\":\"https:\\\/\\\/www.metropolhotel.ee\\\/fi\\\/#organization\",\"name\":\"Metropol Hotel\",\"alternateName\":\"Metropol Hotel\",\"url\":\"https:\\\/\\\/www.metropolhotel.ee\\\/fi\\\/\",\"logo\":{\"@type\":\"ImageObject\",\"inLanguage\":\"fi\",\"@id\":\"https:\\\/\\\/www.metropolhotel.ee\\\/fi\\\/#\\\/schema\\\/logo\\\/image\\\/\",\"url\":\"https:\\\/\\\/metropol-hotel-new.ms2.decms.eu\\\/wp-content\\\/uploads\\\/sites\\\/160\\\/2024\\\/09\\\/Metropol_Hotel_hor_.png\",\"contentUrl\":\"https:\\\/\\\/metropol-hotel-new.ms2.decms.eu\\\/wp-content\\\/uploads\\\/sites\\\/160\\\/2024\\\/09\\\/Metropol_Hotel_hor_.png\",\"width\":230,\"height\":82,\"caption\":\"Metropol Hotel\"},\"image\":{\"@id\":\"https:\\\/\\\/www.metropolhotel.ee\\\/fi\\\/#\\\/schema\\\/logo\\\/image\\\/\"},\"sameAs\":[\"https:\\\/\\\/www.facebook.com\\\/MetropolSpaHotel\\\/\",\"https:\\\/\\\/www.youtube.com\\\/@metropolhotels4972\"]}]}<\/script>\n<!-- \/ Yoast SEO plugin. -->","yoast_head_json":{"title":"Tallinn Card - Metropol Hotel","description":"Tallinn Card on kaikki yhdess\u00e4 -museo- ja n\u00e4ht\u00e4vyyskortti, jonka avulla voit tutustua kaupungin parhaisiin kohteisiin. Kortilla p\u00e4\u00e4set ilmaiseksi yli 50 Tallinnan parhaaseen museoon ja n\u00e4ht\u00e4vyyteen sek\u00e4 voit k\u00e4ytt\u00e4\u00e4 rajattomasti julkista liikennett\u00e4","robots":{"index":"index","follow":"follow","max-snippet":"max-snippet:-1","max-image-preview":"max-image-preview:large","max-video-preview":"max-video-preview:-1"},"canonical":"https:\/\/www.metropolhotel.ee\/fi\/mita-tehda-tallinnassa\/tallinn-card\/","og_locale":"fi_FI","og_type":"article","og_title":"Tallinn Card - Metropol Hotel","og_description":"Tallinn Card on kaikki yhdess\u00e4 -museo- ja n\u00e4ht\u00e4vyyskortti, jonka avulla voit tutustua kaupungin parhaisiin kohteisiin. Kortilla p\u00e4\u00e4set ilmaiseksi yli 50 Tallinnan parhaaseen museoon ja n\u00e4ht\u00e4vyyteen sek\u00e4 voit k\u00e4ytt\u00e4\u00e4 rajattomasti julkista liikennett\u00e4","og_url":"https:\/\/www.metropolhotel.ee\/fi\/mita-tehda-tallinnassa\/tallinn-card\/","og_site_name":"Metropol Hotel","article_publisher":"https:\/\/www.facebook.com\/MetropolSpaHotel\/","article_modified_time":"2025-03-19T08:38:35+00:00","og_image":[{"width":2200,"height":1200,"url":"https:\/\/www.metropolhotel.ee\/wp-content\/uploads\/sites\/160\/2023\/08\/metropole_spa_hotel_slide_02.jpg","type":"image\/jpeg"}],"twitter_card":"summary_large_image","twitter_misc":{"Arvioitu lukuaika":"1 minuutti"},"schema":{"@context":"https:\/\/schema.org","@graph":[{"@type":"WebPage","@id":"https:\/\/www.metropolhotel.ee\/fi\/mita-tehda-tallinnassa\/tallinn-card\/","url":"https:\/\/www.metropolhotel.ee\/fi\/mita-tehda-tallinnassa\/tallinn-card\/","name":"Tallinn Card - Metropol Hotel","isPartOf":{"@id":"https:\/\/www.metropolhotel.ee\/fi\/#website"},"datePublished":"2023-08-29T13:30:31+00:00","dateModified":"2025-03-19T08:38:35+00:00","description":"Tallinn Card on kaikki yhdess\u00e4 -museo- ja n\u00e4ht\u00e4vyyskortti, jonka avulla voit tutustua kaupungin parhaisiin kohteisiin. Kortilla p\u00e4\u00e4set ilmaiseksi yli 50 Tallinnan parhaaseen museoon ja n\u00e4ht\u00e4vyyteen sek\u00e4 voit k\u00e4ytt\u00e4\u00e4 rajattomasti julkista liikennett\u00e4","breadcrumb":{"@id":"https:\/\/www.metropolhotel.ee\/fi\/mita-tehda-tallinnassa\/tallinn-card\/#breadcrumb"},"inLanguage":"fi","potentialAction":[{"@type":"ReadAction","target":["https:\/\/www.metropolhotel.ee\/fi\/mita-tehda-tallinnassa\/tallinn-card\/"]}]},{"@type":"BreadcrumbList","@id":"https:\/\/www.metropolhotel.ee\/fi\/mita-tehda-tallinnassa\/tallinn-card\/#breadcrumb","itemListElement":[{"@type":"ListItem","position":1,"name":"Mit\u00e4 tehd\u00e4 Tallinnassa?","item":"https:\/\/www.metropolhotel.ee\/fi\/mita-tehda-tallinnassa\/"},{"@type":"ListItem","position":2,"name":"Tallinn Card"}]},{"@type":"WebSite","@id":"https:\/\/www.metropolhotel.ee\/fi\/#website","url":"https:\/\/www.metropolhotel.ee\/fi\/","name":"Metropol Hotel","description":"Metropol Hotels pakub unikaalset hotellielamust Tallinna uues linnas\u00fcdames. Ideaalne valik \u00e4ri-, konverentsi- v\u00f5i puhkusereisiks!","publisher":{"@id":"https:\/\/www.metropolhotel.ee\/fi\/#organization"},"alternateName":"Metropol Hotel","potentialAction":[{"@type":"SearchAction","target":{"@type":"EntryPoint","urlTemplate":"https:\/\/www.metropolhotel.ee\/fi\/?s={search_term_string}"},"query-input":{"@type":"PropertyValueSpecification","valueRequired":true,"valueName":"search_term_string"}}],"inLanguage":"fi"},{"@type":"Organization","@id":"https:\/\/www.metropolhotel.ee\/fi\/#organization","name":"Metropol Hotel","alternateName":"Metropol Hotel","url":"https:\/\/www.metropolhotel.ee\/fi\/","logo":{"@type":"ImageObject","inLanguage":"fi","@id":"https:\/\/www.metropolhotel.ee\/fi\/#\/schema\/logo\/image\/","url":"https:\/\/metropol-hotel-new.ms2.decms.eu\/wp-content\/uploads\/sites\/160\/2024\/09\/Metropol_Hotel_hor_.png","contentUrl":"https:\/\/metropol-hotel-new.ms2.decms.eu\/wp-content\/uploads\/sites\/160\/2024\/09\/Metropol_Hotel_hor_.png","width":230,"height":82,"caption":"Metropol Hotel"},"image":{"@id":"https:\/\/www.metropolhotel.ee\/fi\/#\/schema\/logo\/image\/"},"sameAs":["https:\/\/www.facebook.com\/MetropolSpaHotel\/","https:\/\/www.youtube.com\/@metropolhotels4972"]}]}},"acf":[],"_links":{"self":[{"href":"https:\/\/www.metropolhotel.ee\/fi\/wp-json\/wp\/v2\/pages\/1470","targetHints":{"allow":["GET"]}}],"collection":[{"href":"https:\/\/www.metropolhotel.ee\/fi\/wp-json\/wp\/v2\/pages"}],"about":[{"href":"https:\/\/www.metropolhotel.ee\/fi\/wp-json\/wp\/v2\/types\/page"}],"author":[{"embeddable":true,"href":"https:\/\/www.metropolhotel.ee\/fi\/wp-json\/wp\/v2\/users\/12"}],"replies":[{"embeddable":true,"href":"https:\/\/www.metropolhotel.ee\/fi\/wp-json\/wp\/v2\/comments?post=1470"}],"version-history":[{"count":0,"href":"https:\/\/www.metropolhotel.ee\/fi\/wp-json\/wp\/v2\/pages\/1470\/revisions"}],"up":[{"embeddable":true,"href":"https:\/\/www.metropolhotel.ee\/fi\/wp-json\/wp\/v2\/pages\/1464"}],"wp:attachment":[{"href":"https:\/\/www.metropolhotel.ee\/fi\/wp-json\/wp\/v2\/media?parent=1470"}],"curies":[{"name":"wp","href":"https:\/\/api.w.org\/{rel}","templated":true}]}}