{"id":1500,"date":"2024-03-25T08:39:08","date_gmt":"2024-03-25T08:39:08","guid":{"rendered":"https:\/\/metropol-hotel-new.ms2.decms.eu\/?page_id=1500"},"modified":"2024-09-24T12:49:19","modified_gmt":"2024-09-24T12:49:19","slug":"konferenssitila-2","status":"publish","type":"page","link":"https:\/\/www.metropolhotel.ee\/fi\/kokoustilat\/konferenssitila-2\/","title":{"rendered":"Konferenssitila 2"},"content":{"rendered":"<p><strong>Koko: 60m\u00b2 \/ Max henkill\u00f6\u00e4: 50<\/strong><\/p>\n<p>Konferenssitiloissa on viimeisin audiovisuaalinen tekniikka ja ilmainen WiFi kaikille tapahtumille osallistuville asiakkaille. Konferenssitilat ovat sopivia konferensseihin, seminaareihin, lehdist\u00f6tilaisuuksiin, kokouksiin.<\/p>\n<p><b>Vuokrahintaan sis\u00e4ltyy:<\/b> projektorin ja n\u00e4yt\u00f6n k\u00e4ytt\u00f6, mikrofoni, fl\u00e4ppitaulu ja huopakyn\u00e4t, kyn\u00e4t ja muistikirjat sek\u00e4 juomavesi konferenssikeskuksen yleisiss\u00e4 tiloissa.<\/p>\n","protected":false},"excerpt":{"rendered":"<p>Koko: 60m\u00b2 \/ Max henkill\u00f6\u00e4: 50 Konferenssitiloissa on viimeisin audiovisuaalinen tekniikka ja ilmainen WiFi kaikille tapahtumille osallistuville asiakkaille. Konferenssitilat ovat sopivia konferensseihin, seminaareihin, lehdist\u00f6tilaisuuksiin, kokouksiin. Vuokrahintaan sis\u00e4ltyy: projektorin ja n\u00e4yt\u00f6n k\u00e4ytt\u00f6, mikrofoni, fl\u00e4ppitaulu ja huopakyn\u00e4t, kyn\u00e4t ja muistikirjat sek\u00e4 juomavesi konferenssikeskuksen yleisiss\u00e4 tiloissa.<\/p>\n","protected":false},"author":12,"featured_media":0,"parent":1381,"menu_order":0,"comment_status":"closed","ping_status":"closed","template":"template-meeting.php","meta":{"footnotes":""},"yoast_head":"<!-- This site is optimized with the Yoast SEO plugin v22.3 - https:\/\/yoast.com\/wordpress\/plugins\/seo\/ -->\n<title>Konferenssitila 2 - Metropol Hotel<\/title>\n<meta name=\"description\" content=\"Koko: 60m\u00b2 \/ Max henkill\u00f6\u00e4: 50  Konferenssitiloissa on viimeisin audiovisuaalinen tekniikka ja ilmainen WiFi kaikille tapahtumille osallistuville asiakkaille. Konferenssitilat ovat sopivia konferensseihin, seminaareihin, lehdist\u00f6tilaisuuksiin, kokouksiin.  Vuokrahintaan sis\u00e4ltyy: projektorin ja n\u00e4yt\u00f6n k\u00e4ytt\u00f6, mikrofoni, fl\u00e4ppitaulu ja huopakyn\u00e4t, kyn\u00e4t ja muistikirjat sek\u00e4 juomavesi konferenssikeskuksen yleisiss\u00e4 tiloissa.\" \/>\n<meta name=\"robots\" content=\"index, follow, max-snippet:-1, max-image-preview:large, max-video-preview:-1\" \/>\n<link rel=\"canonical\" href=\"https:\/\/www.metropolhotel.ee\/fi\/kokoustilat\/konferenssitila-2\/\" \/>\n<meta property=\"og:locale\" content=\"fi_FI\" \/>\n<meta property=\"og:type\" content=\"article\" \/>\n<meta property=\"og:title\" content=\"Konferenssitila 2 - Metropol Hotel\" \/>\n<meta property=\"og:description\" content=\"Koko: 60m\u00b2 \/ Max henkill\u00f6\u00e4: 50  Konferenssitiloissa on viimeisin audiovisuaalinen tekniikka ja ilmainen WiFi kaikille tapahtumille osallistuville asiakkaille. Konferenssitilat ovat sopivia konferensseihin, seminaareihin, lehdist\u00f6tilaisuuksiin, kokouksiin.  Vuokrahintaan sis\u00e4ltyy: projektorin ja n\u00e4yt\u00f6n k\u00e4ytt\u00f6, mikrofoni, fl\u00e4ppitaulu ja huopakyn\u00e4t, kyn\u00e4t ja muistikirjat sek\u00e4 juomavesi konferenssikeskuksen yleisiss\u00e4 tiloissa.\" \/>\n<meta property=\"og:url\" content=\"https:\/\/www.metropolhotel.ee\/fi\/kokoustilat\/konferenssitila-2\/\" \/>\n<meta property=\"og:site_name\" content=\"Metropol Hotel\" \/>\n<meta property=\"article:publisher\" content=\"https:\/\/www.facebook.com\/MetropolSpaHotel\/\" \/>\n<meta property=\"article:modified_time\" content=\"2024-09-24T12:49:19+00:00\" \/>\n<meta property=\"og:image\" content=\"https:\/\/www.metropolhotel.ee\/wp-content\/uploads\/sites\/160\/2023\/08\/metropole_spa_hotel_slide_02.jpg\" \/>\n\t<meta property=\"og:image:width\" content=\"2200\" \/>\n\t<meta property=\"og:image:height\" content=\"1200\" \/>\n\t<meta property=\"og:image:type\" content=\"image\/jpeg\" \/>\n<meta name=\"twitter:card\" content=\"summary_large_image\" \/>\n<meta name=\"twitter:label1\" content=\"Arvioitu lukuaika\" \/>\n\t<meta name=\"twitter:data1\" content=\"1 minuutti\" \/>\n<script type=\"application\/ld+json\" class=\"yoast-schema-graph\">{\"@context\":\"https:\/\/schema.org\",\"@graph\":[{\"@type\":\"WebPage\",\"@id\":\"https:\/\/www.metropolhotel.ee\/fi\/kokoustilat\/konferenssitila-2\/\",\"url\":\"https:\/\/www.metropolhotel.ee\/fi\/kokoustilat\/konferenssitila-2\/\",\"name\":\"Konferenssitila 2 - Metropol Hotel\",\"isPartOf\":{\"@id\":\"https:\/\/www.metropolhotel.ee\/fi\/#website\"},\"datePublished\":\"2024-03-25T08:39:08+00:00\",\"dateModified\":\"2024-09-24T12:49:19+00:00\",\"description\":\"Koko: 60m\u00b2 \/ Max henkill\u00f6\u00e4: 50 Konferenssitiloissa on viimeisin audiovisuaalinen tekniikka ja ilmainen WiFi kaikille tapahtumille osallistuville asiakkaille. Konferenssitilat ovat sopivia konferensseihin, seminaareihin, lehdist\u00f6tilaisuuksiin, kokouksiin. Vuokrahintaan sis\u00e4ltyy: projektorin ja n\u00e4yt\u00f6n k\u00e4ytt\u00f6, mikrofoni, fl\u00e4ppitaulu ja huopakyn\u00e4t, kyn\u00e4t ja muistikirjat sek\u00e4 juomavesi konferenssikeskuksen yleisiss\u00e4 tiloissa.\",\"breadcrumb\":{\"@id\":\"https:\/\/www.metropolhotel.ee\/fi\/kokoustilat\/konferenssitila-2\/#breadcrumb\"},\"inLanguage\":\"fi\",\"potentialAction\":[{\"@type\":\"ReadAction\",\"target\":[\"https:\/\/www.metropolhotel.ee\/fi\/kokoustilat\/konferenssitila-2\/\"]}]},{\"@type\":\"BreadcrumbList\",\"@id\":\"https:\/\/www.metropolhotel.ee\/fi\/kokoustilat\/konferenssitila-2\/#breadcrumb\",\"itemListElement\":[{\"@type\":\"ListItem\",\"position\":1,\"name\":\"Kokoustilat\",\"item\":\"https:\/\/www.metropolhotel.ee\/fi\/kokoustilat\/\"},{\"@type\":\"ListItem\",\"position\":2,\"name\":\"Konferenssitila 2\"}]},{\"@type\":\"WebSite\",\"@id\":\"https:\/\/www.metropolhotel.ee\/fi\/#website\",\"url\":\"https:\/\/www.metropolhotel.ee\/fi\/\",\"name\":\"Metropol Hotel\",\"description\":\"Metropol Hotels pakub unikaalset hotellielamust Tallinna uues linnas\u00fcdames. Ideaalne valik \u00e4ri-, konverentsi- v\u00f5i puhkusereisiks!\",\"publisher\":{\"@id\":\"https:\/\/www.metropolhotel.ee\/fi\/#organization\"},\"alternateName\":\"Metropol Hotel\",\"potentialAction\":[{\"@type\":\"SearchAction\",\"target\":{\"@type\":\"EntryPoint\",\"urlTemplate\":\"https:\/\/www.metropolhotel.ee\/fi\/?s={search_term_string}\"},\"query-input\":\"required name=search_term_string\"}],\"inLanguage\":\"fi\"},{\"@type\":\"Organization\",\"@id\":\"https:\/\/www.metropolhotel.ee\/fi\/#organization\",\"name\":\"Metropol Hotel\",\"alternateName\":\"Metropol Hotel\",\"url\":\"https:\/\/www.metropolhotel.ee\/fi\/\",\"logo\":{\"@type\":\"ImageObject\",\"inLanguage\":\"fi\",\"@id\":\"https:\/\/www.metropolhotel.ee\/fi\/#\/schema\/logo\/image\/\",\"url\":\"https:\/\/metropol-hotel-new.ms2.decms.eu\/wp-content\/uploads\/sites\/160\/2024\/09\/Metropol_Hotel_hor_.png\",\"contentUrl\":\"https:\/\/metropol-hotel-new.ms2.decms.eu\/wp-content\/uploads\/sites\/160\/2024\/09\/Metropol_Hotel_hor_.png\",\"width\":230,\"height\":82,\"caption\":\"Metropol Hotel\"},\"image\":{\"@id\":\"https:\/\/www.metropolhotel.ee\/fi\/#\/schema\/logo\/image\/\"},\"sameAs\":[\"https:\/\/www.facebook.com\/MetropolSpaHotel\/\",\"https:\/\/www.youtube.com\/@metropolhotels4972\"]}]}<\/script>\n<!-- \/ Yoast SEO plugin. -->","yoast_head_json":{"title":"Konferenssitila 2 - Metropol Hotel","description":"Koko: 60m\u00b2 \/ Max henkill\u00f6\u00e4: 50  Konferenssitiloissa on viimeisin audiovisuaalinen tekniikka ja ilmainen WiFi kaikille tapahtumille osallistuville asiakkaille. Konferenssitilat ovat sopivia konferensseihin, seminaareihin, lehdist\u00f6tilaisuuksiin, kokouksiin.  Vuokrahintaan sis\u00e4ltyy: projektorin ja n\u00e4yt\u00f6n k\u00e4ytt\u00f6, mikrofoni, fl\u00e4ppitaulu ja huopakyn\u00e4t, kyn\u00e4t ja muistikirjat sek\u00e4 juomavesi konferenssikeskuksen yleisiss\u00e4 tiloissa.","robots":{"index":"index","follow":"follow","max-snippet":"max-snippet:-1","max-image-preview":"max-image-preview:large","max-video-preview":"max-video-preview:-1"},"canonical":"https:\/\/www.metropolhotel.ee\/fi\/kokoustilat\/konferenssitila-2\/","og_locale":"fi_FI","og_type":"article","og_title":"Konferenssitila 2 - Metropol Hotel","og_description":"Koko: 60m\u00b2 \/ Max henkill\u00f6\u00e4: 50  Konferenssitiloissa on viimeisin audiovisuaalinen tekniikka ja ilmainen WiFi kaikille tapahtumille osallistuville asiakkaille. Konferenssitilat ovat sopivia konferensseihin, seminaareihin, lehdist\u00f6tilaisuuksiin, kokouksiin.  Vuokrahintaan sis\u00e4ltyy: projektorin ja n\u00e4yt\u00f6n k\u00e4ytt\u00f6, mikrofoni, fl\u00e4ppitaulu ja huopakyn\u00e4t, kyn\u00e4t ja muistikirjat sek\u00e4 juomavesi konferenssikeskuksen yleisiss\u00e4 tiloissa.","og_url":"https:\/\/www.metropolhotel.ee\/fi\/kokoustilat\/konferenssitila-2\/","og_site_name":"Metropol Hotel","article_publisher":"https:\/\/www.facebook.com\/MetropolSpaHotel\/","article_modified_time":"2024-09-24T12:49:19+00:00","og_image":[{"width":2200,"height":1200,"url":"https:\/\/www.metropolhotel.ee\/wp-content\/uploads\/sites\/160\/2023\/08\/metropole_spa_hotel_slide_02.jpg","type":"image\/jpeg"}],"twitter_card":"summary_large_image","twitter_misc":{"Arvioitu lukuaika":"1 minuutti"},"schema":{"@context":"https:\/\/schema.org","@graph":[{"@type":"WebPage","@id":"https:\/\/www.metropolhotel.ee\/fi\/kokoustilat\/konferenssitila-2\/","url":"https:\/\/www.metropolhotel.ee\/fi\/kokoustilat\/konferenssitila-2\/","name":"Konferenssitila 2 - Metropol Hotel","isPartOf":{"@id":"https:\/\/www.metropolhotel.ee\/fi\/#website"},"datePublished":"2024-03-25T08:39:08+00:00","dateModified":"2024-09-24T12:49:19+00:00","description":"Koko: 60m\u00b2 \/ Max henkill\u00f6\u00e4: 50 Konferenssitiloissa on viimeisin audiovisuaalinen tekniikka ja ilmainen WiFi kaikille tapahtumille osallistuville asiakkaille. Konferenssitilat ovat sopivia konferensseihin, seminaareihin, lehdist\u00f6tilaisuuksiin, kokouksiin. Vuokrahintaan sis\u00e4ltyy: projektorin ja n\u00e4yt\u00f6n k\u00e4ytt\u00f6, mikrofoni, fl\u00e4ppitaulu ja huopakyn\u00e4t, kyn\u00e4t ja muistikirjat sek\u00e4 juomavesi konferenssikeskuksen yleisiss\u00e4 tiloissa.","breadcrumb":{"@id":"https:\/\/www.metropolhotel.ee\/fi\/kokoustilat\/konferenssitila-2\/#breadcrumb"},"inLanguage":"fi","potentialAction":[{"@type":"ReadAction","target":["https:\/\/www.metropolhotel.ee\/fi\/kokoustilat\/konferenssitila-2\/"]}]},{"@type":"BreadcrumbList","@id":"https:\/\/www.metropolhotel.ee\/fi\/kokoustilat\/konferenssitila-2\/#breadcrumb","itemListElement":[{"@type":"ListItem","position":1,"name":"Kokoustilat","item":"https:\/\/www.metropolhotel.ee\/fi\/kokoustilat\/"},{"@type":"ListItem","position":2,"name":"Konferenssitila 2"}]},{"@type":"WebSite","@id":"https:\/\/www.metropolhotel.ee\/fi\/#website","url":"https:\/\/www.metropolhotel.ee\/fi\/","name":"Metropol Hotel","description":"Metropol Hotels pakub unikaalset hotellielamust Tallinna uues linnas\u00fcdames. Ideaalne valik \u00e4ri-, konverentsi- v\u00f5i puhkusereisiks!","publisher":{"@id":"https:\/\/www.metropolhotel.ee\/fi\/#organization"},"alternateName":"Metropol Hotel","potentialAction":[{"@type":"SearchAction","target":{"@type":"EntryPoint","urlTemplate":"https:\/\/www.metropolhotel.ee\/fi\/?s={search_term_string}"},"query-input":"required name=search_term_string"}],"inLanguage":"fi"},{"@type":"Organization","@id":"https:\/\/www.metropolhotel.ee\/fi\/#organization","name":"Metropol Hotel","alternateName":"Metropol Hotel","url":"https:\/\/www.metropolhotel.ee\/fi\/","logo":{"@type":"ImageObject","inLanguage":"fi","@id":"https:\/\/www.metropolhotel.ee\/fi\/#\/schema\/logo\/image\/","url":"https:\/\/metropol-hotel-new.ms2.decms.eu\/wp-content\/uploads\/sites\/160\/2024\/09\/Metropol_Hotel_hor_.png","contentUrl":"https:\/\/metropol-hotel-new.ms2.decms.eu\/wp-content\/uploads\/sites\/160\/2024\/09\/Metropol_Hotel_hor_.png","width":230,"height":82,"caption":"Metropol Hotel"},"image":{"@id":"https:\/\/www.metropolhotel.ee\/fi\/#\/schema\/logo\/image\/"},"sameAs":["https:\/\/www.facebook.com\/MetropolSpaHotel\/","https:\/\/www.youtube.com\/@metropolhotels4972"]}]}},"acf":[],"_links":{"self":[{"href":"https:\/\/www.metropolhotel.ee\/fi\/wp-json\/wp\/v2\/pages\/1500"}],"collection":[{"href":"https:\/\/www.metropolhotel.ee\/fi\/wp-json\/wp\/v2\/pages"}],"about":[{"href":"https:\/\/www.metropolhotel.ee\/fi\/wp-json\/wp\/v2\/types\/page"}],"author":[{"embeddable":true,"href":"https:\/\/www.metropolhotel.ee\/fi\/wp-json\/wp\/v2\/users\/12"}],"replies":[{"embeddable":true,"href":"https:\/\/www.metropolhotel.ee\/fi\/wp-json\/wp\/v2\/comments?post=1500"}],"version-history":[{"count":0,"href":"https:\/\/www.metropolhotel.ee\/fi\/wp-json\/wp\/v2\/pages\/1500\/revisions"}],"up":[{"embeddable":true,"href":"https:\/\/www.metropolhotel.ee\/fi\/wp-json\/wp\/v2\/pages\/1381"}],"wp:attachment":[{"href":"https:\/\/www.metropolhotel.ee\/fi\/wp-json\/wp\/v2\/media?parent=1500"}],"curies":[{"name":"wp","href":"https:\/\/api.w.org\/{rel}","templated":true}]}}