{"id":1696,"date":"2025-02-27T12:50:28","date_gmt":"2025-02-27T12:50:28","guid":{"rendered":"https:\/\/metropol-hotel-new.ms2.decms.eu\/?page_id=1696"},"modified":"2026-04-16T12:33:06","modified_gmt":"2026-04-16T12:33:06","slug":"kylpyla-sauna-ja-kaverit","status":"publish","type":"page","link":"https:\/\/www.metropolhotel.ee\/fi\/paketit\/kylpyla-sauna-ja-kaverit\/","title":{"rendered":"KYLPYL\u00c4, SAUNA JA KAVERIT"},"content":{"rendered":"<p style=\"text-align: center\"><span data-sheets-root=\"1\">Viet\u00e4 rentouttava p\u00e4iv\u00e4 tai ilta parhaiden yst\u00e4viesi tai vaikkapa ty\u00f6kavereiden kanssa aivan Tallinnan syd\u00e4mess\u00e4 sijaitsevassa kylpyl\u00e4ss\u00e4.<br \/>\nSaunan ja allasosaston k\u00e4yt\u00f6n ohessa voit nauttia omasta rauhasta spa loungessamme, joka on vain sinua ja yst\u00e4vi\u00e4si varten ja jossa voi my\u00f6s tilata mieluisia juomia sek\u00e4 v\u00e4lipaloja.<\/span><\/p>\n<p style=\"text-align: center\"><strong>Erikoistarjous!<\/strong> Jos seurueessasi on v\u00e4hint\u00e4\u00e4n 10 henkil\u00f6\u00e4, saat 10 %:n alennuksen paketin kokonaishinnasta!<\/p>\n","protected":false},"excerpt":{"rendered":"<p>Viet\u00e4 rentouttava p\u00e4iv\u00e4 tai ilta parhaiden yst\u00e4viesi tai vaikkapa ty\u00f6kavereiden kanssa aivan Tallinnan syd\u00e4mess\u00e4 sijaitsevassa kylpyl\u00e4ss\u00e4. Saunan ja allasosaston k\u00e4yt\u00f6n ohessa voit nauttia omasta rauhasta spa loungessamme, joka on vain sinua ja yst\u00e4vi\u00e4si varten ja jossa voi my\u00f6s tilata mieluisia juomia sek\u00e4 v\u00e4lipaloja. Erikoistarjous! Jos seurueessasi on v\u00e4hint\u00e4\u00e4n 10 henkil\u00f6\u00e4, saat 10 %:n alennuksen paketin [&hellip;]<\/p>\n","protected":false},"author":121,"featured_media":0,"parent":1439,"menu_order":202,"comment_status":"closed","ping_status":"closed","template":"template-single-spa.php","meta":{"footnotes":""},"yoast_head":"<!-- This site is optimized with the Yoast SEO plugin v22.3 - https:\/\/yoast.com\/wordpress\/plugins\/seo\/ -->\n<title>KYLPYL\u00c4, SAUNA JA KAVERIT - Metropol Hotel<\/title>\n<meta name=\"description\" content=\"Viet\u00e4 rentouttava p\u00e4iv\u00e4 tai ilta parhaiden yst\u00e4viesi tai vaikkapa ty\u00f6kavereiden kanssa aivan Tallinnan syd\u00e4mess\u00e4 sijaitsevassa kylpyl\u00e4ss\u00e4.\" \/>\n<meta name=\"robots\" content=\"index, follow, max-snippet:-1, max-image-preview:large, max-video-preview:-1\" \/>\n<link rel=\"canonical\" href=\"https:\/\/www.metropolhotel.ee\/fi\/paketit\/kylpyla-sauna-ja-kaverit\/\" \/>\n<meta property=\"og:locale\" content=\"fi_FI\" \/>\n<meta property=\"og:type\" content=\"article\" \/>\n<meta property=\"og:title\" content=\"KYLPYL\u00c4, SAUNA JA KAVERIT - Metropol Hotel\" \/>\n<meta property=\"og:description\" content=\"Viet\u00e4 rentouttava p\u00e4iv\u00e4 tai ilta parhaiden yst\u00e4viesi tai vaikkapa ty\u00f6kavereiden kanssa aivan Tallinnan syd\u00e4mess\u00e4 sijaitsevassa kylpyl\u00e4ss\u00e4.\" \/>\n<meta property=\"og:url\" content=\"https:\/\/www.metropolhotel.ee\/fi\/paketit\/kylpyla-sauna-ja-kaverit\/\" \/>\n<meta property=\"og:site_name\" content=\"Metropol Hotel\" \/>\n<meta property=\"article:publisher\" content=\"https:\/\/www.facebook.com\/MetropolSpaHotel\/\" \/>\n<meta property=\"article:modified_time\" content=\"2026-04-16T12:33:06+00:00\" \/>\n<meta property=\"og:image\" content=\"https:\/\/www.metropolhotel.ee\/wp-content\/uploads\/sites\/160\/2023\/08\/metropole_spa_hotel_slide_02.jpg\" \/>\n\t<meta property=\"og:image:width\" content=\"2200\" \/>\n\t<meta property=\"og:image:height\" content=\"1200\" \/>\n\t<meta property=\"og:image:type\" content=\"image\/jpeg\" \/>\n<meta name=\"twitter:card\" content=\"summary_large_image\" \/>\n<meta name=\"twitter:label1\" content=\"Arvioitu lukuaika\" \/>\n\t<meta name=\"twitter:data1\" content=\"1 minuutti\" \/>\n<script type=\"application\/ld+json\" class=\"yoast-schema-graph\">{\"@context\":\"https:\/\/schema.org\",\"@graph\":[{\"@type\":\"WebPage\",\"@id\":\"https:\/\/www.metropolhotel.ee\/fi\/paketit\/kylpyla-sauna-ja-kaverit\/\",\"url\":\"https:\/\/www.metropolhotel.ee\/fi\/paketit\/kylpyla-sauna-ja-kaverit\/\",\"name\":\"KYLPYL\u00c4, SAUNA JA KAVERIT - Metropol Hotel\",\"isPartOf\":{\"@id\":\"https:\/\/www.metropolhotel.ee\/fi\/#website\"},\"datePublished\":\"2025-02-27T12:50:28+00:00\",\"dateModified\":\"2026-04-16T12:33:06+00:00\",\"description\":\"Viet\u00e4 rentouttava p\u00e4iv\u00e4 tai ilta parhaiden yst\u00e4viesi tai vaikkapa ty\u00f6kavereiden kanssa aivan Tallinnan syd\u00e4mess\u00e4 sijaitsevassa kylpyl\u00e4ss\u00e4.\",\"breadcrumb\":{\"@id\":\"https:\/\/www.metropolhotel.ee\/fi\/paketit\/kylpyla-sauna-ja-kaverit\/#breadcrumb\"},\"inLanguage\":\"fi\",\"potentialAction\":[{\"@type\":\"ReadAction\",\"target\":[\"https:\/\/www.metropolhotel.ee\/fi\/paketit\/kylpyla-sauna-ja-kaverit\/\"]}]},{\"@type\":\"BreadcrumbList\",\"@id\":\"https:\/\/www.metropolhotel.ee\/fi\/paketit\/kylpyla-sauna-ja-kaverit\/#breadcrumb\",\"itemListElement\":[{\"@type\":\"ListItem\",\"position\":1,\"name\":\"Paketit\",\"item\":\"https:\/\/www.metropolhotel.ee\/fi\/paketit\/\"},{\"@type\":\"ListItem\",\"position\":2,\"name\":\"KYLPYL\u00c4, SAUNA JA KAVERIT\"}]},{\"@type\":\"WebSite\",\"@id\":\"https:\/\/www.metropolhotel.ee\/fi\/#website\",\"url\":\"https:\/\/www.metropolhotel.ee\/fi\/\",\"name\":\"Metropol Hotel\",\"description\":\"Metropol Hotels pakub unikaalset hotellielamust Tallinna uues linnas\u00fcdames. Ideaalne valik \u00e4ri-, konverentsi- v\u00f5i puhkusereisiks!\",\"publisher\":{\"@id\":\"https:\/\/www.metropolhotel.ee\/fi\/#organization\"},\"alternateName\":\"Metropol Hotel\",\"potentialAction\":[{\"@type\":\"SearchAction\",\"target\":{\"@type\":\"EntryPoint\",\"urlTemplate\":\"https:\/\/www.metropolhotel.ee\/fi\/?s={search_term_string}\"},\"query-input\":\"required name=search_term_string\"}],\"inLanguage\":\"fi\"},{\"@type\":\"Organization\",\"@id\":\"https:\/\/www.metropolhotel.ee\/fi\/#organization\",\"name\":\"Metropol Hotel\",\"alternateName\":\"Metropol Hotel\",\"url\":\"https:\/\/www.metropolhotel.ee\/fi\/\",\"logo\":{\"@type\":\"ImageObject\",\"inLanguage\":\"fi\",\"@id\":\"https:\/\/www.metropolhotel.ee\/fi\/#\/schema\/logo\/image\/\",\"url\":\"https:\/\/metropol-hotel-new.ms2.decms.eu\/wp-content\/uploads\/sites\/160\/2024\/09\/Metropol_Hotel_hor_.png\",\"contentUrl\":\"https:\/\/metropol-hotel-new.ms2.decms.eu\/wp-content\/uploads\/sites\/160\/2024\/09\/Metropol_Hotel_hor_.png\",\"width\":230,\"height\":82,\"caption\":\"Metropol Hotel\"},\"image\":{\"@id\":\"https:\/\/www.metropolhotel.ee\/fi\/#\/schema\/logo\/image\/\"},\"sameAs\":[\"https:\/\/www.facebook.com\/MetropolSpaHotel\/\",\"https:\/\/www.youtube.com\/@metropolhotels4972\"]}]}<\/script>\n<!-- \/ Yoast SEO plugin. -->","yoast_head_json":{"title":"KYLPYL\u00c4, SAUNA JA KAVERIT - Metropol Hotel","description":"Viet\u00e4 rentouttava p\u00e4iv\u00e4 tai ilta parhaiden yst\u00e4viesi tai vaikkapa ty\u00f6kavereiden kanssa aivan Tallinnan syd\u00e4mess\u00e4 sijaitsevassa kylpyl\u00e4ss\u00e4.","robots":{"index":"index","follow":"follow","max-snippet":"max-snippet:-1","max-image-preview":"max-image-preview:large","max-video-preview":"max-video-preview:-1"},"canonical":"https:\/\/www.metropolhotel.ee\/fi\/paketit\/kylpyla-sauna-ja-kaverit\/","og_locale":"fi_FI","og_type":"article","og_title":"KYLPYL\u00c4, SAUNA JA KAVERIT - Metropol Hotel","og_description":"Viet\u00e4 rentouttava p\u00e4iv\u00e4 tai ilta parhaiden yst\u00e4viesi tai vaikkapa ty\u00f6kavereiden kanssa aivan Tallinnan syd\u00e4mess\u00e4 sijaitsevassa kylpyl\u00e4ss\u00e4.","og_url":"https:\/\/www.metropolhotel.ee\/fi\/paketit\/kylpyla-sauna-ja-kaverit\/","og_site_name":"Metropol Hotel","article_publisher":"https:\/\/www.facebook.com\/MetropolSpaHotel\/","article_modified_time":"2026-04-16T12:33:06+00:00","og_image":[{"width":2200,"height":1200,"url":"https:\/\/www.metropolhotel.ee\/wp-content\/uploads\/sites\/160\/2023\/08\/metropole_spa_hotel_slide_02.jpg","type":"image\/jpeg"}],"twitter_card":"summary_large_image","twitter_misc":{"Arvioitu lukuaika":"1 minuutti"},"schema":{"@context":"https:\/\/schema.org","@graph":[{"@type":"WebPage","@id":"https:\/\/www.metropolhotel.ee\/fi\/paketit\/kylpyla-sauna-ja-kaverit\/","url":"https:\/\/www.metropolhotel.ee\/fi\/paketit\/kylpyla-sauna-ja-kaverit\/","name":"KYLPYL\u00c4, SAUNA JA KAVERIT - Metropol Hotel","isPartOf":{"@id":"https:\/\/www.metropolhotel.ee\/fi\/#website"},"datePublished":"2025-02-27T12:50:28+00:00","dateModified":"2026-04-16T12:33:06+00:00","description":"Viet\u00e4 rentouttava p\u00e4iv\u00e4 tai ilta parhaiden yst\u00e4viesi tai vaikkapa ty\u00f6kavereiden kanssa aivan Tallinnan syd\u00e4mess\u00e4 sijaitsevassa kylpyl\u00e4ss\u00e4.","breadcrumb":{"@id":"https:\/\/www.metropolhotel.ee\/fi\/paketit\/kylpyla-sauna-ja-kaverit\/#breadcrumb"},"inLanguage":"fi","potentialAction":[{"@type":"ReadAction","target":["https:\/\/www.metropolhotel.ee\/fi\/paketit\/kylpyla-sauna-ja-kaverit\/"]}]},{"@type":"BreadcrumbList","@id":"https:\/\/www.metropolhotel.ee\/fi\/paketit\/kylpyla-sauna-ja-kaverit\/#breadcrumb","itemListElement":[{"@type":"ListItem","position":1,"name":"Paketit","item":"https:\/\/www.metropolhotel.ee\/fi\/paketit\/"},{"@type":"ListItem","position":2,"name":"KYLPYL\u00c4, SAUNA JA KAVERIT"}]},{"@type":"WebSite","@id":"https:\/\/www.metropolhotel.ee\/fi\/#website","url":"https:\/\/www.metropolhotel.ee\/fi\/","name":"Metropol Hotel","description":"Metropol Hotels pakub unikaalset hotellielamust Tallinna uues linnas\u00fcdames. Ideaalne valik \u00e4ri-, konverentsi- v\u00f5i puhkusereisiks!","publisher":{"@id":"https:\/\/www.metropolhotel.ee\/fi\/#organization"},"alternateName":"Metropol Hotel","potentialAction":[{"@type":"SearchAction","target":{"@type":"EntryPoint","urlTemplate":"https:\/\/www.metropolhotel.ee\/fi\/?s={search_term_string}"},"query-input":"required name=search_term_string"}],"inLanguage":"fi"},{"@type":"Organization","@id":"https:\/\/www.metropolhotel.ee\/fi\/#organization","name":"Metropol Hotel","alternateName":"Metropol Hotel","url":"https:\/\/www.metropolhotel.ee\/fi\/","logo":{"@type":"ImageObject","inLanguage":"fi","@id":"https:\/\/www.metropolhotel.ee\/fi\/#\/schema\/logo\/image\/","url":"https:\/\/metropol-hotel-new.ms2.decms.eu\/wp-content\/uploads\/sites\/160\/2024\/09\/Metropol_Hotel_hor_.png","contentUrl":"https:\/\/metropol-hotel-new.ms2.decms.eu\/wp-content\/uploads\/sites\/160\/2024\/09\/Metropol_Hotel_hor_.png","width":230,"height":82,"caption":"Metropol Hotel"},"image":{"@id":"https:\/\/www.metropolhotel.ee\/fi\/#\/schema\/logo\/image\/"},"sameAs":["https:\/\/www.facebook.com\/MetropolSpaHotel\/","https:\/\/www.youtube.com\/@metropolhotels4972"]}]}},"acf":[],"_links":{"self":[{"href":"https:\/\/www.metropolhotel.ee\/fi\/wp-json\/wp\/v2\/pages\/1696"}],"collection":[{"href":"https:\/\/www.metropolhotel.ee\/fi\/wp-json\/wp\/v2\/pages"}],"about":[{"href":"https:\/\/www.metropolhotel.ee\/fi\/wp-json\/wp\/v2\/types\/page"}],"author":[{"embeddable":true,"href":"https:\/\/www.metropolhotel.ee\/fi\/wp-json\/wp\/v2\/users\/121"}],"replies":[{"embeddable":true,"href":"https:\/\/www.metropolhotel.ee\/fi\/wp-json\/wp\/v2\/comments?post=1696"}],"version-history":[{"count":0,"href":"https:\/\/www.metropolhotel.ee\/fi\/wp-json\/wp\/v2\/pages\/1696\/revisions"}],"up":[{"embeddable":true,"href":"https:\/\/www.metropolhotel.ee\/fi\/wp-json\/wp\/v2\/pages\/1439"}],"wp:attachment":[{"href":"https:\/\/www.metropolhotel.ee\/fi\/wp-json\/wp\/v2\/media?parent=1696"}],"curies":[{"name":"wp","href":"https:\/\/api.w.org\/{rel}","templated":true}]}}