{"id":1817,"date":"2025-11-24T11:48:03","date_gmt":"2025-11-24T11:48:03","guid":{"rendered":"https:\/\/www.metropolhotel.ee\/?page_id=1817"},"modified":"2025-11-26T09:42:03","modified_gmt":"2025-11-26T09:42:03","slug":"itsenaisyyspaivan-juhlava-illallinen-metropol-hotellissa-6-12-2025","status":"publish","type":"page","link":"https:\/\/www.metropolhotel.ee\/fi\/itsenaisyyspaivan-juhlava-illallinen-metropol-hotellissa-6-12-2025\/","title":{"rendered":"Itsen\u00e4isyysp\u00e4iv\u00e4n juhlava illallinen Metropol-hotellissa 6.12.2025"},"content":{"rendered":"<p class=\"p1\"><span class=\"s1\">Metropol Hotel tarjoaa 6.12. klo 18:00\u201321:00 juhlavasti katetun buffet-illallisen, jonka aikana voit seurata suorana l\u00e4hetyst\u00e4 Linnan juhlista.<br \/>\n<\/span><\/p>\n<p class=\"p1\"><span class=\"s1\">Noonbox-ravintola on pukeutunut itsen\u00e4isyysp\u00e4iv\u00e4n arvokkaaseen juhla-asuun ja toivottaa vieraat l\u00e4mpim\u00e4sti tervetulleiksi viett\u00e4m\u00e4\u00e4n iltaa hyv\u00e4ss\u00e4 seurassa.<\/span><\/p>\n<p class=\"p1\"><span class=\"s1\">Ja samalla \u2014 <\/span><b>joulun taikaa Tallinnassa!<\/b><b><\/b><\/p>\n<p class=\"p2\">Vanhakaupunki hurmaa 21.11.\u201327.12.2025 h\u00f6yry\u00e4vill\u00e4 herkuilla, kauniilla k\u00e4sit\u00f6ill\u00e4 ja satumaisella <span class=\"s2\"><b>joulutorilla<\/b><\/span>, joka t\u00e4ytt\u00e4\u00e4 kaupungin aidolla joulun tunnelmalla.<\/p>\n<p class=\"p1\">Lis\u00e4\u00e4 syy viett\u00e4\u00e4 viikonloppu Tallinnassa!<\/p>\n","protected":false},"excerpt":{"rendered":"<p>Metropol Hotel tarjoaa 6.12. klo 18:00\u201321:00 juhlavasti katetun buffet-illallisen, jonka aikana voit seurata suorana l\u00e4hetyst\u00e4 Linnan juhlista. Noonbox-ravintola on pukeutunut itsen\u00e4isyysp\u00e4iv\u00e4n arvokkaaseen juhla-asuun ja toivottaa vieraat l\u00e4mpim\u00e4sti tervetulleiksi viett\u00e4m\u00e4\u00e4n iltaa hyv\u00e4ss\u00e4 seurassa. Ja samalla \u2014 joulun taikaa Tallinnassa! Vanhakaupunki hurmaa 21.11.\u201327.12.2025 h\u00f6yry\u00e4vill\u00e4 herkuilla, kauniilla k\u00e4sit\u00f6ill\u00e4 ja satumaisella joulutorilla, joka t\u00e4ytt\u00e4\u00e4 kaupungin aidolla joulun tunnelmalla. Lis\u00e4\u00e4 [&hellip;]<\/p>\n","protected":false},"author":121,"featured_media":0,"parent":0,"menu_order":0,"comment_status":"closed","ping_status":"closed","template":"template-services.php","meta":{"footnotes":""},"yoast_head":"<!-- This site is optimized with the Yoast SEO plugin v22.3 - https:\/\/yoast.com\/wordpress\/plugins\/seo\/ -->\n<title>Itsen\u00e4isyysp\u00e4iv\u00e4n juhlava illallinen Metropol-hotellissa 6.12.2025 - Metropol Hotel<\/title>\n<meta name=\"description\" content=\"Metropol Hotel tarjoaa 6.12. klo 18:00\u201321:00 juhlavasti katetun buffet-illallisen, jonka aikana voit seurata suorana l\u00e4hetyst\u00e4 Linnan juhlista.  Noonbox-ravintola on pukeutunut itsen\u00e4isyysp\u00e4iv\u00e4n arvokkaaseen juhla-asuun ja toivottaa vieraat l\u00e4mpim\u00e4sti tervetulleiksi viett\u00e4m\u00e4\u00e4n iltaa hyv\u00e4ss\u00e4 seurassa. Ja samalla \u2014 joulun taikaa Tallinnassa! Vanhakaupunki hurmaa 21.11.\u201327.12.2025 h\u00f6yry\u00e4vill\u00e4 herkuilla, kauniilla k\u00e4sit\u00f6ill\u00e4 ja satumaisella joulutorilla, joka t\u00e4ytt\u00e4\u00e4 kaupungin aidolla joulun tunnelmalla. Lis\u00e4\u00e4 syy viett\u00e4\u00e4 viikonloppu Tallinnassa!\" \/>\n<meta name=\"robots\" content=\"index, follow, max-snippet:-1, max-image-preview:large, max-video-preview:-1\" \/>\n<link rel=\"canonical\" href=\"https:\/\/www.metropolhotel.ee\/fi\/itsenaisyyspaivan-juhlava-illallinen-metropol-hotellissa-6-12-2025\/\" \/>\n<meta property=\"og:locale\" content=\"fi_FI\" \/>\n<meta property=\"og:type\" content=\"article\" \/>\n<meta property=\"og:title\" content=\"Itsen\u00e4isyysp\u00e4iv\u00e4n juhlava illallinen Metropol-hotellissa 6.12.2025 - Metropol Hotel\" \/>\n<meta property=\"og:description\" content=\"Metropol Hotel tarjoaa 6.12. klo 18:00\u201321:00 juhlavasti katetun buffet-illallisen, jonka aikana voit seurata suorana l\u00e4hetyst\u00e4 Linnan juhlista.  Noonbox-ravintola on pukeutunut itsen\u00e4isyysp\u00e4iv\u00e4n arvokkaaseen juhla-asuun ja toivottaa vieraat l\u00e4mpim\u00e4sti tervetulleiksi viett\u00e4m\u00e4\u00e4n iltaa hyv\u00e4ss\u00e4 seurassa. Ja samalla \u2014 joulun taikaa Tallinnassa! Vanhakaupunki hurmaa 21.11.\u201327.12.2025 h\u00f6yry\u00e4vill\u00e4 herkuilla, kauniilla k\u00e4sit\u00f6ill\u00e4 ja satumaisella joulutorilla, joka t\u00e4ytt\u00e4\u00e4 kaupungin aidolla joulun tunnelmalla. Lis\u00e4\u00e4 syy viett\u00e4\u00e4 viikonloppu Tallinnassa!\" \/>\n<meta property=\"og:url\" content=\"https:\/\/www.metropolhotel.ee\/fi\/itsenaisyyspaivan-juhlava-illallinen-metropol-hotellissa-6-12-2025\/\" \/>\n<meta property=\"og:site_name\" content=\"Metropol Hotel\" \/>\n<meta property=\"article:publisher\" content=\"https:\/\/www.facebook.com\/MetropolSpaHotel\/\" \/>\n<meta property=\"article:modified_time\" content=\"2025-11-26T09:42:03+00:00\" \/>\n<meta property=\"og:image\" content=\"https:\/\/www.metropolhotel.ee\/wp-content\/uploads\/sites\/160\/2023\/08\/metropole_spa_hotel_slide_02.jpg\" \/>\n\t<meta property=\"og:image:width\" content=\"2200\" \/>\n\t<meta property=\"og:image:height\" content=\"1200\" \/>\n\t<meta property=\"og:image:type\" content=\"image\/jpeg\" \/>\n<meta name=\"twitter:card\" content=\"summary_large_image\" \/>\n<meta name=\"twitter:label1\" content=\"Arvioitu lukuaika\" \/>\n\t<meta name=\"twitter:data1\" content=\"1 minuutti\" \/>\n<script type=\"application\/ld+json\" class=\"yoast-schema-graph\">{\"@context\":\"https:\/\/schema.org\",\"@graph\":[{\"@type\":\"WebPage\",\"@id\":\"https:\/\/www.metropolhotel.ee\/fi\/itsenaisyyspaivan-juhlava-illallinen-metropol-hotellissa-6-12-2025\/\",\"url\":\"https:\/\/www.metropolhotel.ee\/fi\/itsenaisyyspaivan-juhlava-illallinen-metropol-hotellissa-6-12-2025\/\",\"name\":\"Itsen\u00e4isyysp\u00e4iv\u00e4n juhlava illallinen Metropol-hotellissa 6.12.2025 - Metropol Hotel\",\"isPartOf\":{\"@id\":\"https:\/\/www.metropolhotel.ee\/fi\/#website\"},\"datePublished\":\"2025-11-24T11:48:03+00:00\",\"dateModified\":\"2025-11-26T09:42:03+00:00\",\"description\":\"Metropol Hotel tarjoaa 6.12. klo 18:00\u201321:00 juhlavasti katetun buffet-illallisen, jonka aikana voit seurata suorana l\u00e4hetyst\u00e4 Linnan juhlista. Noonbox-ravintola on pukeutunut itsen\u00e4isyysp\u00e4iv\u00e4n arvokkaaseen juhla-asuun ja toivottaa vieraat l\u00e4mpim\u00e4sti tervetulleiksi viett\u00e4m\u00e4\u00e4n iltaa hyv\u00e4ss\u00e4 seurassa. Ja samalla \u2014 joulun taikaa Tallinnassa! Vanhakaupunki hurmaa 21.11.\u201327.12.2025 h\u00f6yry\u00e4vill\u00e4 herkuilla, kauniilla k\u00e4sit\u00f6ill\u00e4 ja satumaisella joulutorilla, joka t\u00e4ytt\u00e4\u00e4 kaupungin aidolla joulun tunnelmalla. Lis\u00e4\u00e4 syy viett\u00e4\u00e4 viikonloppu Tallinnassa!\",\"inLanguage\":\"fi\",\"potentialAction\":[{\"@type\":\"ReadAction\",\"target\":[\"https:\/\/www.metropolhotel.ee\/fi\/itsenaisyyspaivan-juhlava-illallinen-metropol-hotellissa-6-12-2025\/\"]}]},{\"@type\":\"WebSite\",\"@id\":\"https:\/\/www.metropolhotel.ee\/fi\/#website\",\"url\":\"https:\/\/www.metropolhotel.ee\/fi\/\",\"name\":\"Metropol Hotel\",\"description\":\"Metropol Hotels pakub unikaalset hotellielamust Tallinna uues linnas\u00fcdames. Ideaalne valik \u00e4ri-, konverentsi- v\u00f5i puhkusereisiks!\",\"publisher\":{\"@id\":\"https:\/\/www.metropolhotel.ee\/fi\/#organization\"},\"alternateName\":\"Metropol Hotel\",\"potentialAction\":[{\"@type\":\"SearchAction\",\"target\":{\"@type\":\"EntryPoint\",\"urlTemplate\":\"https:\/\/www.metropolhotel.ee\/fi\/?s={search_term_string}\"},\"query-input\":\"required name=search_term_string\"}],\"inLanguage\":\"fi\"},{\"@type\":\"Organization\",\"@id\":\"https:\/\/www.metropolhotel.ee\/fi\/#organization\",\"name\":\"Metropol Hotel\",\"alternateName\":\"Metropol Hotel\",\"url\":\"https:\/\/www.metropolhotel.ee\/fi\/\",\"logo\":{\"@type\":\"ImageObject\",\"inLanguage\":\"fi\",\"@id\":\"https:\/\/www.metropolhotel.ee\/fi\/#\/schema\/logo\/image\/\",\"url\":\"https:\/\/metropol-hotel-new.ms2.decms.eu\/wp-content\/uploads\/sites\/160\/2024\/09\/Metropol_Hotel_hor_.png\",\"contentUrl\":\"https:\/\/metropol-hotel-new.ms2.decms.eu\/wp-content\/uploads\/sites\/160\/2024\/09\/Metropol_Hotel_hor_.png\",\"width\":230,\"height\":82,\"caption\":\"Metropol Hotel\"},\"image\":{\"@id\":\"https:\/\/www.metropolhotel.ee\/fi\/#\/schema\/logo\/image\/\"},\"sameAs\":[\"https:\/\/www.facebook.com\/MetropolSpaHotel\/\",\"https:\/\/www.youtube.com\/@metropolhotels4972\"]}]}<\/script>\n<!-- \/ Yoast SEO plugin. -->","yoast_head_json":{"title":"Itsen\u00e4isyysp\u00e4iv\u00e4n juhlava illallinen Metropol-hotellissa 6.12.2025 - Metropol Hotel","description":"Metropol Hotel tarjoaa 6.12. klo 18:00\u201321:00 juhlavasti katetun buffet-illallisen, jonka aikana voit seurata suorana l\u00e4hetyst\u00e4 Linnan juhlista.  Noonbox-ravintola on pukeutunut itsen\u00e4isyysp\u00e4iv\u00e4n arvokkaaseen juhla-asuun ja toivottaa vieraat l\u00e4mpim\u00e4sti tervetulleiksi viett\u00e4m\u00e4\u00e4n iltaa hyv\u00e4ss\u00e4 seurassa. Ja samalla \u2014 joulun taikaa Tallinnassa! Vanhakaupunki hurmaa 21.11.\u201327.12.2025 h\u00f6yry\u00e4vill\u00e4 herkuilla, kauniilla k\u00e4sit\u00f6ill\u00e4 ja satumaisella joulutorilla, joka t\u00e4ytt\u00e4\u00e4 kaupungin aidolla joulun tunnelmalla. Lis\u00e4\u00e4 syy viett\u00e4\u00e4 viikonloppu Tallinnassa!","robots":{"index":"index","follow":"follow","max-snippet":"max-snippet:-1","max-image-preview":"max-image-preview:large","max-video-preview":"max-video-preview:-1"},"canonical":"https:\/\/www.metropolhotel.ee\/fi\/itsenaisyyspaivan-juhlava-illallinen-metropol-hotellissa-6-12-2025\/","og_locale":"fi_FI","og_type":"article","og_title":"Itsen\u00e4isyysp\u00e4iv\u00e4n juhlava illallinen Metropol-hotellissa 6.12.2025 - Metropol Hotel","og_description":"Metropol Hotel tarjoaa 6.12. klo 18:00\u201321:00 juhlavasti katetun buffet-illallisen, jonka aikana voit seurata suorana l\u00e4hetyst\u00e4 Linnan juhlista.  Noonbox-ravintola on pukeutunut itsen\u00e4isyysp\u00e4iv\u00e4n arvokkaaseen juhla-asuun ja toivottaa vieraat l\u00e4mpim\u00e4sti tervetulleiksi viett\u00e4m\u00e4\u00e4n iltaa hyv\u00e4ss\u00e4 seurassa. Ja samalla \u2014 joulun taikaa Tallinnassa! Vanhakaupunki hurmaa 21.11.\u201327.12.2025 h\u00f6yry\u00e4vill\u00e4 herkuilla, kauniilla k\u00e4sit\u00f6ill\u00e4 ja satumaisella joulutorilla, joka t\u00e4ytt\u00e4\u00e4 kaupungin aidolla joulun tunnelmalla. Lis\u00e4\u00e4 syy viett\u00e4\u00e4 viikonloppu Tallinnassa!","og_url":"https:\/\/www.metropolhotel.ee\/fi\/itsenaisyyspaivan-juhlava-illallinen-metropol-hotellissa-6-12-2025\/","og_site_name":"Metropol Hotel","article_publisher":"https:\/\/www.facebook.com\/MetropolSpaHotel\/","article_modified_time":"2025-11-26T09:42:03+00:00","og_image":[{"width":2200,"height":1200,"url":"https:\/\/www.metropolhotel.ee\/wp-content\/uploads\/sites\/160\/2023\/08\/metropole_spa_hotel_slide_02.jpg","type":"image\/jpeg"}],"twitter_card":"summary_large_image","twitter_misc":{"Arvioitu lukuaika":"1 minuutti"},"schema":{"@context":"https:\/\/schema.org","@graph":[{"@type":"WebPage","@id":"https:\/\/www.metropolhotel.ee\/fi\/itsenaisyyspaivan-juhlava-illallinen-metropol-hotellissa-6-12-2025\/","url":"https:\/\/www.metropolhotel.ee\/fi\/itsenaisyyspaivan-juhlava-illallinen-metropol-hotellissa-6-12-2025\/","name":"Itsen\u00e4isyysp\u00e4iv\u00e4n juhlava illallinen Metropol-hotellissa 6.12.2025 - Metropol Hotel","isPartOf":{"@id":"https:\/\/www.metropolhotel.ee\/fi\/#website"},"datePublished":"2025-11-24T11:48:03+00:00","dateModified":"2025-11-26T09:42:03+00:00","description":"Metropol Hotel tarjoaa 6.12. klo 18:00\u201321:00 juhlavasti katetun buffet-illallisen, jonka aikana voit seurata suorana l\u00e4hetyst\u00e4 Linnan juhlista. Noonbox-ravintola on pukeutunut itsen\u00e4isyysp\u00e4iv\u00e4n arvokkaaseen juhla-asuun ja toivottaa vieraat l\u00e4mpim\u00e4sti tervetulleiksi viett\u00e4m\u00e4\u00e4n iltaa hyv\u00e4ss\u00e4 seurassa. Ja samalla \u2014 joulun taikaa Tallinnassa! Vanhakaupunki hurmaa 21.11.\u201327.12.2025 h\u00f6yry\u00e4vill\u00e4 herkuilla, kauniilla k\u00e4sit\u00f6ill\u00e4 ja satumaisella joulutorilla, joka t\u00e4ytt\u00e4\u00e4 kaupungin aidolla joulun tunnelmalla. Lis\u00e4\u00e4 syy viett\u00e4\u00e4 viikonloppu Tallinnassa!","inLanguage":"fi","potentialAction":[{"@type":"ReadAction","target":["https:\/\/www.metropolhotel.ee\/fi\/itsenaisyyspaivan-juhlava-illallinen-metropol-hotellissa-6-12-2025\/"]}]},{"@type":"WebSite","@id":"https:\/\/www.metropolhotel.ee\/fi\/#website","url":"https:\/\/www.metropolhotel.ee\/fi\/","name":"Metropol Hotel","description":"Metropol Hotels pakub unikaalset hotellielamust Tallinna uues linnas\u00fcdames. Ideaalne valik \u00e4ri-, konverentsi- v\u00f5i puhkusereisiks!","publisher":{"@id":"https:\/\/www.metropolhotel.ee\/fi\/#organization"},"alternateName":"Metropol Hotel","potentialAction":[{"@type":"SearchAction","target":{"@type":"EntryPoint","urlTemplate":"https:\/\/www.metropolhotel.ee\/fi\/?s={search_term_string}"},"query-input":"required name=search_term_string"}],"inLanguage":"fi"},{"@type":"Organization","@id":"https:\/\/www.metropolhotel.ee\/fi\/#organization","name":"Metropol Hotel","alternateName":"Metropol Hotel","url":"https:\/\/www.metropolhotel.ee\/fi\/","logo":{"@type":"ImageObject","inLanguage":"fi","@id":"https:\/\/www.metropolhotel.ee\/fi\/#\/schema\/logo\/image\/","url":"https:\/\/metropol-hotel-new.ms2.decms.eu\/wp-content\/uploads\/sites\/160\/2024\/09\/Metropol_Hotel_hor_.png","contentUrl":"https:\/\/metropol-hotel-new.ms2.decms.eu\/wp-content\/uploads\/sites\/160\/2024\/09\/Metropol_Hotel_hor_.png","width":230,"height":82,"caption":"Metropol Hotel"},"image":{"@id":"https:\/\/www.metropolhotel.ee\/fi\/#\/schema\/logo\/image\/"},"sameAs":["https:\/\/www.facebook.com\/MetropolSpaHotel\/","https:\/\/www.youtube.com\/@metropolhotels4972"]}]}},"acf":[],"_links":{"self":[{"href":"https:\/\/www.metropolhotel.ee\/fi\/wp-json\/wp\/v2\/pages\/1817"}],"collection":[{"href":"https:\/\/www.metropolhotel.ee\/fi\/wp-json\/wp\/v2\/pages"}],"about":[{"href":"https:\/\/www.metropolhotel.ee\/fi\/wp-json\/wp\/v2\/types\/page"}],"author":[{"embeddable":true,"href":"https:\/\/www.metropolhotel.ee\/fi\/wp-json\/wp\/v2\/users\/121"}],"replies":[{"embeddable":true,"href":"https:\/\/www.metropolhotel.ee\/fi\/wp-json\/wp\/v2\/comments?post=1817"}],"version-history":[{"count":0,"href":"https:\/\/www.metropolhotel.ee\/fi\/wp-json\/wp\/v2\/pages\/1817\/revisions"}],"wp:attachment":[{"href":"https:\/\/www.metropolhotel.ee\/fi\/wp-json\/wp\/v2\/media?parent=1817"}],"curies":[{"name":"wp","href":"https:\/\/api.w.org\/{rel}","templated":true}]}}