{"id":1830,"date":"2026-02-26T08:02:41","date_gmt":"2026-02-26T08:02:41","guid":{"rendered":"https:\/\/www.metropolhotel.ee\/?page_id=1830"},"modified":"2026-02-27T09:36:36","modified_gmt":"2026-02-27T09:36:36","slug":"hotellivieraille","status":"publish","type":"page","link":"https:\/\/www.metropolhotel.ee\/fi\/hotellivieraille\/","title":{"rendered":"Hotellivieraille"},"content":{"rendered":"<p>Here you will find essential hotel information, services and practical recommendations to make your stay at Metropol Hotel as comfortable as possible.<\/p>\n<h2>Stay Information<\/h2>\n<ul>\n<li><strong>Check-out:<\/strong> until 12:00<\/li>\n<li><strong>Check-in:<\/strong> from 15:00<\/li>\n<li><strong>Free WiFi:<\/strong> available throughout the hotel<\/li>\n<li><strong>Quiet hours:<\/strong> 23:00\u201307:00<br \/>\nPlease inform the reception as soon as possible if you notice any violations of the hotel rules.<\/li>\n<li><strong>Reception:<\/strong> open 24 hours a day (24\/7)<\/li>\n<li><strong>Pets:<\/strong> not allowed<\/li>\n<\/ul>\n<h2>Gym<\/h2>\n<ul>\n<li>The gym is open <strong>daily from 07:00 to 21:00<\/strong><\/li>\n<li>Location: <strong>Metropol Hotel<\/strong>, 2nd floor<\/li>\n<li>For <strong>Metropol Hotel<\/strong> guests: 10 \u20ac per visit.<\/li>\n<\/ul>\n<h2>Parking<\/h2>\n<ul>\n<li>Parking is available in the <strong>outdoor parking area<\/strong> for 20 \u20ac per day<\/li>\n<li>If you wish to park, please reserve a parking space in advance by contacting the hotel sales department at <a href=\"mailto:booking@metropol.ee\">booking@metropol.ee<\/a><\/li>\n<\/ul>\n<h2>Contact for Hotel Guests<\/h2>\n<ul>\n<li><strong>Phone:<\/strong> +372 667 4500<\/li>\n<li><strong>Email:<\/strong> <a href=\"mailto:booking@metropol.ee\">booking@metropol.ee<\/a><\/li>\n<\/ul>\n<p>Below you will find additional information about spa services, self-service options, dining venues and other services that will help make your stay as pleasant as possible.<\/p>\n","protected":false},"excerpt":{"rendered":"<p>Here you will find essential hotel information, services and practical recommendations to make your stay at Metropol Hotel as comfortable as possible. Stay Information Check-out: until 12:00 Check-in: from 15:00 Free WiFi: available throughout the hotel Quiet hours: 23:00\u201307:00 Please inform the reception as soon as possible if you notice any violations of the hotel [&hellip;]<\/p>\n","protected":false},"author":121,"featured_media":0,"parent":0,"menu_order":0,"comment_status":"closed","ping_status":"closed","template":"template-services.php","meta":{"footnotes":""},"yoast_head":"<!-- This site is optimized with the Yoast SEO plugin v22.3 - https:\/\/yoast.com\/wordpress\/plugins\/seo\/ -->\n<title>Hotellivieraille - Metropol Hotel<\/title>\n<meta name=\"description\" content=\"Here you will find essential hotel information, services and practical recommendations to make your stay at Metropol Hotel as comfortable as possible. Stay Information   Check-out: until 12:00  Check-in: from 15:00  Free WiFi: available throughout the hotel  Quiet hours: 23:00\u201307:00 Please inform the reception as soon as possible if you notice any violations of the hotel rules.  Reception: open 24 hours a day (24\/7)  Pets: not allowed  Gym   The gym is open daily from 07:00 to 21:00  Location: Metropol Hotel, 2nd floor  For Metropol Hotel guests: 10 \u20ac per visit.  Parking   Parking is available in the outdoor parking area for 20 \u20ac per day  If you wish to park, please reserve a parking space in advance by contacting the hotel sales department at booking@metropol.ee  Contact for Hotel Guests   Phone: +372 667 4500  Email: booking@metropol.ee  Below you will find additional information about spa services, self-service options, dining venues and other services that will help make your stay as pleasant as possible..\" \/>\n<meta name=\"robots\" content=\"index, follow, max-snippet:-1, max-image-preview:large, max-video-preview:-1\" \/>\n<link rel=\"canonical\" href=\"https:\/\/www.metropolhotel.ee\/fi\/hotellivieraille\/\" \/>\n<meta property=\"og:locale\" content=\"fi_FI\" \/>\n<meta property=\"og:type\" content=\"article\" \/>\n<meta property=\"og:title\" content=\"Hotellivieraille - Metropol Hotel\" \/>\n<meta property=\"og:description\" content=\"Here you will find essential hotel information, services and practical recommendations to make your stay at Metropol Hotel as comfortable as possible. Stay Information   Check-out: until 12:00  Check-in: from 15:00  Free WiFi: available throughout the hotel  Quiet hours: 23:00\u201307:00 Please inform the reception as soon as possible if you notice any violations of the hotel rules.  Reception: open 24 hours a day (24\/7)  Pets: not allowed  Gym   The gym is open daily from 07:00 to 21:00  Location: Metropol Hotel, 2nd floor  For Metropol Hotel guests: 10 \u20ac per visit.  Parking   Parking is available in the outdoor parking area for 20 \u20ac per day  If you wish to park, please reserve a parking space in advance by contacting the hotel sales department at booking@metropol.ee  Contact for Hotel Guests   Phone: +372 667 4500  Email: booking@metropol.ee  Below you will find additional information about spa services, self-service options, dining venues and other services that will help make your stay as pleasant as possible..\" \/>\n<meta property=\"og:url\" content=\"https:\/\/www.metropolhotel.ee\/fi\/hotellivieraille\/\" \/>\n<meta property=\"og:site_name\" content=\"Metropol Hotel\" \/>\n<meta property=\"article:publisher\" content=\"https:\/\/www.facebook.com\/MetropolSpaHotel\/\" \/>\n<meta property=\"article:modified_time\" content=\"2026-02-27T09:36:36+00:00\" \/>\n<meta property=\"og:image\" content=\"https:\/\/www.metropolhotel.ee\/wp-content\/uploads\/sites\/160\/2023\/08\/metropole_spa_hotel_slide_02.jpg\" \/>\n\t<meta property=\"og:image:width\" content=\"2200\" \/>\n\t<meta property=\"og:image:height\" content=\"1200\" \/>\n\t<meta property=\"og:image:type\" content=\"image\/jpeg\" \/>\n<meta name=\"twitter:card\" content=\"summary_large_image\" \/>\n<meta name=\"twitter:label1\" content=\"Arvioitu lukuaika\" \/>\n\t<meta name=\"twitter:data1\" content=\"1 minuutti\" \/>\n<script type=\"application\/ld+json\" class=\"yoast-schema-graph\">{\"@context\":\"https:\/\/schema.org\",\"@graph\":[{\"@type\":\"WebPage\",\"@id\":\"https:\/\/www.metropolhotel.ee\/fi\/hotellivieraille\/\",\"url\":\"https:\/\/www.metropolhotel.ee\/fi\/hotellivieraille\/\",\"name\":\"Hotellivieraille - Metropol Hotel\",\"isPartOf\":{\"@id\":\"https:\/\/www.metropolhotel.ee\/fi\/#website\"},\"datePublished\":\"2026-02-26T08:02:41+00:00\",\"dateModified\":\"2026-02-27T09:36:36+00:00\",\"description\":\"Here you will find essential hotel information, services and practical recommendations to make your stay at Metropol Hotel as comfortable as possible. Stay Information \u2022 Check-out: until 12:00 \u2022 Check-in: from 15:00 \u2022 Free WiFi: available throughout the hotel \u2022 Quiet hours: 23:00\u201307:00 Please inform the reception as soon as possible if you notice any violations of the hotel rules. \u2022 Reception: open 24 hours a day (24\/7) \u2022 Pets: not allowed Gym \u2022 The gym is open daily from 07:00 to 21:00 \u2022 Location: Metropol Hotel, 2nd floor \u2022 For Metropol Hotel guests: 10 \u20ac per visit. Parking \u2022 Parking is available in the outdoor parking area for 20 \u20ac per day \u2022 If you wish to park, please reserve a parking space in advance by contacting the hotel sales department at booking@metropol.ee Contact for Hotel Guests \u2022 Phone: +372 667 4500 \u2022 Email: booking@metropol.ee Below you will find additional information about spa services, self-service options, dining venues and other services that will help make your stay as pleasant as possible..\",\"inLanguage\":\"fi\",\"potentialAction\":[{\"@type\":\"ReadAction\",\"target\":[\"https:\/\/www.metropolhotel.ee\/fi\/hotellivieraille\/\"]}]},{\"@type\":\"WebSite\",\"@id\":\"https:\/\/www.metropolhotel.ee\/fi\/#website\",\"url\":\"https:\/\/www.metropolhotel.ee\/fi\/\",\"name\":\"Metropol Hotel\",\"description\":\"Metropol Hotels pakub unikaalset hotellielamust Tallinna uues linnas\u00fcdames. Ideaalne valik \u00e4ri-, konverentsi- v\u00f5i puhkusereisiks!\",\"publisher\":{\"@id\":\"https:\/\/www.metropolhotel.ee\/fi\/#organization\"},\"alternateName\":\"Metropol Hotel\",\"potentialAction\":[{\"@type\":\"SearchAction\",\"target\":{\"@type\":\"EntryPoint\",\"urlTemplate\":\"https:\/\/www.metropolhotel.ee\/fi\/?s={search_term_string}\"},\"query-input\":\"required name=search_term_string\"}],\"inLanguage\":\"fi\"},{\"@type\":\"Organization\",\"@id\":\"https:\/\/www.metropolhotel.ee\/fi\/#organization\",\"name\":\"Metropol Hotel\",\"alternateName\":\"Metropol Hotel\",\"url\":\"https:\/\/www.metropolhotel.ee\/fi\/\",\"logo\":{\"@type\":\"ImageObject\",\"inLanguage\":\"fi\",\"@id\":\"https:\/\/www.metropolhotel.ee\/fi\/#\/schema\/logo\/image\/\",\"url\":\"https:\/\/metropol-hotel-new.ms2.decms.eu\/wp-content\/uploads\/sites\/160\/2024\/09\/Metropol_Hotel_hor_.png\",\"contentUrl\":\"https:\/\/metropol-hotel-new.ms2.decms.eu\/wp-content\/uploads\/sites\/160\/2024\/09\/Metropol_Hotel_hor_.png\",\"width\":230,\"height\":82,\"caption\":\"Metropol Hotel\"},\"image\":{\"@id\":\"https:\/\/www.metropolhotel.ee\/fi\/#\/schema\/logo\/image\/\"},\"sameAs\":[\"https:\/\/www.facebook.com\/MetropolSpaHotel\/\",\"https:\/\/www.youtube.com\/@metropolhotels4972\"]}]}<\/script>\n<!-- \/ Yoast SEO plugin. -->","yoast_head_json":{"title":"Hotellivieraille - Metropol Hotel","description":"Here you will find essential hotel information, services and practical recommendations to make your stay at Metropol Hotel as comfortable as possible. Stay Information   Check-out: until 12:00  Check-in: from 15:00  Free WiFi: available throughout the hotel  Quiet hours: 23:00\u201307:00 Please inform the reception as soon as possible if you notice any violations of the hotel rules.  Reception: open 24 hours a day (24\/7)  Pets: not allowed  Gym   The gym is open daily from 07:00 to 21:00  Location: Metropol Hotel, 2nd floor  For Metropol Hotel guests: 10 \u20ac per visit.  Parking   Parking is available in the outdoor parking area for 20 \u20ac per day  If you wish to park, please reserve a parking space in advance by contacting the hotel sales department at booking@metropol.ee  Contact for Hotel Guests   Phone: +372 667 4500  Email: booking@metropol.ee  Below you will find additional information about spa services, self-service options, dining venues and other services that will help make your stay as pleasant as possible..","robots":{"index":"index","follow":"follow","max-snippet":"max-snippet:-1","max-image-preview":"max-image-preview:large","max-video-preview":"max-video-preview:-1"},"canonical":"https:\/\/www.metropolhotel.ee\/fi\/hotellivieraille\/","og_locale":"fi_FI","og_type":"article","og_title":"Hotellivieraille - Metropol Hotel","og_description":"Here you will find essential hotel information, services and practical recommendations to make your stay at Metropol Hotel as comfortable as possible. Stay Information   Check-out: until 12:00  Check-in: from 15:00  Free WiFi: available throughout the hotel  Quiet hours: 23:00\u201307:00 Please inform the reception as soon as possible if you notice any violations of the hotel rules.  Reception: open 24 hours a day (24\/7)  Pets: not allowed  Gym   The gym is open daily from 07:00 to 21:00  Location: Metropol Hotel, 2nd floor  For Metropol Hotel guests: 10 \u20ac per visit.  Parking   Parking is available in the outdoor parking area for 20 \u20ac per day  If you wish to park, please reserve a parking space in advance by contacting the hotel sales department at booking@metropol.ee  Contact for Hotel Guests   Phone: +372 667 4500  Email: booking@metropol.ee  Below you will find additional information about spa services, self-service options, dining venues and other services that will help make your stay as pleasant as possible..","og_url":"https:\/\/www.metropolhotel.ee\/fi\/hotellivieraille\/","og_site_name":"Metropol Hotel","article_publisher":"https:\/\/www.facebook.com\/MetropolSpaHotel\/","article_modified_time":"2026-02-27T09:36:36+00:00","og_image":[{"width":2200,"height":1200,"url":"https:\/\/www.metropolhotel.ee\/wp-content\/uploads\/sites\/160\/2023\/08\/metropole_spa_hotel_slide_02.jpg","type":"image\/jpeg"}],"twitter_card":"summary_large_image","twitter_misc":{"Arvioitu lukuaika":"1 minuutti"},"schema":{"@context":"https:\/\/schema.org","@graph":[{"@type":"WebPage","@id":"https:\/\/www.metropolhotel.ee\/fi\/hotellivieraille\/","url":"https:\/\/www.metropolhotel.ee\/fi\/hotellivieraille\/","name":"Hotellivieraille - Metropol Hotel","isPartOf":{"@id":"https:\/\/www.metropolhotel.ee\/fi\/#website"},"datePublished":"2026-02-26T08:02:41+00:00","dateModified":"2026-02-27T09:36:36+00:00","description":"Here you will find essential hotel information, services and practical recommendations to make your stay at Metropol Hotel as comfortable as possible. Stay Information \u2022 Check-out: until 12:00 \u2022 Check-in: from 15:00 \u2022 Free WiFi: available throughout the hotel \u2022 Quiet hours: 23:00\u201307:00 Please inform the reception as soon as possible if you notice any violations of the hotel rules. \u2022 Reception: open 24 hours a day (24\/7) \u2022 Pets: not allowed Gym \u2022 The gym is open daily from 07:00 to 21:00 \u2022 Location: Metropol Hotel, 2nd floor \u2022 For Metropol Hotel guests: 10 \u20ac per visit. Parking \u2022 Parking is available in the outdoor parking area for 20 \u20ac per day \u2022 If you wish to park, please reserve a parking space in advance by contacting the hotel sales department at booking@metropol.ee Contact for Hotel Guests \u2022 Phone: +372 667 4500 \u2022 Email: booking@metropol.ee Below you will find additional information about spa services, self-service options, dining venues and other services that will help make your stay as pleasant as possible..","inLanguage":"fi","potentialAction":[{"@type":"ReadAction","target":["https:\/\/www.metropolhotel.ee\/fi\/hotellivieraille\/"]}]},{"@type":"WebSite","@id":"https:\/\/www.metropolhotel.ee\/fi\/#website","url":"https:\/\/www.metropolhotel.ee\/fi\/","name":"Metropol Hotel","description":"Metropol Hotels pakub unikaalset hotellielamust Tallinna uues linnas\u00fcdames. Ideaalne valik \u00e4ri-, konverentsi- v\u00f5i puhkusereisiks!","publisher":{"@id":"https:\/\/www.metropolhotel.ee\/fi\/#organization"},"alternateName":"Metropol Hotel","potentialAction":[{"@type":"SearchAction","target":{"@type":"EntryPoint","urlTemplate":"https:\/\/www.metropolhotel.ee\/fi\/?s={search_term_string}"},"query-input":"required name=search_term_string"}],"inLanguage":"fi"},{"@type":"Organization","@id":"https:\/\/www.metropolhotel.ee\/fi\/#organization","name":"Metropol Hotel","alternateName":"Metropol Hotel","url":"https:\/\/www.metropolhotel.ee\/fi\/","logo":{"@type":"ImageObject","inLanguage":"fi","@id":"https:\/\/www.metropolhotel.ee\/fi\/#\/schema\/logo\/image\/","url":"https:\/\/metropol-hotel-new.ms2.decms.eu\/wp-content\/uploads\/sites\/160\/2024\/09\/Metropol_Hotel_hor_.png","contentUrl":"https:\/\/metropol-hotel-new.ms2.decms.eu\/wp-content\/uploads\/sites\/160\/2024\/09\/Metropol_Hotel_hor_.png","width":230,"height":82,"caption":"Metropol Hotel"},"image":{"@id":"https:\/\/www.metropolhotel.ee\/fi\/#\/schema\/logo\/image\/"},"sameAs":["https:\/\/www.facebook.com\/MetropolSpaHotel\/","https:\/\/www.youtube.com\/@metropolhotels4972"]}]}},"acf":[],"_links":{"self":[{"href":"https:\/\/www.metropolhotel.ee\/fi\/wp-json\/wp\/v2\/pages\/1830"}],"collection":[{"href":"https:\/\/www.metropolhotel.ee\/fi\/wp-json\/wp\/v2\/pages"}],"about":[{"href":"https:\/\/www.metropolhotel.ee\/fi\/wp-json\/wp\/v2\/types\/page"}],"author":[{"embeddable":true,"href":"https:\/\/www.metropolhotel.ee\/fi\/wp-json\/wp\/v2\/users\/121"}],"replies":[{"embeddable":true,"href":"https:\/\/www.metropolhotel.ee\/fi\/wp-json\/wp\/v2\/comments?post=1830"}],"version-history":[{"count":0,"href":"https:\/\/www.metropolhotel.ee\/fi\/wp-json\/wp\/v2\/pages\/1830\/revisions"}],"wp:attachment":[{"href":"https:\/\/www.metropolhotel.ee\/fi\/wp-json\/wp\/v2\/media?parent=1830"}],"curies":[{"name":"wp","href":"https:\/\/api.w.org\/{rel}","templated":true}]}}